{"id":300357,"date":"2022-12-16T02:12:49","date_gmt":"2022-12-16T01:12:49","guid":{"rendered":"http:\/\/dev.claret.cat\/llibre\/emma-9788415089629\/"},"modified":"2025-03-17T10:12:33","modified_gmt":"2025-03-17T09:12:33","slug":"emma-9788415089629","status":"publish","type":"product","link":"https:\/\/www.claret.cat\/es\/libro\/emma-9788415089629\/","title":{"rendered":"EMMA"},"content":{"rendered":"<p>Esta novela de Jane Austen trata de las peripecias de Emma, una joven en el umbral de la vida p\u00fablica que pretende manejar la vida de cuantos le rodean, ampar\u00e1ndose en su s\u00f3lida base econ\u00f3mica y haciendo de casamentera, inmune a la llamada del amor, hasta que cae en los lazos del \u00fanico personaje que la critica por su arrogancia y despotismo.<\/p>\n","protected":false},"excerpt":{"rendered":"<p>JANE AUSTEN<\/p>\n","protected":false},"featured_media":1011784,"template":"","meta":{"_acf_changed":false,"om_disable_all_campaigns":false,"rs_blank_template":"","rs_page_bg_color":"","slide_template_v7":"","inline_featured_image":false,"_monsterinsights_skip_tracking":false,"_monsterinsights_sitenote_active":false,"_monsterinsights_sitenote_note":"","_monsterinsights_sitenote_category":0},"product_brand":[],"product_cat":[87,353],"product_tag":[],"class_list":{"0":"post-300357","1":"product","2":"type-product","3":"status-publish","4":"has-post-thumbnail","6":"product_cat-literatura","7":"product_cat-literatura-2_humanidades","9":"first","10":"outofstock","11":"taxable","12":"shipping-taxable","13":"purchasable","14":"product-type-simple"},"acf":{"autor":"JANE AUSTEN","codart":"841508962","libros-coleccion":"","ediciones":"1","encuadernacion":"R\u00fastica","fecha_de_publicacion":"10\/02\/2016","novedad":"0","paginas":"382","subtitulo":"","orden":"999","portada":"0","idioma":"spa","editorial":[{"ID":148685,"post_author":"3","post_date":"2022-10-14 12:00:11","post_date_gmt":"2022-10-14 10:00:11","post_content":"","post_title":"PLUT\u00d3N EDICIONES","post_excerpt":"","post_status":"publish","comment_status":"closed","ping_status":"closed","post_password":"","post_name":"pluton-ediciones","to_ping":"","pinged":"","post_modified":"2022-10-14 12:00:11","post_modified_gmt":"2022-10-14 10:00:11","post_content_filtered":"","post_parent":0,"guid":"http:\/\/dev.claret.cat\/editorial\/pluton-ediciones\/","menu_order":0,"post_type":"editorial","post_mime_type":"","comment_count":"0","filter":"raw"}],"autores-libros":[{"ID":158487,"post_author":"3","post_date":"2022-10-14 15:37:14","post_date_gmt":"2022-10-14 13:37:14","post_content":"","post_title":"JANE AUSTEN","post_excerpt":"","post_status":"publish","comment_status":"closed","ping_status":"closed","post_password":"","post_name":"jane-austen-2","to_ping":"","pinged":"","post_modified":"2022-10-14 15:37:14","post_modified_gmt":"2022-10-14 13:37:14","post_content_filtered":"","post_parent":0,"guid":"http:\/\/dev.claret.cat\/autor\/jane-austen-2\/","menu_order":0,"post_type":"autor","post_mime_type":"","comment_count":"0","filter":"raw"}]},"aioseo_notices":[],"_links":{"self":[{"href":"https:\/\/www.claret.cat\/es\/wp-json\/wp\/v2\/product\/300357","targetHints":{"allow":["GET"]}}],"collection":[{"href":"https:\/\/www.claret.cat\/es\/wp-json\/wp\/v2\/product"}],"about":[{"href":"https:\/\/www.claret.cat\/es\/wp-json\/wp\/v2\/types\/product"}],"wp:featuredmedia":[{"embeddable":true,"href":"https:\/\/www.claret.cat\/es\/wp-json\/wp\/v2\/media\/1011784"}],"wp:attachment":[{"href":"https:\/\/www.claret.cat\/es\/wp-json\/wp\/v2\/media?parent=300357"}],"wp:term":[{"taxonomy":"product_brand","embeddable":true,"href":"https:\/\/www.claret.cat\/es\/wp-json\/wp\/v2\/product_brand?post=300357"},{"taxonomy":"product_cat","embeddable":true,"href":"https:\/\/www.claret.cat\/es\/wp-json\/wp\/v2\/product_cat?post=300357"},{"taxonomy":"product_tag","embeddable":true,"href":"https:\/\/www.claret.cat\/es\/wp-json\/wp\/v2\/product_tag?post=300357"}],"curies":[{"name":"wp","href":"https:\/\/api.w.org\/{rel}","templated":true}]}}