{"id":300405,"date":"2022-12-16T02:14:47","date_gmt":"2022-12-16T01:14:47","guid":{"rendered":"http:\/\/dev.claret.cat\/llibre\/la-felicidad-de-los-dias-tristes-9788415097938\/"},"modified":"2023-01-28T03:10:10","modified_gmt":"2023-01-28T02:10:10","slug":"la-felicidad-de-los-dias-tristes-9788415097938","status":"publish","type":"product","link":"https:\/\/www.claret.cat\/es\/libro\/la-felicidad-de-los-dias-tristes-9788415097938\/","title":{"rendered":"LA FELICIDAD DE LOS D\u00cdAS TRISTES"},"content":{"rendered":"<p>Cuenta Jorge Bucay que detr\u00e1s del enojo de muchas personas a menudo se encuentra una tristeza profunda. Una aflicci\u00f3n disfrazada de rabia e incapaz de aflorar, que nos confunde y nos hace sentir furiosos. Pero si nos tomamos el tiempo suficiente, podremos darnos cuenta de que las emociones no son siempre como parecen y que quiz\u00e1s, cuando creemos estar enfadados, lo que ocultamos es precisamente la pena. En esta f\u00e1bula, llena de realidad y ternura, Jorge Bucay nos explica la historia de la abuela de Luc\u00eda, una mujer con un car\u00e1cter agrio y el coraz\u00f3n endurecido que, desde hace a\u00f1os, transforma el dolor por una p\u00e9rdida en una irritaci\u00f3n permanente. Jorge Bucay nos ofrece, una vez m\u00e1s, una lecci\u00f3n vital imprescindible y nos propone una pauta clara. Descubrir nuestros verdaderos sentimientos es la clave para ser m\u00e1s felices.<\/p>\n","protected":false},"excerpt":{"rendered":"<p>BUCAY, JORGE<\/p>\n","protected":false},"featured_media":300406,"template":"","meta":{"_acf_changed":false,"om_disable_all_campaigns":false,"rs_blank_template":"","rs_page_bg_color":"","slide_template_v7":"","inline_featured_image":false,"_monsterinsights_skip_tracking":false,"_monsterinsights_sitenote_active":false,"_monsterinsights_sitenote_note":"","_monsterinsights_sitenote_category":0},"product_brand":[],"product_cat":[90,540],"product_tag":[],"class_list":{"0":"post-300405","1":"product","2":"type-product","3":"status-publish","4":"has-post-thumbnail","6":"product_cat-altres","7":"product_cat-otros","9":"first","10":"instock","11":"taxable","12":"shipping-taxable","13":"purchasable","14":"product-type-simple"},"acf":{"autor":"BUCAY, JORGE","codart":"841509793","libros-coleccion":"","ediciones":"1","encuadernacion":"R\u00fastica","fecha_de_publicacion":"01\/10\/2013","novedad":"0","paginas":"95","subtitulo":"DESCUBRIR TUS VERDADEROS SENTIMIENTOS ES LA CLAVE PARA SER M\u00c9S FELIZ","orden":"999","portada":"0","idioma":"spa","editorial":[{"ID":147646,"post_author":"3","post_date":"2022-10-14 11:52:10","post_date_gmt":"2022-10-14 09:52:10","post_content":"","post_title":"COMANEGRA","post_excerpt":"","post_status":"publish","comment_status":"closed","ping_status":"closed","post_password":"","post_name":"comanegra","to_ping":"","pinged":"","post_modified":"2022-10-14 11:52:10","post_modified_gmt":"2022-10-14 09:52:10","post_content_filtered":"","post_parent":0,"guid":"http:\/\/dev.claret.cat\/editorial\/comanegra\/","menu_order":0,"post_type":"editorial","post_mime_type":"","comment_count":"0","filter":"raw"}],"autores-libros":[{"ID":160056,"post_author":"3","post_date":"2022-10-14 15:49:56","post_date_gmt":"2022-10-14 13:49:56","post_content":"","post_title":"JORGE BUCAY","post_excerpt":"","post_status":"publish","comment_status":"closed","ping_status":"closed","post_password":"","post_name":"jorge-bucay","to_ping":"","pinged":"","post_modified":"2022-10-14 15:49:56","post_modified_gmt":"2022-10-14 13:49:56","post_content_filtered":"","post_parent":0,"guid":"http:\/\/dev.claret.cat\/autor\/jorge-bucay\/","menu_order":0,"post_type":"autor","post_mime_type":"","comment_count":"0","filter":"raw"}]},"aioseo_notices":[],"_links":{"self":[{"href":"https:\/\/www.claret.cat\/es\/wp-json\/wp\/v2\/product\/300405","targetHints":{"allow":["GET"]}}],"collection":[{"href":"https:\/\/www.claret.cat\/es\/wp-json\/wp\/v2\/product"}],"about":[{"href":"https:\/\/www.claret.cat\/es\/wp-json\/wp\/v2\/types\/product"}],"wp:featuredmedia":[{"embeddable":true,"href":"https:\/\/www.claret.cat\/es\/wp-json\/wp\/v2\/media\/300406"}],"wp:attachment":[{"href":"https:\/\/www.claret.cat\/es\/wp-json\/wp\/v2\/media?parent=300405"}],"wp:term":[{"taxonomy":"product_brand","embeddable":true,"href":"https:\/\/www.claret.cat\/es\/wp-json\/wp\/v2\/product_brand?post=300405"},{"taxonomy":"product_cat","embeddable":true,"href":"https:\/\/www.claret.cat\/es\/wp-json\/wp\/v2\/product_cat?post=300405"},{"taxonomy":"product_tag","embeddable":true,"href":"https:\/\/www.claret.cat\/es\/wp-json\/wp\/v2\/product_tag?post=300405"}],"curies":[{"name":"wp","href":"https:\/\/api.w.org\/{rel}","templated":true}]}}