{"id":300408,"date":"2022-12-16T02:14:55","date_gmt":"2022-12-16T01:14:55","guid":{"rendered":"http:\/\/dev.claret.cat\/llibre\/la-felicitat-dels-dies-tristos-cat-9788415097945\/"},"modified":"2023-01-28T23:47:08","modified_gmt":"2023-01-28T22:47:08","slug":"la-felicitat-dels-dies-tristos-cat-9788415097945","status":"publish","type":"product","link":"https:\/\/www.claret.cat\/es\/libro\/la-felicitat-dels-dies-tristos-cat-9788415097945\/","title":{"rendered":"LA FELICITAT DELS DIES TRISTOS (CAT)"},"content":{"rendered":"<p>Explica Jorge Bucay que darrere la irritaci\u00f3 de moltes persones sovint hi trobem una tristesa profunda. Una aflicci\u00f3 disfressada de r\u00e0bia i incapa\u00e7 d&#8221;aflorar, que ens confon i ens fa sentir furiosos. Per\u00f2 si ens prenem el temps suficient, podrem adonar-nos que les emocions no s\u00f3n sempre com semblen i que potser, quan creiem estar enfadats, el que amaguem \u00e9s precisament la pena. En aquesta faula, plena de realitat i tendresa, Jorge Bucay ens relata la hist\u00f2ria de l&#8221;\u00e0via de la Marina, una dona amb un car\u00e0cter agre i el cor endurit que, des de fa anys, transforma el dolor per una p\u00e8rdua en un enuig permanent. Jorge Bucay ens ofereix, una vegada m\u00e9s, una lli\u00e7\u00f3 vital imprescindible i ens proposa una pauta clara. Descobrir els nostres sentiments veritables \u00e9s la clau per a ser m\u00e9s feli\u00e7os.<\/p>\n","protected":false},"excerpt":{"rendered":"<p>BUCAY, JORGE<\/p>\n","protected":false},"featured_media":300409,"template":"","meta":{"_acf_changed":false,"om_disable_all_campaigns":false,"rs_blank_template":"","rs_page_bg_color":"","slide_template_v7":"","inline_featured_image":false,"_monsterinsights_skip_tracking":false,"_monsterinsights_sitenote_active":false,"_monsterinsights_sitenote_note":"","_monsterinsights_sitenote_category":0},"product_brand":[],"product_cat":[90,540],"product_tag":[],"class_list":{"0":"post-300408","1":"product","2":"type-product","3":"status-publish","4":"has-post-thumbnail","6":"product_cat-altres","7":"product_cat-otros","9":"first","10":"instock","11":"taxable","12":"shipping-taxable","13":"purchasable","14":"product-type-simple"},"acf":{"autor":"BUCAY, JORGE","codart":"841509794","libros-coleccion":"","ediciones":"1","encuadernacion":"R\u00fastica","fecha_de_publicacion":"01\/10\/2013","novedad":"0","paginas":"95","subtitulo":"DESCOBRIR ELS TEUS VERITABLES SENTIMENTS \u00c9S LA CLAU PER A SER M\u00c9S FELI\u00c7","orden":"999","portada":"0","idioma":"cat","editorial":[{"ID":147646,"post_author":"3","post_date":"2022-10-14 11:52:10","post_date_gmt":"2022-10-14 09:52:10","post_content":"","post_title":"COMANEGRA","post_excerpt":"","post_status":"publish","comment_status":"closed","ping_status":"closed","post_password":"","post_name":"comanegra","to_ping":"","pinged":"","post_modified":"2022-10-14 11:52:10","post_modified_gmt":"2022-10-14 09:52:10","post_content_filtered":"","post_parent":0,"guid":"http:\/\/dev.claret.cat\/editorial\/comanegra\/","menu_order":0,"post_type":"editorial","post_mime_type":"","comment_count":"0","filter":"raw"}],"autores-libros":[{"ID":160056,"post_author":"3","post_date":"2022-10-14 15:49:56","post_date_gmt":"2022-10-14 13:49:56","post_content":"","post_title":"JORGE BUCAY","post_excerpt":"","post_status":"publish","comment_status":"closed","ping_status":"closed","post_password":"","post_name":"jorge-bucay","to_ping":"","pinged":"","post_modified":"2022-10-14 15:49:56","post_modified_gmt":"2022-10-14 13:49:56","post_content_filtered":"","post_parent":0,"guid":"http:\/\/dev.claret.cat\/autor\/jorge-bucay\/","menu_order":0,"post_type":"autor","post_mime_type":"","comment_count":"0","filter":"raw"}]},"aioseo_notices":[],"_links":{"self":[{"href":"https:\/\/www.claret.cat\/es\/wp-json\/wp\/v2\/product\/300408","targetHints":{"allow":["GET"]}}],"collection":[{"href":"https:\/\/www.claret.cat\/es\/wp-json\/wp\/v2\/product"}],"about":[{"href":"https:\/\/www.claret.cat\/es\/wp-json\/wp\/v2\/types\/product"}],"wp:featuredmedia":[{"embeddable":true,"href":"https:\/\/www.claret.cat\/es\/wp-json\/wp\/v2\/media\/300409"}],"wp:attachment":[{"href":"https:\/\/www.claret.cat\/es\/wp-json\/wp\/v2\/media?parent=300408"}],"wp:term":[{"taxonomy":"product_brand","embeddable":true,"href":"https:\/\/www.claret.cat\/es\/wp-json\/wp\/v2\/product_brand?post=300408"},{"taxonomy":"product_cat","embeddable":true,"href":"https:\/\/www.claret.cat\/es\/wp-json\/wp\/v2\/product_cat?post=300408"},{"taxonomy":"product_tag","embeddable":true,"href":"https:\/\/www.claret.cat\/es\/wp-json\/wp\/v2\/product_tag?post=300408"}],"curies":[{"name":"wp","href":"https:\/\/api.w.org\/{rel}","templated":true}]}}