{"id":300487,"date":"2022-12-16T02:17:53","date_gmt":"2022-12-16T01:17:53","guid":{"rendered":"http:\/\/dev.claret.cat\/llibre\/todos-los-ninos-pueden-ser-einstein-9788415139881\/"},"modified":"2023-01-28T13:21:09","modified_gmt":"2023-01-28T12:21:09","slug":"todos-los-ninos-pueden-ser-einstein-9788415139881","status":"publish","type":"product","link":"https:\/\/www.claret.cat\/es\/libro\/todos-los-ninos-pueden-ser-einstein-9788415139881\/","title":{"rendered":"TODOS LOS NI\u00d1OS PUEDEN SER EINSTEIN"},"content":{"rendered":"<p>Albert Einstein no aprendi\u00f3 a leer hasta los siete a\u00f1os, su maestra lo calific\u00f3 como \u00abmortalmente lerdo\u00bb. Le cost\u00f3 sangre, sudor y l\u00e1grimas acceder a la Escuela Polit\u00e9cnica&#8230; despu\u00e9s de conseguirlo y finalizar su carrera, su tesis doctoral no caus\u00f3 la m\u00e1s m\u00ednima impresi\u00f3n al tribunal que la juzg\u00f3, de hecho la consideraron \u00abbastante mediocre\u00bb. A pesar de ello Einstein acab\u00f3 convirti\u00e9ndose en uno de los cient\u00edficos m\u00e1s geniales del mundo, y no fue el \u00fanico: Thomas Alva Edison, Michael Jordan, Graham Bell, Stanley Kubrick, Federico Garc\u00eda Lorca&#8230; la lista de genios que fueron malos estudiantes es muy larga. Con Todos los ni\u00f1os pueden ser Einstein cualquier padre puede encontrar, de una forma eminentemente pr\u00e1ctica, las claves que llevan a nuestros hijos al triunfo de su capacidad. A la motivaci\u00f3n adecuada que pueda hacer de cada hijo, aprovechando su cerebro y cualidades, un ser irrepetible y genial que ayude a progresar la sociedad en que vive, siendo feliz y haciendo felices a muchos. Si su hijo ha de pensar adecuadamente, necesita que le ense\u00f1en a pensar. Si ha de resolver problemas, necesidad adquirir la habilidad de resolverlos. Si ha de utilizar su cerebro de modo creativo, necesita practicar la creatividad intelectual. Y para todo ello, precisa la suficiente motivaci\u00f3n y confianza en s\u00ed mismo.<\/p>\n","protected":false},"excerpt":{"rendered":"<p>ALBERCA, FERNANDO<\/p>\n","protected":false},"featured_media":300488,"template":"","meta":{"_acf_changed":false,"om_disable_all_campaigns":false,"rs_blank_template":"","rs_page_bg_color":"","slide_template_v7":"","inline_featured_image":false,"_monsterinsights_skip_tracking":false,"_monsterinsights_sitenote_active":false,"_monsterinsights_sitenote_note":"","_monsterinsights_sitenote_category":0},"product_brand":[],"product_cat":[90,540],"product_tag":[],"class_list":{"0":"post-300487","1":"product","2":"type-product","3":"status-publish","4":"has-post-thumbnail","6":"product_cat-altres","7":"product_cat-otros","9":"first","10":"instock","11":"taxable","12":"shipping-taxable","13":"purchasable","14":"product-type-simple"},"acf":{"autor":"ALBERCA, FERNANDO","codart":"841513988","libros-coleccion":"","ediciones":"1","encuadernacion":"R\u00fastica","fecha_de_publicacion":"01\/05\/2013","novedad":"0","paginas":"256","subtitulo":"UN M\u00c9TODO EFICAZ PARA MOTIVAR LA INTELIGENCIA","orden":"999","portada":"0","idioma":"spa","editorial":[{"ID":147561,"post_author":"3","post_date":"2022-10-14 11:51:31","post_date_gmt":"2022-10-14 09:51:31","post_content":"","post_title":"BOOKS4POCKET","post_excerpt":"","post_status":"publish","comment_status":"closed","ping_status":"closed","post_password":"","post_name":"books4pocket","to_ping":"","pinged":"","post_modified":"2022-10-14 11:51:31","post_modified_gmt":"2022-10-14 09:51:31","post_content_filtered":"","post_parent":0,"guid":"http:\/\/dev.claret.cat\/editorial\/books4pocket\/","menu_order":0,"post_type":"editorial","post_mime_type":"","comment_count":"0","filter":"raw"}],"autores-libros":[{"ID":155777,"post_author":"3","post_date":"2022-10-14 15:15:32","post_date_gmt":"2022-10-14 13:15:32","post_content":"","post_title":"FERNANDO ALBERCA","post_excerpt":"","post_status":"publish","comment_status":"closed","ping_status":"closed","post_password":"","post_name":"fernando-alberca","to_ping":"","pinged":"","post_modified":"2022-10-14 15:15:32","post_modified_gmt":"2022-10-14 13:15:32","post_content_filtered":"","post_parent":0,"guid":"http:\/\/dev.claret.cat\/autor\/fernando-alberca\/","menu_order":0,"post_type":"autor","post_mime_type":"","comment_count":"0","filter":"raw"}]},"aioseo_notices":[],"_links":{"self":[{"href":"https:\/\/www.claret.cat\/es\/wp-json\/wp\/v2\/product\/300487","targetHints":{"allow":["GET"]}}],"collection":[{"href":"https:\/\/www.claret.cat\/es\/wp-json\/wp\/v2\/product"}],"about":[{"href":"https:\/\/www.claret.cat\/es\/wp-json\/wp\/v2\/types\/product"}],"wp:featuredmedia":[{"embeddable":true,"href":"https:\/\/www.claret.cat\/es\/wp-json\/wp\/v2\/media\/300488"}],"wp:attachment":[{"href":"https:\/\/www.claret.cat\/es\/wp-json\/wp\/v2\/media?parent=300487"}],"wp:term":[{"taxonomy":"product_brand","embeddable":true,"href":"https:\/\/www.claret.cat\/es\/wp-json\/wp\/v2\/product_brand?post=300487"},{"taxonomy":"product_cat","embeddable":true,"href":"https:\/\/www.claret.cat\/es\/wp-json\/wp\/v2\/product_cat?post=300487"},{"taxonomy":"product_tag","embeddable":true,"href":"https:\/\/www.claret.cat\/es\/wp-json\/wp\/v2\/product_tag?post=300487"}],"curies":[{"name":"wp","href":"https:\/\/api.w.org\/{rel}","templated":true}]}}