{"id":300564,"date":"2022-12-16T02:20:48","date_gmt":"2022-12-16T01:20:48","guid":{"rendered":"http:\/\/dev.claret.cat\/llibre\/tirant-lo-blanc-episodis-amorosos-9788415192855\/"},"modified":"2024-01-31T22:30:07","modified_gmt":"2024-01-31T21:30:07","slug":"tirant-lo-blanc-episodis-amorosos-9788415192855","status":"publish","type":"product","link":"https:\/\/www.claret.cat\/es\/libro\/tirant-lo-blanc-episodis-amorosos-9788415192855\/","title":{"rendered":"TIRANT LO BLANC. EPISODIS AMOROSOS"},"content":{"rendered":"<p>La hist\u00f2ria d&#8221;amor dels protagonistes d&#8221;el Tirant lo Blanc comen\u00e7a amb una gran mentida, com va apuntar Mart\u00ed de Riquer fa una vintena d&#8221;anys. La diu Diafebus quan parla per primera vegada en privat amb Carmesina i li explica que el seu cos\u00ed i amic Tirant ha viatjat fins a Constantinoble nom\u00e9s per veure-la a ella, perqu\u00e8 se n&#8221;ha enamorat per totes les coses bones que n&#8221;ha sentit dir. A partir d&#8221;aqu\u00ed, el cavaller valenci\u00e0 Joanot Martorell (1405\/11-1465) construeix una trama amb episodis tan brillants i personatges tan propers i entranyables que han convertit el Tirant lo Blanc (1460-1464) en una novel\u00b7la admirada i un cl\u00e0ssic de la literatura universal. Llegir-la esdev\u00e9 un plaer carregat de diversi\u00f3 encara al segle XXI.Aquesta edici\u00f3 recull els cinquanta-tres cap\u00edtols seleccionats pel Departament d&#8221;Ensenyament de la Generalitat de Catalunya com a lectura prescriptiva per al batxillerat.<\/p>\n","protected":false},"excerpt":{"rendered":"<p>MARTORELL, JOANOT<\/p>\n","protected":false},"featured_media":393298,"template":"","meta":{"_acf_changed":false,"om_disable_all_campaigns":false,"rs_blank_template":"","rs_page_bg_color":"","slide_template_v7":"","inline_featured_image":false,"_monsterinsights_skip_tracking":false,"_monsterinsights_sitenote_active":false,"_monsterinsights_sitenote_note":"","_monsterinsights_sitenote_category":0},"product_brand":[],"product_cat":[87,353],"product_tag":[],"class_list":{"0":"post-300564","1":"product","2":"type-product","3":"status-publish","4":"has-post-thumbnail","6":"product_cat-literatura","7":"product_cat-literatura-2_humanidades","9":"first","10":"instock","11":"taxable","12":"shipping-taxable","13":"purchasable","14":"product-type-simple"},"acf":{"autor":"MARTORELL, JOANOT","codart":"841519285","libros-coleccion":"","ediciones":"1","encuadernacion":"R\u00fastica","fecha_de_publicacion":"01\/07\/2013","novedad":"0","paginas":"329","subtitulo":"INCLOU RECURS DIGITAL","orden":"999","portada":"0","idioma":"cat","editorial":[{"ID":148053,"post_author":"3","post_date":"2022-10-14 11:55:16","post_date_gmt":"2022-10-14 09:55:16","post_content":"","post_title":"EDUCAULA","post_excerpt":"","post_status":"publish","comment_status":"closed","ping_status":"closed","post_password":"","post_name":"educaula","to_ping":"","pinged":"","post_modified":"2022-10-14 11:55:16","post_modified_gmt":"2022-10-14 09:55:16","post_content_filtered":"","post_parent":0,"guid":"http:\/\/dev.claret.cat\/editorial\/educaula\/","menu_order":0,"post_type":"editorial","post_mime_type":"","comment_count":"0","filter":"raw"}],"autores-libros":[{"ID":159487,"post_author":"3","post_date":"2022-10-14 15:45:14","post_date_gmt":"2022-10-14 13:45:14","post_content":"","post_title":"JOANOT MARTORELL","post_excerpt":"","post_status":"publish","comment_status":"closed","ping_status":"closed","post_password":"","post_name":"joanot-martorell","to_ping":"","pinged":"","post_modified":"2022-10-14 15:45:14","post_modified_gmt":"2022-10-14 13:45:14","post_content_filtered":"","post_parent":0,"guid":"http:\/\/dev.claret.cat\/autor\/joanot-martorell\/","menu_order":0,"post_type":"autor","post_mime_type":"","comment_count":"0","filter":"raw"}]},"aioseo_notices":[],"_links":{"self":[{"href":"https:\/\/www.claret.cat\/es\/wp-json\/wp\/v2\/product\/300564","targetHints":{"allow":["GET"]}}],"collection":[{"href":"https:\/\/www.claret.cat\/es\/wp-json\/wp\/v2\/product"}],"about":[{"href":"https:\/\/www.claret.cat\/es\/wp-json\/wp\/v2\/types\/product"}],"wp:featuredmedia":[{"embeddable":true,"href":"https:\/\/www.claret.cat\/es\/wp-json\/wp\/v2\/media\/393298"}],"wp:attachment":[{"href":"https:\/\/www.claret.cat\/es\/wp-json\/wp\/v2\/media?parent=300564"}],"wp:term":[{"taxonomy":"product_brand","embeddable":true,"href":"https:\/\/www.claret.cat\/es\/wp-json\/wp\/v2\/product_brand?post=300564"},{"taxonomy":"product_cat","embeddable":true,"href":"https:\/\/www.claret.cat\/es\/wp-json\/wp\/v2\/product_cat?post=300564"},{"taxonomy":"product_tag","embeddable":true,"href":"https:\/\/www.claret.cat\/es\/wp-json\/wp\/v2\/product_tag?post=300564"}],"curies":[{"name":"wp","href":"https:\/\/api.w.org\/{rel}","templated":true}]}}