{"id":300608,"date":"2022-12-16T02:22:37","date_gmt":"2022-12-16T01:22:37","guid":{"rendered":"http:\/\/dev.claret.cat\/llibre\/la-gelosia-ve-i-sen-va-9788415206736\/"},"modified":"2025-12-18T10:56:41","modified_gmt":"2025-12-18T09:56:41","slug":"la-gelosia-ve-i-sen-va-9788415206736","status":"publish","type":"product","link":"https:\/\/www.claret.cat\/es\/libro\/la-gelosia-ve-i-sen-va-9788415206736\/","title":{"rendered":"LA GELOSIA VE&#8230; I SE?N VA"},"content":{"rendered":"<p>El dia de Nadal, la tieta Tona demana a la Tina que canti una nadala. La Tina ho fa molt b\u00e9, per\u00f2 el Toni no para d&#8221;interrompre-la: est\u00e0 gel\u00f3s perqu\u00e8 ell no canta tan b\u00e9. Ara, hi ha una cosa que el Toni sap fer millor que ning\u00fa: explicar acudits! Com que cadasc\u00fa t\u00e9 un do especial, la tieta Tona els proposa que preparin plegats una actuaci\u00f3 per als convidats que estan a punt d&#8221;arribar.<\/p>\n","protected":false},"excerpt":{"rendered":"<p>MART\u00cd, MERITXELL<\/p>\n","protected":false},"featured_media":1071227,"template":"","meta":{"_acf_changed":false,"om_disable_all_campaigns":false,"rs_blank_template":"","rs_page_bg_color":"","slide_template_v7":"","inline_featured_image":false,"_monsterinsights_skip_tracking":false,"_monsterinsights_sitenote_active":false,"_monsterinsights_sitenote_note":"","_monsterinsights_sitenote_category":0},"product_brand":[],"product_cat":[86,352],"product_tag":[],"class_list":{"0":"post-300608","1":"product","2":"type-product","3":"status-publish","4":"has-post-thumbnail","6":"product_cat-infantil","7":"product_cat-infantil-3_infantil-juvenil-spa","9":"first","10":"outofstock","11":"taxable","12":"shipping-taxable","13":"purchasable","14":"product-type-simple"},"acf":{"autor":"MART\u00cd, MERITXELL","codart":"841520673","libros-coleccion":"SUSHI BOOKS","ediciones":"1","encuadernacion":"Carton\u00e9","fecha_de_publicacion":"01\/10\/2013","novedad":"0","paginas":"35","subtitulo":"","orden":"999","portada":"0","idioma":"cat","editorial":[{"ID":147607,"post_author":"3","post_date":"2022-10-14 11:51:52","post_date_gmt":"2022-10-14 09:51:52","post_content":"","post_title":"Castellnou Infantil i Juvenil","post_excerpt":"","post_status":"publish","comment_status":"closed","ping_status":"closed","post_password":"","post_name":"castellnou-infantil-i-juvenil","to_ping":"","pinged":"","post_modified":"2022-10-14 11:51:52","post_modified_gmt":"2022-10-14 09:51:52","post_content_filtered":"","post_parent":0,"guid":"http:\/\/dev.claret.cat\/editorial\/castellnou-infantil-i-juvenil\/","menu_order":0,"post_type":"editorial","post_mime_type":"","comment_count":"0","filter":"raw"}],"autores-libros":[{"ID":164754,"post_author":"3","post_date":"2022-10-14 17:49:37","post_date_gmt":"2022-10-14 15:49:37","post_content":"","post_title":"MERITXELL MART\u00cd","post_excerpt":"","post_status":"publish","comment_status":"closed","ping_status":"closed","post_password":"","post_name":"meritxell-marti","to_ping":"","pinged":"","post_modified":"2022-10-14 17:49:37","post_modified_gmt":"2022-10-14 15:49:37","post_content_filtered":"","post_parent":0,"guid":"http:\/\/dev.claret.cat\/autor\/meritxell-marti\/","menu_order":0,"post_type":"autor","post_mime_type":"","comment_count":"0","filter":"raw"}],"booktrailer":"","resenas":""},"aioseo_notices":[],"_links":{"self":[{"href":"https:\/\/www.claret.cat\/es\/wp-json\/wp\/v2\/product\/300608","targetHints":{"allow":["GET"]}}],"collection":[{"href":"https:\/\/www.claret.cat\/es\/wp-json\/wp\/v2\/product"}],"about":[{"href":"https:\/\/www.claret.cat\/es\/wp-json\/wp\/v2\/types\/product"}],"wp:featuredmedia":[{"embeddable":true,"href":"https:\/\/www.claret.cat\/es\/wp-json\/wp\/v2\/media\/1071227"}],"wp:attachment":[{"href":"https:\/\/www.claret.cat\/es\/wp-json\/wp\/v2\/media?parent=300608"}],"wp:term":[{"taxonomy":"product_brand","embeddable":true,"href":"https:\/\/www.claret.cat\/es\/wp-json\/wp\/v2\/product_brand?post=300608"},{"taxonomy":"product_cat","embeddable":true,"href":"https:\/\/www.claret.cat\/es\/wp-json\/wp\/v2\/product_cat?post=300608"},{"taxonomy":"product_tag","embeddable":true,"href":"https:\/\/www.claret.cat\/es\/wp-json\/wp\/v2\/product_tag?post=300608"}],"curies":[{"name":"wp","href":"https:\/\/api.w.org\/{rel}","templated":true}]}}