{"id":300678,"date":"2022-12-16T02:25:29","date_gmt":"2022-12-16T01:25:29","guid":{"rendered":"http:\/\/dev.claret.cat\/llibre\/autobiografia-de-barcelona-9788415232339\/"},"modified":"2023-01-28T02:44:45","modified_gmt":"2023-01-28T01:44:45","slug":"autobiografia-de-barcelona-9788415232339","status":"publish","type":"product","link":"https:\/\/www.claret.cat\/es\/libro\/autobiografia-de-barcelona-9788415232339\/","title":{"rendered":"AUTOBIOGRAFIA DE BARCELONA"},"content":{"rendered":"<p>Per primera vegada en la hist\u00f2ria, una ciutat escriu la seva pr\u00f2pia autobiografia.<br \/>I ho fa, de la m\u00e0 de l\u2019historiador i muse\u00f2leg Daniel Venteo, mitjan\u00e7ant la selecci\u00f3 de m\u00e9s de mig miler de documents conservats a l\u2019Arxiu Municipal de Barcelona, una de les institucions de patrimoni documental m\u00e9s importants d\u2019Europa per la riquesa i diversitat dels seus fons. M\u00e9s d\u2019un centenar de documents in\u00e8dits ara veuen la llum per primera vegada i es posen a l\u2019abast del gran p\u00fablic en una acurada edici\u00f3 de gran format.<\/p>\n","protected":false},"excerpt":{"rendered":"<p>VENTEO, DANIEL<\/p>\n","protected":false},"featured_media":300679,"template":"","meta":{"_acf_changed":false,"om_disable_all_campaigns":false,"rs_blank_template":"","rs_page_bg_color":"","slide_template_v7":"","inline_featured_image":false,"_monsterinsights_skip_tracking":false,"_monsterinsights_sitenote_active":false,"_monsterinsights_sitenote_note":"","_monsterinsights_sitenote_category":0},"product_brand":[],"product_cat":[105,555],"product_tag":[],"class_list":{"0":"post-300678","1":"product","2":"type-product","3":"status-publish","4":"has-post-thumbnail","6":"product_cat-regal","7":"product_cat-regalo","9":"first","10":"instock","11":"taxable","12":"shipping-taxable","13":"purchasable","14":"product-type-simple"},"acf":{"autor":"VENTEO, DANIEL","codart":"841523233","libros-coleccion":"","ediciones":"1","encuadernacion":"Carton\u00e9","fecha_de_publicacion":"01\/11\/2012","novedad":"0","paginas":"320","subtitulo":"ELS TRESORS DE L'ARXIU DE LA CIUTAT DE BARCELONA","orden":"999","portada":"0","idioma":"cat","editorial":[{"ID":147966,"post_author":"3","post_date":"2022-10-14 11:54:36","post_date_gmt":"2022-10-14 09:54:36","post_content":"","post_title":"EDITORIAL EFADOS","post_excerpt":"","post_status":"publish","comment_status":"closed","ping_status":"closed","post_password":"","post_name":"editorial-efados","to_ping":"","pinged":"","post_modified":"2022-10-14 11:54:36","post_modified_gmt":"2022-10-14 09:54:36","post_content_filtered":"","post_parent":0,"guid":"http:\/\/dev.claret.cat\/editorial\/editorial-efados\/","menu_order":0,"post_type":"editorial","post_mime_type":"","comment_count":"0","filter":"raw"}],"autores-libros":[{"ID":153644,"post_author":"3","post_date":"2022-10-14 14:58:23","post_date_gmt":"2022-10-14 12:58:23","post_content":"","post_title":"DANIEL VENTEO","post_excerpt":"","post_status":"publish","comment_status":"closed","ping_status":"closed","post_password":"","post_name":"daniel-venteo-2","to_ping":"","pinged":"","post_modified":"2022-10-14 14:58:23","post_modified_gmt":"2022-10-14 12:58:23","post_content_filtered":"","post_parent":0,"guid":"http:\/\/dev.claret.cat\/autor\/daniel-venteo-2\/","menu_order":0,"post_type":"autor","post_mime_type":"","comment_count":"0","filter":"raw"}]},"aioseo_notices":[],"_links":{"self":[{"href":"https:\/\/www.claret.cat\/es\/wp-json\/wp\/v2\/product\/300678","targetHints":{"allow":["GET"]}}],"collection":[{"href":"https:\/\/www.claret.cat\/es\/wp-json\/wp\/v2\/product"}],"about":[{"href":"https:\/\/www.claret.cat\/es\/wp-json\/wp\/v2\/types\/product"}],"wp:featuredmedia":[{"embeddable":true,"href":"https:\/\/www.claret.cat\/es\/wp-json\/wp\/v2\/media\/300679"}],"wp:attachment":[{"href":"https:\/\/www.claret.cat\/es\/wp-json\/wp\/v2\/media?parent=300678"}],"wp:term":[{"taxonomy":"product_brand","embeddable":true,"href":"https:\/\/www.claret.cat\/es\/wp-json\/wp\/v2\/product_brand?post=300678"},{"taxonomy":"product_cat","embeddable":true,"href":"https:\/\/www.claret.cat\/es\/wp-json\/wp\/v2\/product_cat?post=300678"},{"taxonomy":"product_tag","embeddable":true,"href":"https:\/\/www.claret.cat\/es\/wp-json\/wp\/v2\/product_tag?post=300678"}],"curies":[{"name":"wp","href":"https:\/\/api.w.org\/{rel}","templated":true}]}}