{"id":300794,"date":"2022-12-16T02:30:01","date_gmt":"2022-12-16T01:30:01","guid":{"rendered":"http:\/\/dev.claret.cat\/llibre\/els-barrufets-quadern-dactivitats-la-platja-9788415267812\/"},"modified":"2025-01-31T15:13:01","modified_gmt":"2025-01-31T14:13:01","slug":"els-barrufets-quadern-dactivitats-la-platja-9788415267812","status":"publish","type":"product","link":"https:\/\/www.claret.cat\/es\/libro\/els-barrufets-quadern-dactivitats-la-platja-9788415267812\/","title":{"rendered":"ELS BARRUFETS QUADERN D&#8217;ACTIVITATS: LA PLATJA"},"content":{"rendered":"<p>Vols anar a la platja amb els Barrufets? O prefereixes jugar un partit de futbol? Els nous quaderns d&#8217;activitats dels Barrufets faran volar l&#8217;imaginaci\u00f3 dels petits lectors i estimularan les seves habilitats d&#8217;identificaci\u00f3 visual, l\u00f2gica, matem\u00e0tiques&#8230; A m\u00e9s, inclou noves aventures dels Barrufets! Apr\u00e8n i barrufa amb els nous quaderns d&#8217;activitats!<\/p>\n","protected":false},"excerpt":{"rendered":"<p>PEYO<\/p>\n","protected":false},"featured_media":316537,"template":"","meta":{"_acf_changed":false,"om_disable_all_campaigns":false,"rs_blank_template":"","rs_page_bg_color":"","slide_template_v7":"","inline_featured_image":false,"_monsterinsights_skip_tracking":false,"_monsterinsights_sitenote_active":false,"_monsterinsights_sitenote_note":"","_monsterinsights_sitenote_category":0},"product_brand":[],"product_cat":[86,352],"product_tag":[],"class_list":{"0":"post-300794","1":"product","2":"type-product","3":"status-publish","4":"has-post-thumbnail","6":"product_cat-infantil","7":"product_cat-infantil-3_infantil-juvenil-spa","9":"first","10":"instock","11":"taxable","12":"shipping-taxable","13":"purchasable","14":"product-type-simple"},"acf":{"autor":"PEYO","codart":"841526781","libros-coleccion":"","ediciones":"1","encuadernacion":"Carpeta","fecha_de_publicacion":"01\/07\/2012","novedad":"0","paginas":"16","subtitulo":"","orden":"999","portada":"0","idioma":"cat","editorial":[{"ID":147533,"post_author":"3","post_date":"2022-10-14 11:51:18","post_date_gmt":"2022-10-14 09:51:18","post_content":"","post_title":"BASE EDITORIAL","post_excerpt":"","post_status":"publish","comment_status":"closed","ping_status":"closed","post_password":"","post_name":"base-editorial","to_ping":"","pinged":"","post_modified":"2022-10-14 11:51:18","post_modified_gmt":"2022-10-14 09:51:18","post_content_filtered":"","post_parent":0,"guid":"http:\/\/dev.claret.cat\/editorial\/base-editorial\/","menu_order":0,"post_type":"editorial","post_mime_type":"","comment_count":"0","filter":"raw"}],"autores-libros":[{"ID":167148,"post_author":"3","post_date":"2022-10-14 18:08:55","post_date_gmt":"2022-10-14 16:08:55","post_content":"","post_title":"PEYO","post_excerpt":"","post_status":"publish","comment_status":"closed","ping_status":"closed","post_password":"","post_name":"peyo","to_ping":"","pinged":"","post_modified":"2022-10-14 18:08:55","post_modified_gmt":"2022-10-14 16:08:55","post_content_filtered":"","post_parent":0,"guid":"http:\/\/dev.claret.cat\/autor\/peyo\/","menu_order":0,"post_type":"autor","post_mime_type":"","comment_count":"0","filter":"raw"}]},"aioseo_notices":[],"_links":{"self":[{"href":"https:\/\/www.claret.cat\/es\/wp-json\/wp\/v2\/product\/300794","targetHints":{"allow":["GET"]}}],"collection":[{"href":"https:\/\/www.claret.cat\/es\/wp-json\/wp\/v2\/product"}],"about":[{"href":"https:\/\/www.claret.cat\/es\/wp-json\/wp\/v2\/types\/product"}],"wp:featuredmedia":[{"embeddable":true,"href":"https:\/\/www.claret.cat\/es\/wp-json\/wp\/v2\/media\/316537"}],"wp:attachment":[{"href":"https:\/\/www.claret.cat\/es\/wp-json\/wp\/v2\/media?parent=300794"}],"wp:term":[{"taxonomy":"product_brand","embeddable":true,"href":"https:\/\/www.claret.cat\/es\/wp-json\/wp\/v2\/product_brand?post=300794"},{"taxonomy":"product_cat","embeddable":true,"href":"https:\/\/www.claret.cat\/es\/wp-json\/wp\/v2\/product_cat?post=300794"},{"taxonomy":"product_tag","embeddable":true,"href":"https:\/\/www.claret.cat\/es\/wp-json\/wp\/v2\/product_tag?post=300794"}],"curies":[{"name":"wp","href":"https:\/\/api.w.org\/{rel}","templated":true}]}}