{"id":300833,"date":"2022-12-16T02:31:36","date_gmt":"2022-12-16T01:31:36","guid":{"rendered":"http:\/\/dev.claret.cat\/llibre\/de-pedra-picada-9788415307211\/"},"modified":"2023-01-28T17:33:54","modified_gmt":"2023-01-28T16:33:54","slug":"de-pedra-picada-9788415307211","status":"publish","type":"product","link":"https:\/\/www.claret.cat\/es\/libro\/de-pedra-picada-9788415307211\/","title":{"rendered":"DE PEDRA PICADA"},"content":{"rendered":"<p>Un gir pol\u00edtic imprevisible va portar Carles Puigdemont, alcalde de Girona, a la presid\u00e8ncia de la Generalitat. Els trets biogr\u00e0fics que hem anat descobrint durant aquest per\u00edode fan refer\u00e8ncia a la seva vocaci\u00f3 de periodista, militant de Converg\u00e8ncia i independentista de pedra picada, fundador de l&#8217;Ag\u00e8ncia Catalana de Not\u00edcies, expert en xarxes socials&#8230;. Per\u00f2 aquest llibre vol anar m\u00e9s enll\u00e0 i capbussar-se en els fets menys coneguts i m\u00e9s sorprenents: per qu\u00e8 va apar\u00e8ixer a la portada del diari franquista El Alc\u00e1zar, com va debutar al periodisme entrevistant el futbolista Rafael Gordillo, com es va produir l&#8217;accident que gaireb\u00e9 li costa la vida, per qu\u00e8 es va casar pel ritual ortodox, quants idiomes parla i, naturalment, l&#8217;entrellat de com es va decidir el seu nomenament. <br \/> Josep M. Flores, amic personal i company de feina de Puigdemont a El Punt, articula un retrat proper i familiar, pol\u00edtic, professional i intel\u00b7lectual del president de la Generalitat, amb nombroses an\u00e8cdotes i detalls in\u00e8dits proporcionats per testimonis de primera m\u00e0.<\/p>\n","protected":false},"excerpt":{"rendered":"<p>FLORES TRAVESA, JOSEP MARIA<\/p>\n","protected":false},"featured_media":315924,"template":"","meta":{"_acf_changed":false,"om_disable_all_campaigns":false,"rs_blank_template":"","rs_page_bg_color":"","slide_template_v7":"","inline_featured_image":false,"_monsterinsights_skip_tracking":false,"_monsterinsights_sitenote_active":false,"_monsterinsights_sitenote_note":"","_monsterinsights_sitenote_category":0},"product_brand":[],"product_cat":[549,99,351,85],"product_tag":[],"class_list":{"0":"post-300833","1":"product","2":"type-product","3":"status-publish","4":"has-post-thumbnail","6":"product_cat-biografias","7":"product_cat-biografies","8":"product_cat-historia-2_humanidades","9":"product_cat-historia","11":"first","12":"instock","13":"taxable","14":"shipping-taxable","15":"purchasable","16":"product-type-simple"},"acf":{"autor":"FLORES TRAVESA, JOSEP MARIA","codart":"841530721","libros-coleccion":"","ediciones":"1","encuadernacion":"R\u00fastica","fecha_de_publicacion":"01\/03\/2016","novedad":"0","paginas":"133","subtitulo":"RETRAT \u00cdNTIM DEL PRESIDENT CARLES PUIGDEMONT","orden":"999","portada":"0","idioma":"cat","editorial":[{"ID":6122,"post_author":"3","post_date":"2022-07-28 17:45:22","post_date_gmt":"2022-07-28 15:45:22","post_content":"","post_title":"ANGLE EDITORIAL","post_excerpt":"","post_status":"publish","comment_status":"closed","ping_status":"closed","post_password":"","post_name":"angle-editorial","to_ping":"","pinged":"","post_modified":"2022-07-28 17:45:22","post_modified_gmt":"2022-07-28 15:45:22","post_content_filtered":"","post_parent":0,"guid":"http:\/\/dev.claret.cat\/editorial\/angle-editorial\/","menu_order":0,"post_type":"editorial","post_mime_type":"","comment_count":"0","filter":"raw"}],"autores-libros":[{"ID":300832,"post_author":"3","post_date":"2022-12-16 02:31:35","post_date_gmt":"2022-12-16 01:31:35","post_content":"","post_title":"JOSEP MARIA FLORES TRAVESA","post_excerpt":"","post_status":"publish","comment_status":"closed","ping_status":"closed","post_password":"","post_name":"josep-maria-flores-travesa","to_ping":"","pinged":"","post_modified":"2022-12-16 02:31:35","post_modified_gmt":"2022-12-16 01:31:35","post_content_filtered":"","post_parent":0,"guid":"http:\/\/dev.claret.cat\/autor\/josep-maria-flores-travesa\/","menu_order":0,"post_type":"autor","post_mime_type":"","comment_count":"0","filter":"raw"}]},"aioseo_notices":[],"_links":{"self":[{"href":"https:\/\/www.claret.cat\/es\/wp-json\/wp\/v2\/product\/300833","targetHints":{"allow":["GET"]}}],"collection":[{"href":"https:\/\/www.claret.cat\/es\/wp-json\/wp\/v2\/product"}],"about":[{"href":"https:\/\/www.claret.cat\/es\/wp-json\/wp\/v2\/types\/product"}],"wp:featuredmedia":[{"embeddable":true,"href":"https:\/\/www.claret.cat\/es\/wp-json\/wp\/v2\/media\/315924"}],"wp:attachment":[{"href":"https:\/\/www.claret.cat\/es\/wp-json\/wp\/v2\/media?parent=300833"}],"wp:term":[{"taxonomy":"product_brand","embeddable":true,"href":"https:\/\/www.claret.cat\/es\/wp-json\/wp\/v2\/product_brand?post=300833"},{"taxonomy":"product_cat","embeddable":true,"href":"https:\/\/www.claret.cat\/es\/wp-json\/wp\/v2\/product_cat?post=300833"},{"taxonomy":"product_tag","embeddable":true,"href":"https:\/\/www.claret.cat\/es\/wp-json\/wp\/v2\/product_tag?post=300833"}],"curies":[{"name":"wp","href":"https:\/\/api.w.org\/{rel}","templated":true}]}}