{"id":300908,"date":"2022-12-16T02:34:42","date_gmt":"2022-12-16T01:34:42","guid":{"rendered":"http:\/\/dev.claret.cat\/llibre\/500-ideas-ganchillo-punto-fieltro-y-costura-9788415317586\/"},"modified":"2023-01-28T19:32:02","modified_gmt":"2023-01-28T18:32:02","slug":"500-ideas-ganchillo-punto-fieltro-y-costura-9788415317586","status":"publish","type":"product","link":"https:\/\/www.claret.cat\/es\/libro\/500-ideas-ganchillo-punto-fieltro-y-costura-9788415317586\/","title":{"rendered":"500 IDEAS. GANCHILLO, PUNTO, FIELTRO Y COSTURA"},"content":{"rendered":"<p>Manualidades bonitas y entretenidas en punto, ganchillo, fieltro y costura: peque\u00f1as creaciones, muy especiales, que requieren diversas t\u00e9cnicas, todas muy divertidas, que aprovechan restos de telas, botones viejos y cuentas, as\u00ed como t\u00e9cnicas de costura a mano y bordado. Con una introducci\u00f3n exhaustiva y sugerencias sobre materiales y todas las t\u00e9cnicas que precisar\u00e1 aplicar, as\u00ed como inspiradoras ideas para confeccionar grupos de manualidades: alimentos, animales, objetos cotidianos y m\u00e1s. Incluye consejos para solucionar problemas y hacer arreglos r\u00e1pidos para que sus manualidades se mantengan en perfecto estado. Una referencia completa para crear proyectos en miniatura. La exhaustiva introducci\u00f3n incluye sugerencias sobre hilos y tejidos, as\u00ed como todas las t\u00e9cnicas que necesitar\u00e1 para cada creaci\u00f3n. Adem\u00e1s, encontrar\u00e1 cientos de ideas inspiradoras para confeccionar grupos de manualidades de ganchillo, punto y costura, que gustar\u00e1n tanto a ni\u00f1os como a adultos, desde sirenas de punto, capas de superh\u00e9roe, sombreros de mago de fieltro, pasando por brontosaurios de ganchillo, ukeleles de tela, hasta un juego de bolos en punto. \u00a0 Incluye informaci\u00f3n detallada sobre las herramientas y los materiales esenciales, las t\u00e9cnicas b\u00e1sicas y explicaciones paso a paso de cada uno de los proyectos y sus variaciones.<\/p>\n","protected":false},"excerpt":{"rendered":"<p>NGUYEN, LE<\/p>\n","protected":false},"featured_media":300909,"template":"","meta":{"_acf_changed":false,"om_disable_all_campaigns":false,"rs_blank_template":"","rs_page_bg_color":"","slide_template_v7":"","inline_featured_image":false,"_monsterinsights_skip_tracking":false,"_monsterinsights_sitenote_active":false,"_monsterinsights_sitenote_note":"","_monsterinsights_sitenote_category":0},"product_brand":[],"product_cat":[551,101],"product_tag":[],"class_list":{"0":"post-300908","1":"product","2":"type-product","3":"status-publish","4":"has-post-thumbnail","6":"product_cat-manualidades","7":"product_cat-manualitats","9":"first","10":"instock","11":"taxable","12":"shipping-taxable","13":"purchasable","14":"product-type-simple"},"acf":{"autor":"NGUYEN, LE","codart":"841531758","libros-coleccion":"","ediciones":"1","encuadernacion":"Carton\u00e9","fecha_de_publicacion":"01\/11\/2013","novedad":"0","paginas":"288","subtitulo":"","orden":"999","portada":"0","idioma":"spa","editorial":[{"ID":147556,"post_author":"3","post_date":"2022-10-14 11:51:28","post_date_gmt":"2022-10-14 09:51:28","post_content":"","post_title":"BLUME, EDITORIAL","post_excerpt":"","post_status":"publish","comment_status":"closed","ping_status":"closed","post_password":"","post_name":"blume-editorial-2","to_ping":"","pinged":"","post_modified":"2022-10-14 11:51:28","post_modified_gmt":"2022-10-14 09:51:28","post_content_filtered":"","post_parent":0,"guid":"http:\/\/dev.claret.cat\/editorial\/blume-editorial-2\/","menu_order":0,"post_type":"editorial","post_mime_type":"","comment_count":"0","filter":"raw"}],"autores-libros":[{"ID":300907,"post_author":"3","post_date":"2022-12-16 02:34:40","post_date_gmt":"2022-12-16 01:34:40","post_content":"","post_title":"LE NGUYEN","post_excerpt":"","post_status":"publish","comment_status":"closed","ping_status":"closed","post_password":"","post_name":"le-nguyen","to_ping":"","pinged":"","post_modified":"2022-12-16 02:34:40","post_modified_gmt":"2022-12-16 01:34:40","post_content_filtered":"","post_parent":0,"guid":"http:\/\/dev.claret.cat\/autor\/le-nguyen\/","menu_order":0,"post_type":"autor","post_mime_type":"","comment_count":"0","filter":"raw"}]},"aioseo_notices":[],"_links":{"self":[{"href":"https:\/\/www.claret.cat\/es\/wp-json\/wp\/v2\/product\/300908","targetHints":{"allow":["GET"]}}],"collection":[{"href":"https:\/\/www.claret.cat\/es\/wp-json\/wp\/v2\/product"}],"about":[{"href":"https:\/\/www.claret.cat\/es\/wp-json\/wp\/v2\/types\/product"}],"wp:featuredmedia":[{"embeddable":true,"href":"https:\/\/www.claret.cat\/es\/wp-json\/wp\/v2\/media\/300909"}],"wp:attachment":[{"href":"https:\/\/www.claret.cat\/es\/wp-json\/wp\/v2\/media?parent=300908"}],"wp:term":[{"taxonomy":"product_brand","embeddable":true,"href":"https:\/\/www.claret.cat\/es\/wp-json\/wp\/v2\/product_brand?post=300908"},{"taxonomy":"product_cat","embeddable":true,"href":"https:\/\/www.claret.cat\/es\/wp-json\/wp\/v2\/product_cat?post=300908"},{"taxonomy":"product_tag","embeddable":true,"href":"https:\/\/www.claret.cat\/es\/wp-json\/wp\/v2\/product_tag?post=300908"}],"curies":[{"name":"wp","href":"https:\/\/api.w.org\/{rel}","templated":true}]}}