{"id":301157,"date":"2022-12-16T02:44:42","date_gmt":"2022-12-16T01:44:42","guid":{"rendered":"http:\/\/dev.claret.cat\/llibre\/barcelonader-touristische-reisefuhrer-ger-9788415347323\/"},"modified":"2023-01-28T09:59:59","modified_gmt":"2023-01-28T08:59:59","slug":"barcelonader-touristische-reisefuhrer-ger-9788415347323","status":"publish","type":"product","link":"https:\/\/www.claret.cat\/es\/libro\/barcelonader-touristische-reisefuhrer-ger-9788415347323\/","title":{"rendered":"BARCELONA-DER TOURISTISCHE REISEF\u00dcHRER (GER)"},"content":{"rendered":"","protected":false},"excerpt":{"rendered":"<p>ROIG RODR\u00cdGUEZ, JOS\u00c9 LUIS<\/p>\n","protected":false},"featured_media":301158,"template":"","meta":{"_acf_changed":false,"om_disable_all_campaigns":false,"rs_blank_template":"","rs_page_bg_color":"","slide_template_v7":"","inline_featured_image":false,"_monsterinsights_skip_tracking":false,"_monsterinsights_sitenote_active":false,"_monsterinsights_sitenote_note":"","_monsterinsights_sitenote_category":0},"product_brand":[],"product_cat":[90,540],"product_tag":[],"class_list":{"0":"post-301157","1":"product","2":"type-product","3":"status-publish","4":"has-post-thumbnail","6":"product_cat-altres","7":"product_cat-otros","9":"first","10":"instock","11":"taxable","12":"shipping-taxable","13":"purchasable","14":"product-type-simple"},"acf":{"autor":"ROIG RODR\u00cdGUEZ, JOS\u00c9 LUIS","codart":"841534732","libros-coleccion":"","ediciones":"1","encuadernacion":"R\u00fastica","fecha_de_publicacion":"01\/08\/2013","novedad":"0","paginas":"100","subtitulo":"","orden":"999","portada":"0","idioma":"ger","editorial":[{"ID":147742,"post_author":"3","post_date":"2022-10-14 11:52:53","post_date_gmt":"2022-10-14 09:52:53","post_content":"","post_title":"DISTRIMAPAS TELSTAR S.L.","post_excerpt":"","post_status":"publish","comment_status":"closed","ping_status":"closed","post_password":"","post_name":"distrimapas-telstar-s-l","to_ping":"","pinged":"","post_modified":"2022-10-14 11:52:53","post_modified_gmt":"2022-10-14 09:52:53","post_content_filtered":"","post_parent":0,"guid":"http:\/\/dev.claret.cat\/editorial\/distrimapas-telstar-s-l\/","menu_order":0,"post_type":"editorial","post_mime_type":"","comment_count":"0","filter":"raw"}],"autores-libros":[{"ID":276672,"post_author":"3","post_date":"2022-12-09 07:46:42","post_date_gmt":"2022-12-09 06:46:42","post_content":"","post_title":"JOS\u00c9 LUIS ROIG RODR\u00cdGUEZ","post_excerpt":"","post_status":"publish","comment_status":"closed","ping_status":"closed","post_password":"","post_name":"jose-luis-roig-rodriguez","to_ping":"","pinged":"","post_modified":"2022-12-09 07:46:42","post_modified_gmt":"2022-12-09 06:46:42","post_content_filtered":"","post_parent":0,"guid":"http:\/\/dev.claret.cat\/autor\/jose-luis-roig-rodriguez\/","menu_order":0,"post_type":"autor","post_mime_type":"","comment_count":"0","filter":"raw"}]},"aioseo_notices":[],"_links":{"self":[{"href":"https:\/\/www.claret.cat\/es\/wp-json\/wp\/v2\/product\/301157","targetHints":{"allow":["GET"]}}],"collection":[{"href":"https:\/\/www.claret.cat\/es\/wp-json\/wp\/v2\/product"}],"about":[{"href":"https:\/\/www.claret.cat\/es\/wp-json\/wp\/v2\/types\/product"}],"wp:featuredmedia":[{"embeddable":true,"href":"https:\/\/www.claret.cat\/es\/wp-json\/wp\/v2\/media\/301158"}],"wp:attachment":[{"href":"https:\/\/www.claret.cat\/es\/wp-json\/wp\/v2\/media?parent=301157"}],"wp:term":[{"taxonomy":"product_brand","embeddable":true,"href":"https:\/\/www.claret.cat\/es\/wp-json\/wp\/v2\/product_brand?post=301157"},{"taxonomy":"product_cat","embeddable":true,"href":"https:\/\/www.claret.cat\/es\/wp-json\/wp\/v2\/product_cat?post=301157"},{"taxonomy":"product_tag","embeddable":true,"href":"https:\/\/www.claret.cat\/es\/wp-json\/wp\/v2\/product_tag?post=301157"}],"curies":[{"name":"wp","href":"https:\/\/api.w.org\/{rel}","templated":true}]}}