{"id":301162,"date":"2022-12-16T02:44:54","date_gmt":"2022-12-16T01:44:54","guid":{"rendered":"http:\/\/dev.claret.cat\/llibre\/simons-cat-4-9788415355069\/"},"modified":"2023-01-28T23:43:46","modified_gmt":"2023-01-28T22:43:46","slug":"simons-cat-4-9788415355069","status":"publish","type":"product","link":"https:\/\/www.claret.cat\/es\/libro\/simons-cat-4-9788415355069\/","title":{"rendered":"SIMON&#8221;S CAT 4"},"content":{"rendered":"<p>Simon Tofield ten\u00eda nueve a\u00f1os cuando le regalaron su primer gatito, que apareci\u00f3 abandonado en la monta\u00f1a. Desde entonces, ha tenido siempre, como m\u00ednimo un gato y hoy treinta a\u00f1os despu\u00e9s, tiene cuatro en casa. El m\u00e1s peque\u00f1o, Teddy, ha sido la principal inspiraci\u00f3n para la serie Simon.s Cat cuyos dos primeros t\u00edtulos han sido un \u00e9xito de ventas mundial publicados en m\u00e1s de veinticinco pa\u00edses. Duomo ha publicado Simon\u00bfs Cat 1, Simon\u00bfs Cat 2, Simon\u00bfs Cat 3 y \u00a1Tengo hambre!<\/p>\n","protected":false},"excerpt":{"rendered":"<p>TOFIELD, SIMON<\/p>\n","protected":false},"featured_media":301163,"template":"","meta":{"_acf_changed":false,"om_disable_all_campaigns":false,"rs_blank_template":"","rs_page_bg_color":"","slide_template_v7":"","inline_featured_image":false,"_monsterinsights_skip_tracking":false,"_monsterinsights_sitenote_active":false,"_monsterinsights_sitenote_note":"","_monsterinsights_sitenote_category":0},"product_brand":[],"product_cat":[86,352],"product_tag":[],"class_list":{"0":"post-301162","1":"product","2":"type-product","3":"status-publish","4":"has-post-thumbnail","6":"product_cat-infantil","7":"product_cat-infantil-3_infantil-juvenil-spa","9":"first","10":"instock","11":"taxable","12":"shipping-taxable","13":"purchasable","14":"product-type-simple"},"acf":{"autor":"TOFIELD, SIMON","codart":"841535506","libros-coleccion":"","ediciones":"1","encuadernacion":"Carton\u00e9","fecha_de_publicacion":"01\/10\/2012","novedad":"0","paginas":"150","subtitulo":"CONTRA EL MUNDO","orden":"999","portada":"0","idioma":"spa","editorial":[{"ID":147762,"post_author":"3","post_date":"2022-10-14 11:53:02","post_date_gmt":"2022-10-14 09:53:02","post_content":"","post_title":"DUOMO","post_excerpt":"","post_status":"publish","comment_status":"closed","ping_status":"closed","post_password":"","post_name":"duomo","to_ping":"","pinged":"","post_modified":"2022-10-14 11:53:02","post_modified_gmt":"2022-10-14 09:53:02","post_content_filtered":"","post_parent":0,"guid":"http:\/\/dev.claret.cat\/editorial\/duomo\/","menu_order":0,"post_type":"editorial","post_mime_type":"","comment_count":"0","filter":"raw"}],"autores-libros":[{"ID":301161,"post_author":"3","post_date":"2022-12-16 02:44:52","post_date_gmt":"2022-12-16 01:44:52","post_content":"","post_title":"SIMON TOFIELD","post_excerpt":"","post_status":"publish","comment_status":"closed","ping_status":"closed","post_password":"","post_name":"simon-tofield","to_ping":"","pinged":"","post_modified":"2022-12-16 02:44:52","post_modified_gmt":"2022-12-16 01:44:52","post_content_filtered":"","post_parent":0,"guid":"http:\/\/dev.claret.cat\/autor\/simon-tofield\/","menu_order":0,"post_type":"autor","post_mime_type":"","comment_count":"0","filter":"raw"}]},"aioseo_notices":[],"_links":{"self":[{"href":"https:\/\/www.claret.cat\/es\/wp-json\/wp\/v2\/product\/301162","targetHints":{"allow":["GET"]}}],"collection":[{"href":"https:\/\/www.claret.cat\/es\/wp-json\/wp\/v2\/product"}],"about":[{"href":"https:\/\/www.claret.cat\/es\/wp-json\/wp\/v2\/types\/product"}],"wp:featuredmedia":[{"embeddable":true,"href":"https:\/\/www.claret.cat\/es\/wp-json\/wp\/v2\/media\/301163"}],"wp:attachment":[{"href":"https:\/\/www.claret.cat\/es\/wp-json\/wp\/v2\/media?parent=301162"}],"wp:term":[{"taxonomy":"product_brand","embeddable":true,"href":"https:\/\/www.claret.cat\/es\/wp-json\/wp\/v2\/product_brand?post=301162"},{"taxonomy":"product_cat","embeddable":true,"href":"https:\/\/www.claret.cat\/es\/wp-json\/wp\/v2\/product_cat?post=301162"},{"taxonomy":"product_tag","embeddable":true,"href":"https:\/\/www.claret.cat\/es\/wp-json\/wp\/v2\/product_tag?post=301162"}],"curies":[{"name":"wp","href":"https:\/\/api.w.org\/{rel}","templated":true}]}}