{"id":301252,"date":"2022-12-16T02:48:11","date_gmt":"2022-12-16T01:48:11","guid":{"rendered":"http:\/\/dev.claret.cat\/llibre\/excursions-amb-nens-pel-camp-de-tarragona-9788415456339\/"},"modified":"2024-04-29T10:40:35","modified_gmt":"2024-04-29T08:40:35","slug":"excursions-amb-nens-pel-camp-de-tarragona-9788415456339","status":"publish","type":"product","link":"https:\/\/www.claret.cat\/es\/libro\/excursions-amb-nens-pel-camp-de-tarragona-9788415456339\/","title":{"rendered":"EXCURSIONS AMB NENS PEL CAMP DE TARRAGONA"},"content":{"rendered":"<p>Excursions amb nens pel Camp de Tarragona des d\u2019una \u00e0rea de p\u00edcnic \u00e9s una guia f\u00e0cil i entenedora que recull 12 itineraris per fer a peu i en BTT, assequible per a totes les condicions f\u00edsiques i edats, especialment indicada per fer en fam\u00edlia. No cal ser un expert excursionista per fer un cim, creuar un pont penjat o endinsar-se sota terra i gaudir d\u2019unes propostes plenes de contrastos, aventura i emocions intenses. Totes les rutes proposades tenen com a nexe una \u00e0rea de p\u00edcnic, origen i dest\u00ed des d\u2019on emprendre l\u2019aventura o refer forces despr\u00e9s d\u2019una jornada d\u2019acci\u00f3 amb una acurada descripci\u00f3 dels seus equipaments i serveis, la manera d\u2019accedir-hi o els tel\u00e8fons de contacte. Fer una barbacoa en fam\u00edlia sota els pins, esbargir-se als gronxadors enmig d\u2019un prat o refrescar-se en una font a la vora d\u2019un riu \u00e9s a l\u2019abast de tothom!<\/p>\n","protected":false},"excerpt":{"rendered":"<p>VASTENAVOND, BARBARA \/ SE<\/p>\n","protected":false},"featured_media":316035,"template":"","meta":{"_acf_changed":false,"om_disable_all_campaigns":false,"rs_blank_template":"","rs_page_bg_color":"","slide_template_v7":"","inline_featured_image":false,"_monsterinsights_skip_tracking":false,"_monsterinsights_sitenote_active":false,"_monsterinsights_sitenote_note":"","_monsterinsights_sitenote_category":0},"product_brand":[],"product_cat":[557,107],"product_tag":[],"class_list":{"0":"post-301252","1":"product","2":"type-product","3":"status-publish","4":"has-post-thumbnail","6":"product_cat-guias-de-viaje","7":"product_cat-guies-de-viatge","9":"first","10":"instock","11":"taxable","12":"shipping-taxable","13":"purchasable","14":"product-type-simple"},"acf":{"autor":"VASTENAVOND, BARBARA \/ SE","codart":"841545633","libros-coleccion":"","ediciones":"0","encuadernacion":"R\u00fastica","fecha_de_publicacion":"01\/09\/2012","novedad":"0","paginas":"60","subtitulo":"DES D'UNA \u00c0REA DE P\u00cdCNIC","orden":"999","portada":"0","idioma":"cat","editorial":[{"ID":6171,"post_author":"3","post_date":"2022-07-28 17:46:25","post_date_gmt":"2022-07-28 15:46:25","post_content":"","post_title":"COSSETANIA EDICIONS","post_excerpt":"","post_status":"publish","comment_status":"closed","ping_status":"closed","post_password":"","post_name":"cossetania-edicions","to_ping":"","pinged":"","post_modified":"2022-07-28 17:46:25","post_modified_gmt":"2022-07-28 15:46:25","post_content_filtered":"","post_parent":0,"guid":"http:\/\/dev.claret.cat\/editorial\/cossetania-edicions\/","menu_order":0,"post_type":"editorial","post_mime_type":"","comment_count":"0","filter":"raw"}],"autores-libros":[{"ID":301250,"post_author":"3","post_date":"2022-12-16 02:48:08","post_date_gmt":"2022-12-16 01:48:08","post_content":"","post_title":"BARBARA VASTENAVOND","post_excerpt":"","post_status":"publish","comment_status":"closed","ping_status":"closed","post_password":"","post_name":"barbara-vastenavond","to_ping":"","pinged":"","post_modified":"2022-12-16 02:48:08","post_modified_gmt":"2022-12-16 01:48:08","post_content_filtered":"","post_parent":0,"guid":"http:\/\/dev.claret.cat\/autor\/barbara-vastenavond\/","menu_order":0,"post_type":"autor","post_mime_type":"","comment_count":"0","filter":"raw"},{"ID":301251,"post_author":"3","post_date":"2022-12-16 02:48:10","post_date_gmt":"2022-12-16 01:48:10","post_content":"","post_title":"RAFAEL SERVENT ARRAC\u00d3","post_excerpt":"","post_status":"publish","comment_status":"closed","ping_status":"closed","post_password":"","post_name":"rafael-servent-arraco","to_ping":"","pinged":"","post_modified":"2022-12-16 02:48:10","post_modified_gmt":"2022-12-16 01:48:10","post_content_filtered":"","post_parent":0,"guid":"http:\/\/dev.claret.cat\/autor\/rafael-servent-arraco\/","menu_order":0,"post_type":"autor","post_mime_type":"","comment_count":"0","filter":"raw"}]},"aioseo_notices":[],"_links":{"self":[{"href":"https:\/\/www.claret.cat\/es\/wp-json\/wp\/v2\/product\/301252","targetHints":{"allow":["GET"]}}],"collection":[{"href":"https:\/\/www.claret.cat\/es\/wp-json\/wp\/v2\/product"}],"about":[{"href":"https:\/\/www.claret.cat\/es\/wp-json\/wp\/v2\/types\/product"}],"wp:featuredmedia":[{"embeddable":true,"href":"https:\/\/www.claret.cat\/es\/wp-json\/wp\/v2\/media\/316035"}],"wp:attachment":[{"href":"https:\/\/www.claret.cat\/es\/wp-json\/wp\/v2\/media?parent=301252"}],"wp:term":[{"taxonomy":"product_brand","embeddable":true,"href":"https:\/\/www.claret.cat\/es\/wp-json\/wp\/v2\/product_brand?post=301252"},{"taxonomy":"product_cat","embeddable":true,"href":"https:\/\/www.claret.cat\/es\/wp-json\/wp\/v2\/product_cat?post=301252"},{"taxonomy":"product_tag","embeddable":true,"href":"https:\/\/www.claret.cat\/es\/wp-json\/wp\/v2\/product_tag?post=301252"}],"curies":[{"name":"wp","href":"https:\/\/api.w.org\/{rel}","templated":true}]}}