{"id":30127,"date":"2022-10-02T11:35:08","date_gmt":"2022-10-02T09:35:08","guid":{"rendered":"http:\/\/dev.claret.cat\/producte\/laneguet-lleig\/"},"modified":"2024-09-13T17:20:15","modified_gmt":"2024-09-13T15:20:15","slug":"laneguet-lleig-9788491012962","status":"publish","type":"product","link":"https:\/\/www.claret.cat\/es\/libro\/laneguet-lleig-9788491012962\/","title":{"rendered":"L&#8217;ANEGUET LLEIG"},"content":{"rendered":"<p>Una col\u00b7lecci\u00f3 de contes populars adaptats per a primers lectors amb unes il\u00b7lustracions captivadores perqu\u00e8 s&#8217;inici\u00efn en la lectura per mitj\u00e0 de les hist\u00f2ries i els personatges dels cl\u00e0ssics de sempre.<\/p>\n","protected":false},"excerpt":{"rendered":"<p>AFRICA FANLO<\/p>\n","protected":false},"featured_media":972851,"template":"","meta":{"_acf_changed":false,"om_disable_all_campaigns":false,"rs_blank_template":"","rs_page_bg_color":"","slide_template_v7":"","inline_featured_image":false,"_monsterinsights_skip_tracking":false,"_monsterinsights_sitenote_active":false,"_monsterinsights_sitenote_note":"","_monsterinsights_sitenote_category":0},"product_brand":[],"product_cat":[131,361,86,352],"product_tag":[],"class_list":{"0":"post-30127","1":"product","2":"type-product","3":"status-publish","4":"has-post-thumbnail","6":"product_cat-contes-per-infants-0-6-anys","7":"product_cat-cuentos-para-ninos-0-6-anos","8":"product_cat-infantil","9":"product_cat-infantil-3_infantil-juvenil-spa","11":"first","12":"instock","13":"taxable","14":"shipping-taxable","15":"purchasable","16":"product-type-simple"},"acf":{"autor":"AFRICA FANLO","codart":"849101296","libros-coleccion":"SUSHI BOOKS","ediciones":"1","encuadernacion":"Carton\u00e9","fecha_de_publicacion":"01\/09\/2017","novedad":"1","paginas":"28","subtitulo":"","orden":"0","portada":"0","idioma":"cat","editorial":[{"ID":147650,"post_author":"3","post_date":"2022-10-14 11:52:12","post_date_gmt":"2022-10-14 09:52:12","post_content":"","post_title":"COMBEL EDITORIL","post_excerpt":"","post_status":"publish","comment_status":"closed","ping_status":"closed","post_password":"","post_name":"combel-editoril","to_ping":"","pinged":"","post_modified":"2022-10-14 11:52:12","post_modified_gmt":"2022-10-14 09:52:12","post_content_filtered":"","post_parent":0,"guid":"http:\/\/dev.claret.cat\/editorial\/combel-editoril\/","menu_order":0,"post_type":"editorial","post_mime_type":"","comment_count":"0","filter":"raw"}],"autores-libros":[{"ID":149208,"post_author":"3","post_date":"2022-10-14 14:23:01","post_date_gmt":"2022-10-14 12:23:01","post_content":"","post_title":"AFRICA FANLO","post_excerpt":"","post_status":"publish","comment_status":"closed","ping_status":"closed","post_password":"","post_name":"africa-fanlo","to_ping":"","pinged":"","post_modified":"2022-10-14 14:23:01","post_modified_gmt":"2022-10-14 12:23:01","post_content_filtered":"","post_parent":0,"guid":"http:\/\/dev.claret.cat\/autor\/africa-fanlo\/","menu_order":0,"post_type":"autor","post_mime_type":"","comment_count":"0","filter":"raw"}]},"aioseo_notices":[],"_links":{"self":[{"href":"https:\/\/www.claret.cat\/es\/wp-json\/wp\/v2\/product\/30127","targetHints":{"allow":["GET"]}}],"collection":[{"href":"https:\/\/www.claret.cat\/es\/wp-json\/wp\/v2\/product"}],"about":[{"href":"https:\/\/www.claret.cat\/es\/wp-json\/wp\/v2\/types\/product"}],"wp:featuredmedia":[{"embeddable":true,"href":"https:\/\/www.claret.cat\/es\/wp-json\/wp\/v2\/media\/972851"}],"wp:attachment":[{"href":"https:\/\/www.claret.cat\/es\/wp-json\/wp\/v2\/media?parent=30127"}],"wp:term":[{"taxonomy":"product_brand","embeddable":true,"href":"https:\/\/www.claret.cat\/es\/wp-json\/wp\/v2\/product_brand?post=30127"},{"taxonomy":"product_cat","embeddable":true,"href":"https:\/\/www.claret.cat\/es\/wp-json\/wp\/v2\/product_cat?post=30127"},{"taxonomy":"product_tag","embeddable":true,"href":"https:\/\/www.claret.cat\/es\/wp-json\/wp\/v2\/product_tag?post=30127"}],"curies":[{"name":"wp","href":"https:\/\/api.w.org\/{rel}","templated":true}]}}