{"id":301355,"date":"2022-12-16T02:52:12","date_gmt":"2022-12-16T01:52:12","guid":{"rendered":"http:\/\/dev.claret.cat\/llibre\/la-frontera-invisible-9788415642190\/"},"modified":"2025-01-31T14:19:40","modified_gmt":"2025-01-31T13:19:40","slug":"la-frontera-invisible-9788415642190","status":"publish","type":"product","link":"https:\/\/www.claret.cat\/es\/libro\/la-frontera-invisible-9788415642190\/","title":{"rendered":"LA FRONTERA INVISIBLE"},"content":{"rendered":"<p>La frontera entre la felicitat i el dolor; entre viure i morir \u00e9s sempre molt fina. <\/p>\n<p> Kilian Jornet torna a les llibreries amb un llibre que parteix de la mort del seu \u00eddol St\u00e9phane Brosse durant la primera de les ascensions del seu nou i ambici\u00f3s projecte personal que consisteix en coronar els cims m\u00e9s emblem\u00e0tics del planeta, incloent l&#8217;Everest, corrent. A partir d&#8217;aqu\u00ed, descobrirem una hist\u00f2ria d&#8217;aprenentatge vital que ha tingut lloc al Nepal. Un relat hum\u00e0 i en primera persona amb el que, juntament amb el Kilian, tots aprendrem a perdre.<\/p>\n<p> PERQU\u00c8 SOM HOMES FORJATS EN SOMNIS; PERQU\u00c8, SI NO SOMIEM, ESTEM MORTS:<\/p>\n<p> Tres homes i una muntanya; tres homes i una aventura impossible. Una expedici\u00f3 al Nepal m\u00e9s ind\u00f2mit, el dels horitzons m\u00e9s llunyans i els pics m\u00e9s remots, amb escalades inversemblants, descensos intr\u00e8pids, reptes, riscos, perills i decisions a vida o mort. Una expedici\u00f3 que \u00e9s alhora una recerca, una evasi\u00f3 i un retrobament, on les emocions es multipliquen i els sentiments es viuen a flor de pell; on les paraules, els silencis i els records adquireixen noves profunditats.<\/p>\n<p> Amb humilitat i senzillesa, Kilian Jornet ens convida a c\u00f3rrer, a anar m\u00e9s enll\u00e0 i atrevir-nos a explorar la frontera invisible que separa la tristesa de la felicitat, la vida de la mort.<\/p>\n","protected":false},"excerpt":{"rendered":"<p>JORNET BURGADA, KILIAN<\/p>\n","protected":false},"featured_media":301356,"template":"","meta":{"_acf_changed":false,"om_disable_all_campaigns":false,"rs_blank_template":"","rs_page_bg_color":"","slide_template_v7":"","inline_featured_image":false,"_monsterinsights_skip_tracking":false,"_monsterinsights_sitenote_active":false,"_monsterinsights_sitenote_note":"","_monsterinsights_sitenote_category":0},"product_brand":[],"product_cat":[87,353],"product_tag":[],"class_list":{"0":"post-301355","1":"product","2":"type-product","3":"status-publish","4":"has-post-thumbnail","6":"product_cat-literatura","7":"product_cat-literatura-2_humanidades","9":"first","10":"instock","11":"taxable","12":"shipping-taxable","13":"purchasable","14":"product-type-simple"},"acf":{"autor":"JORNET BURGADA, KILIAN","codart":"841564219","libros-coleccion":"","ediciones":"1","encuadernacion":"R\u00fastica","fecha_de_publicacion":"01\/10\/2013","novedad":"0","paginas":"216","subtitulo":"SI NO SOMIEM, ESTEM MORTS","orden":"999","portada":"0","idioma":"cat","editorial":[{"ID":147453,"post_author":"3","post_date":"2022-10-14 11:50:42","post_date_gmt":"2022-10-14 09:50:42","post_content":"","post_title":"ARA LLIBRES","post_excerpt":"","post_status":"publish","comment_status":"closed","ping_status":"closed","post_password":"","post_name":"ara-llibres","to_ping":"","pinged":"","post_modified":"2022-10-14 11:50:42","post_modified_gmt":"2022-10-14 09:50:42","post_content_filtered":"","post_parent":0,"guid":"http:\/\/dev.claret.cat\/editorial\/ara-llibres\/","menu_order":0,"post_type":"editorial","post_mime_type":"","comment_count":"0","filter":"raw"}],"autores-libros":[{"ID":301354,"post_author":"3","post_date":"2022-12-16 02:52:10","post_date_gmt":"2022-12-16 01:52:10","post_content":"","post_title":"KILIAN JORNET BURGADA","post_excerpt":"","post_status":"publish","comment_status":"closed","ping_status":"closed","post_password":"","post_name":"kilian-jornet-burgada","to_ping":"","pinged":"","post_modified":"2022-12-16 02:52:10","post_modified_gmt":"2022-12-16 01:52:10","post_content_filtered":"","post_parent":0,"guid":"http:\/\/dev.claret.cat\/autor\/kilian-jornet-burgada\/","menu_order":0,"post_type":"autor","post_mime_type":"","comment_count":"0","filter":"raw"}]},"aioseo_notices":[],"_links":{"self":[{"href":"https:\/\/www.claret.cat\/es\/wp-json\/wp\/v2\/product\/301355","targetHints":{"allow":["GET"]}}],"collection":[{"href":"https:\/\/www.claret.cat\/es\/wp-json\/wp\/v2\/product"}],"about":[{"href":"https:\/\/www.claret.cat\/es\/wp-json\/wp\/v2\/types\/product"}],"wp:featuredmedia":[{"embeddable":true,"href":"https:\/\/www.claret.cat\/es\/wp-json\/wp\/v2\/media\/301356"}],"wp:attachment":[{"href":"https:\/\/www.claret.cat\/es\/wp-json\/wp\/v2\/media?parent=301355"}],"wp:term":[{"taxonomy":"product_brand","embeddable":true,"href":"https:\/\/www.claret.cat\/es\/wp-json\/wp\/v2\/product_brand?post=301355"},{"taxonomy":"product_cat","embeddable":true,"href":"https:\/\/www.claret.cat\/es\/wp-json\/wp\/v2\/product_cat?post=301355"},{"taxonomy":"product_tag","embeddable":true,"href":"https:\/\/www.claret.cat\/es\/wp-json\/wp\/v2\/product_tag?post=301355"}],"curies":[{"name":"wp","href":"https:\/\/api.w.org\/{rel}","templated":true}]}}