{"id":301446,"date":"2022-12-16T02:55:46","date_gmt":"2022-12-16T01:55:46","guid":{"rendered":"http:\/\/dev.claret.cat\/llibre\/sobre-la-brevedad-de-la-vida-el-ocio-y-la-felicidad-9788415689645\/"},"modified":"2023-01-28T22:46:02","modified_gmt":"2023-01-28T21:46:02","slug":"sobre-la-brevedad-de-la-vida-el-ocio-y-la-felicidad-9788415689645","status":"publish","type":"product","link":"https:\/\/www.claret.cat\/es\/libro\/sobre-la-brevedad-de-la-vida-el-ocio-y-la-felicidad-9788415689645\/","title":{"rendered":"SOBRE LA BREVEDAD DE LA VIDA, EL OCIO Y LA FELICIDAD"},"content":{"rendered":"<p>Lucio Anneo S\u00e9neca (4 a. C. &#8211; 65 d. C.) ejerce una influencia permanente en la literatura y filosof\u00eda occidentales. Su amplia obra contiene una formulaci\u00f3n incisiva y relevante de las ideas del estoicismo, y desde la Antig\u00fcedad constituye uno de los modelos m\u00e1s destacados del canon ensay\u00edstico de las letras universales. Este volumen re\u00fane tres tratados?De brevitate vitae, compuesto en el a\u00f1o 49, De vita beata, escrito hacia 58, y De otio, datado alrededor de 62?que examinan algunas de las cuestiones cruciales de la \u00e9tica de todos los tiempos: la relaci\u00f3n del placer con la virtud, la b\u00fasqueda de la felicidad, el concepto de naturaleza aplicado al ideal humano, la supremac\u00eda de la raz\u00f3n, el empleodel tiempo y la dignidad del retiro. El estilo senequiano representa un momento cumbre del di\u00e1logo en la tradici\u00f3n filos\u00f3fica y literaria, donde el lector es invitado a ser interlocutor de una particular conversaci\u00f3n sobre el arte de vivir que fue objeto de admiraci\u00f3n<br \/> para autores como Erasmo, Montaigne, Schopenhauer, Nietzsche o Cioran.<\/p>\n","protected":false},"excerpt":{"rendered":"<p>LUCIO ANNEO S\u00c9NECA<\/p>\n","protected":false},"featured_media":301447,"template":"","meta":{"_acf_changed":false,"om_disable_all_campaigns":false,"rs_blank_template":"","rs_page_bg_color":"","slide_template_v7":"","inline_featured_image":false,"_monsterinsights_skip_tracking":false,"_monsterinsights_sitenote_active":false,"_monsterinsights_sitenote_note":"","_monsterinsights_sitenote_category":0},"product_brand":[],"product_cat":[90,540],"product_tag":[],"class_list":{"0":"post-301446","1":"product","2":"type-product","3":"status-publish","4":"has-post-thumbnail","6":"product_cat-altres","7":"product_cat-otros","9":"first","10":"instock","11":"taxable","12":"shipping-taxable","13":"purchasable","14":"product-type-simple"},"acf":{"autor":"LUCIO ANNEO S\u00c9NECA","codart":"841568964","libros-coleccion":"Cuadernos del Acantilado","ediciones":"1","encuadernacion":"R\u00fastica","fecha_de_publicacion":"01\/05\/2013","novedad":"0","paginas":"128","subtitulo":"","orden":"999","portada":"0","idioma":"spa","editorial":[{"ID":6111,"post_author":"3","post_date":"2022-07-28 17:45:08","post_date_gmt":"2022-07-28 15:45:08","post_content":"","post_title":"ACANTILADO","post_excerpt":"","post_status":"publish","comment_status":"closed","ping_status":"closed","post_password":"","post_name":"acantilado","to_ping":"","pinged":"","post_modified":"2022-07-28 17:45:08","post_modified_gmt":"2022-07-28 15:45:08","post_content_filtered":"","post_parent":0,"guid":"http:\/\/dev.claret.cat\/editorial\/acantilado\/","menu_order":0,"post_type":"editorial","post_mime_type":"","comment_count":"0","filter":"raw"}],"autores-libros":[{"ID":162614,"post_author":"3","post_date":"2022-10-14 17:32:25","post_date_gmt":"2022-10-14 15:32:25","post_content":"","post_title":"LUCIO ANNEO SENECA","post_excerpt":"","post_status":"publish","comment_status":"closed","ping_status":"closed","post_password":"","post_name":"lucio-anneo-seneca","to_ping":"","pinged":"","post_modified":"2022-10-14 17:32:25","post_modified_gmt":"2022-10-14 15:32:25","post_content_filtered":"","post_parent":0,"guid":"http:\/\/dev.claret.cat\/autor\/lucio-anneo-seneca\/","menu_order":0,"post_type":"autor","post_mime_type":"","comment_count":"0","filter":"raw"}]},"aioseo_notices":[],"_links":{"self":[{"href":"https:\/\/www.claret.cat\/es\/wp-json\/wp\/v2\/product\/301446","targetHints":{"allow":["GET"]}}],"collection":[{"href":"https:\/\/www.claret.cat\/es\/wp-json\/wp\/v2\/product"}],"about":[{"href":"https:\/\/www.claret.cat\/es\/wp-json\/wp\/v2\/types\/product"}],"wp:featuredmedia":[{"embeddable":true,"href":"https:\/\/www.claret.cat\/es\/wp-json\/wp\/v2\/media\/301447"}],"wp:attachment":[{"href":"https:\/\/www.claret.cat\/es\/wp-json\/wp\/v2\/media?parent=301446"}],"wp:term":[{"taxonomy":"product_brand","embeddable":true,"href":"https:\/\/www.claret.cat\/es\/wp-json\/wp\/v2\/product_brand?post=301446"},{"taxonomy":"product_cat","embeddable":true,"href":"https:\/\/www.claret.cat\/es\/wp-json\/wp\/v2\/product_cat?post=301446"},{"taxonomy":"product_tag","embeddable":true,"href":"https:\/\/www.claret.cat\/es\/wp-json\/wp\/v2\/product_tag?post=301446"}],"curies":[{"name":"wp","href":"https:\/\/api.w.org\/{rel}","templated":true}]}}