{"id":301635,"date":"2022-12-16T03:03:47","date_gmt":"2022-12-16T02:03:47","guid":{"rendered":"http:\/\/dev.claret.cat\/llibre\/vida-de-casa-9788415835738\/"},"modified":"2023-01-28T23:18:48","modified_gmt":"2023-01-28T22:18:48","slug":"vida-de-casa-9788415835738","status":"publish","type":"product","link":"https:\/\/www.claret.cat\/es\/libro\/vida-de-casa-9788415835738\/","title":{"rendered":"VIDA DE CASA"},"content":{"rendered":"<p>Amb una prosa l\u00edrica deliciosa, Marilynne Robinson explica en aquest, el seu primer llibre, la hist\u00f2ria d&#8217;una fam\u00edlia devastada, arrossegada pels cops del dest\u00ed que sembla oposar-se amb tossuderia a qualsevol voluntat de construcci\u00f3. La lluita de Ruth i Lucille per arribar a l&#8217;edat adulta il lumina espl\u00e8ndidament el preu de la p\u00e8rdua i la superviv\u00e8ncia i el profund impacte del que sembla passatger.<\/p>\n","protected":false},"excerpt":{"rendered":"<p>ROBINSON, MARILYNNE<\/p>\n","protected":false},"featured_media":301636,"template":"","meta":{"_acf_changed":false,"om_disable_all_campaigns":false,"rs_blank_template":"","rs_page_bg_color":"","slide_template_v7":"","inline_featured_image":false,"_monsterinsights_skip_tracking":false,"_monsterinsights_sitenote_active":false,"_monsterinsights_sitenote_note":"","_monsterinsights_sitenote_category":0},"product_brand":[],"product_cat":[87,353],"product_tag":[],"class_list":{"0":"post-301635","1":"product","2":"type-product","3":"status-publish","4":"has-post-thumbnail","6":"product_cat-literatura","7":"product_cat-literatura-2_humanidades","9":"first","10":"instock","11":"taxable","12":"shipping-taxable","13":"purchasable","14":"product-type-simple"},"acf":{"autor":"ROBINSON, MARILYNNE","codart":"841583573","libros-coleccion":"","ediciones":"1","encuadernacion":"R\u00fastica","fecha_de_publicacion":"01\/02\/2016","novedad":"0","paginas":"224","subtitulo":"","orden":"999","portada":"0","idioma":"cat","editorial":[{"ID":6211,"post_author":"3","post_date":"2022-07-28 17:47:15","post_date_gmt":"2022-07-28 15:47:15","post_content":"","post_title":"EDICIONS DE 1984","post_excerpt":"","post_status":"publish","comment_status":"closed","ping_status":"closed","post_password":"","post_name":"edicions-de-1984","to_ping":"","pinged":"","post_modified":"2022-07-28 17:47:15","post_modified_gmt":"2022-07-28 15:47:15","post_content_filtered":"","post_parent":0,"guid":"http:\/\/dev.claret.cat\/editorial\/edicions-de-1984\/","menu_order":0,"post_type":"editorial","post_mime_type":"","comment_count":"0","filter":"raw"}],"autores-libros":[{"ID":163926,"post_author":"3","post_date":"2022-10-14 17:42:57","post_date_gmt":"2022-10-14 15:42:57","post_content":"","post_title":"MARILYNNE ROBINSON","post_excerpt":"","post_status":"publish","comment_status":"closed","ping_status":"closed","post_password":"","post_name":"marilynne-robinson","to_ping":"","pinged":"","post_modified":"2022-10-14 17:42:57","post_modified_gmt":"2022-10-14 15:42:57","post_content_filtered":"","post_parent":0,"guid":"http:\/\/dev.claret.cat\/autor\/marilynne-robinson\/","menu_order":0,"post_type":"autor","post_mime_type":"","comment_count":"0","filter":"raw"}]},"aioseo_notices":[],"_links":{"self":[{"href":"https:\/\/www.claret.cat\/es\/wp-json\/wp\/v2\/product\/301635","targetHints":{"allow":["GET"]}}],"collection":[{"href":"https:\/\/www.claret.cat\/es\/wp-json\/wp\/v2\/product"}],"about":[{"href":"https:\/\/www.claret.cat\/es\/wp-json\/wp\/v2\/types\/product"}],"wp:featuredmedia":[{"embeddable":true,"href":"https:\/\/www.claret.cat\/es\/wp-json\/wp\/v2\/media\/301636"}],"wp:attachment":[{"href":"https:\/\/www.claret.cat\/es\/wp-json\/wp\/v2\/media?parent=301635"}],"wp:term":[{"taxonomy":"product_brand","embeddable":true,"href":"https:\/\/www.claret.cat\/es\/wp-json\/wp\/v2\/product_brand?post=301635"},{"taxonomy":"product_cat","embeddable":true,"href":"https:\/\/www.claret.cat\/es\/wp-json\/wp\/v2\/product_cat?post=301635"},{"taxonomy":"product_tag","embeddable":true,"href":"https:\/\/www.claret.cat\/es\/wp-json\/wp\/v2\/product_tag?post=301635"}],"curies":[{"name":"wp","href":"https:\/\/api.w.org\/{rel}","templated":true}]}}