{"id":301655,"date":"2022-12-16T03:04:38","date_gmt":"2022-12-16T02:04:38","guid":{"rendered":"http:\/\/dev.claret.cat\/llibre\/guia-gastroturistica-de-cataluna-9788415847465\/"},"modified":"2023-01-28T03:35:34","modified_gmt":"2023-01-28T02:35:34","slug":"guia-gastroturistica-de-cataluna-9788415847465","status":"publish","type":"product","link":"https:\/\/www.claret.cat\/es\/libro\/guia-gastroturistica-de-cataluna-9788415847465\/","title":{"rendered":"GU\u00cdA GASTR\u00d3-TUR\u00cdSTICA DE CATALU\u00d1A"},"content":{"rendered":"","protected":false},"excerpt":{"rendered":"<p>INGELMO, \u00c1NGEL<\/p>\n","protected":false},"featured_media":301656,"template":"","meta":{"_acf_changed":false,"om_disable_all_campaigns":false,"rs_blank_template":"","rs_page_bg_color":"","slide_template_v7":"","inline_featured_image":false,"_monsterinsights_skip_tracking":false,"_monsterinsights_sitenote_active":false,"_monsterinsights_sitenote_note":"","_monsterinsights_sitenote_category":0},"product_brand":[],"product_cat":[557,107],"product_tag":[],"class_list":{"0":"post-301655","1":"product","2":"type-product","3":"status-publish","4":"has-post-thumbnail","6":"product_cat-guias-de-viaje","7":"product_cat-guies-de-viatge","9":"first","10":"instock","11":"taxable","12":"shipping-taxable","13":"purchasable","14":"product-type-simple"},"acf":{"autor":"INGELMO, \u00c1NGEL","codart":"841584746","libros-coleccion":"","ediciones":"1","encuadernacion":"R\u00fastica","fecha_de_publicacion":"01\/10\/2013","novedad":"0","paginas":"382","subtitulo":"15 RUTAS GASTRONOMICAS PARA CONOCER CATALU\u00d1A","orden":"999","portada":"0","idioma":"spa","editorial":[{"ID":147436,"post_author":"3","post_date":"2022-10-14 11:50:33","post_date_gmt":"2022-10-14 09:50:33","post_content":"","post_title":"ANAYA TOURING CLUB","post_excerpt":"","post_status":"publish","comment_status":"closed","ping_status":"closed","post_password":"","post_name":"anaya-touring-club","to_ping":"","pinged":"","post_modified":"2022-10-14 11:50:33","post_modified_gmt":"2022-10-14 09:50:33","post_content_filtered":"","post_parent":0,"guid":"http:\/\/dev.claret.cat\/editorial\/anaya-touring-club\/","menu_order":0,"post_type":"editorial","post_mime_type":"","comment_count":"0","filter":"raw"}],"autores-libros":[{"ID":150392,"post_author":"3","post_date":"2022-10-14 14:32:35","post_date_gmt":"2022-10-14 12:32:35","post_content":"","post_title":"\u00c1NGEL INGELMO","post_excerpt":"","post_status":"publish","comment_status":"closed","ping_status":"closed","post_password":"","post_name":"angel-ingelmo","to_ping":"","pinged":"","post_modified":"2022-10-14 14:32:35","post_modified_gmt":"2022-10-14 12:32:35","post_content_filtered":"","post_parent":0,"guid":"http:\/\/dev.claret.cat\/autor\/angel-ingelmo\/","menu_order":0,"post_type":"autor","post_mime_type":"","comment_count":"0","filter":"raw"}]},"aioseo_notices":[],"_links":{"self":[{"href":"https:\/\/www.claret.cat\/es\/wp-json\/wp\/v2\/product\/301655","targetHints":{"allow":["GET"]}}],"collection":[{"href":"https:\/\/www.claret.cat\/es\/wp-json\/wp\/v2\/product"}],"about":[{"href":"https:\/\/www.claret.cat\/es\/wp-json\/wp\/v2\/types\/product"}],"wp:featuredmedia":[{"embeddable":true,"href":"https:\/\/www.claret.cat\/es\/wp-json\/wp\/v2\/media\/301656"}],"wp:attachment":[{"href":"https:\/\/www.claret.cat\/es\/wp-json\/wp\/v2\/media?parent=301655"}],"wp:term":[{"taxonomy":"product_brand","embeddable":true,"href":"https:\/\/www.claret.cat\/es\/wp-json\/wp\/v2\/product_brand?post=301655"},{"taxonomy":"product_cat","embeddable":true,"href":"https:\/\/www.claret.cat\/es\/wp-json\/wp\/v2\/product_cat?post=301655"},{"taxonomy":"product_tag","embeddable":true,"href":"https:\/\/www.claret.cat\/es\/wp-json\/wp\/v2\/product_tag?post=301655"}],"curies":[{"name":"wp","href":"https:\/\/api.w.org\/{rel}","templated":true}]}}