{"id":301685,"date":"2022-12-16T03:05:52","date_gmt":"2022-12-16T02:05:52","guid":{"rendered":"http:\/\/dev.claret.cat\/llibre\/el-cuarto-reino-9788415864936\/"},"modified":"2023-01-28T02:13:10","modified_gmt":"2023-01-28T01:13:10","slug":"el-cuarto-reino-9788415864936","status":"publish","type":"product","link":"https:\/\/www.claret.cat\/es\/libro\/el-cuarto-reino-9788415864936\/","title":{"rendered":"EL CUARTO REINO"},"content":{"rendered":"<p>El 23 de octubre de 1940, coincidiendo con la visita de Hitler a Hendaya, el jefe de las SS Heinrich Himmler escondi\u00f3 en las monta\u00f1as de Montserrat una misteriosa caja que conten\u00eda el gran secreto del Fu?hrer. Setenta a\u00f1os despu\u00e9s, el periodista Leo Vidal recibe el encargo de hallar una fotograf\u00eda in\u00e9dita de aquella expedici\u00f3n a Montserrat. En su investigaci\u00f3n, que se convertir\u00e1 progresivamente en un oscuro y peligroso juego, recorrer\u00e1 medio mundo hasta descubrir, casi sin quererlo, uno de los grandes misterios de la Historia. Una enigm\u00e1tica hermandad internacional ha custodiado el preciado tesoro, ahora, casi 130 a\u00f1os despu\u00e9s del nacimiento de Hitler es el momento elegido para que salga a la luz. \u00bfPodr\u00e1 alguien detenerlos?<\/p>\n","protected":false},"excerpt":{"rendered":"<p>MIRALLES CONTIJOCH, FRANCESC<\/p>\n","protected":false},"featured_media":301686,"template":"","meta":{"_acf_changed":false,"om_disable_all_campaigns":false,"rs_blank_template":"","rs_page_bg_color":"","slide_template_v7":"","inline_featured_image":false,"_monsterinsights_skip_tracking":false,"_monsterinsights_sitenote_active":false,"_monsterinsights_sitenote_note":"","_monsterinsights_sitenote_category":0},"product_brand":[],"product_cat":[87,353],"product_tag":[],"class_list":{"0":"post-301685","1":"product","2":"type-product","3":"status-publish","4":"has-post-thumbnail","6":"product_cat-literatura","7":"product_cat-literatura-2_humanidades","9":"first","10":"instock","11":"taxable","12":"shipping-taxable","13":"purchasable","14":"product-type-simple"},"acf":{"autor":"MIRALLES CONTIJOCH, FRANCESC","codart":"841586493","libros-coleccion":"","ediciones":"1","encuadernacion":"R\u00fastica","fecha_de_publicacion":"10\/02\/2016","novedad":"0","paginas":"413","subtitulo":"","orden":"999","portada":"0","idioma":"spa","editorial":[{"ID":262274,"post_author":"3","post_date":"2022-10-24 11:22:13","post_date_gmt":"2022-10-24 09:22:13","post_content":"","post_title":"LUCIERNAGA, EDICIONES","post_excerpt":"","post_status":"publish","comment_status":"closed","ping_status":"closed","post_password":"","post_name":"luciernaga-ediciones","to_ping":"","pinged":"","post_modified":"2022-10-24 11:22:13","post_modified_gmt":"2022-10-24 09:22:13","post_content_filtered":"","post_parent":0,"guid":"http:\/\/dev.claret.cat\/editorial\/luciernaga-ediciones\/","menu_order":0,"post_type":"editorial","post_mime_type":"","comment_count":"0","filter":"raw"}],"autores-libros":[{"ID":156109,"post_author":"3","post_date":"2022-10-14 15:18:11","post_date_gmt":"2022-10-14 13:18:11","post_content":"","post_title":"FRANCESC MIRALLES CONTIJOCH","post_excerpt":"","post_status":"publish","comment_status":"closed","ping_status":"closed","post_password":"","post_name":"francesc-miralles-contijoch","to_ping":"","pinged":"","post_modified":"2022-10-14 15:18:11","post_modified_gmt":"2022-10-14 13:18:11","post_content_filtered":"","post_parent":0,"guid":"http:\/\/dev.claret.cat\/autor\/francesc-miralles-contijoch\/","menu_order":0,"post_type":"autor","post_mime_type":"","comment_count":"0","filter":"raw"}]},"aioseo_notices":[],"_links":{"self":[{"href":"https:\/\/www.claret.cat\/es\/wp-json\/wp\/v2\/product\/301685","targetHints":{"allow":["GET"]}}],"collection":[{"href":"https:\/\/www.claret.cat\/es\/wp-json\/wp\/v2\/product"}],"about":[{"href":"https:\/\/www.claret.cat\/es\/wp-json\/wp\/v2\/types\/product"}],"wp:featuredmedia":[{"embeddable":true,"href":"https:\/\/www.claret.cat\/es\/wp-json\/wp\/v2\/media\/301686"}],"wp:attachment":[{"href":"https:\/\/www.claret.cat\/es\/wp-json\/wp\/v2\/media?parent=301685"}],"wp:term":[{"taxonomy":"product_brand","embeddable":true,"href":"https:\/\/www.claret.cat\/es\/wp-json\/wp\/v2\/product_brand?post=301685"},{"taxonomy":"product_cat","embeddable":true,"href":"https:\/\/www.claret.cat\/es\/wp-json\/wp\/v2\/product_cat?post=301685"},{"taxonomy":"product_tag","embeddable":true,"href":"https:\/\/www.claret.cat\/es\/wp-json\/wp\/v2\/product_tag?post=301685"}],"curies":[{"name":"wp","href":"https:\/\/api.w.org\/{rel}","templated":true}]}}