{"id":301698,"date":"2022-12-16T03:06:21","date_gmt":"2022-12-16T02:06:21","guid":{"rendered":"http:\/\/dev.claret.cat\/llibre\/gracias-finlandia-9788415880400\/"},"modified":"2023-01-28T03:25:36","modified_gmt":"2023-01-28T02:25:36","slug":"gracias-finlandia-9788415880400","status":"publish","type":"product","link":"https:\/\/www.claret.cat\/es\/libro\/gracias-finlandia-9788415880400\/","title":{"rendered":"GRACIAS, FINLANDIA"},"content":{"rendered":"<p>La escuela est\u00e1 en crisis. El sistema educativo espa\u00f1ol se encuentra en el ojo del hurac\u00e1n de las luchas pol\u00edticas y de la discusi\u00f3n p\u00fablica, sin que los sucesivos intentos de reforma educativa llevados a cabo hasta la fecha hayan evitado el fracaso escolar y mejorado los resultados que obtienen los alumnos espa\u00f1oles en los Informes PISA. En el otro extremo de la balanza se encuentra Finlandia, cuyos alumnos destacan como punteros en comprensi\u00f3n lectora, dominio matem\u00e1tico y conocimientos cient\u00edficos. \u00bfC\u00f3mo se consigue llegar a obtener esos resultados? \u00bfQu\u00e9 diferencia el sistema educativo finland\u00e9s del resto del mundo? \u00bfTan mala es la educaci\u00f3n en Espa\u00f1a?<br \/> El autor, psic\u00f3logo, pedagogo, docente y experto en el sistema educativo finland\u00e9s, responde a esas y otras muchas preguntas en este libro corto pero intenso, que va a la ra\u00edz del problema y desvela con un lenguaje llano y accesible las claves del \u00e9xito de Finlandia, as\u00ed como el camino que deben recorrer el sistema educativo espa\u00f1ol y, lo que es m\u00e1s importante, todos los ciudadanos para situarse en la senda de la calidad y la excelencia.<\/p>\n","protected":false},"excerpt":{"rendered":"<p>MELGAREJO DRAPER, XAVIER<\/p>\n","protected":false},"featured_media":301699,"template":"","meta":{"_acf_changed":false,"om_disable_all_campaigns":false,"rs_blank_template":"","rs_page_bg_color":"","slide_template_v7":"","inline_featured_image":false,"_monsterinsights_skip_tracking":false,"_monsterinsights_sitenote_active":false,"_monsterinsights_sitenote_note":"","_monsterinsights_sitenote_category":0},"product_brand":[],"product_cat":[90,540],"product_tag":[],"class_list":{"0":"post-301698","1":"product","2":"type-product","3":"status-publish","4":"has-post-thumbnail","6":"product_cat-altres","7":"product_cat-otros","9":"first","10":"instock","11":"taxable","12":"shipping-taxable","13":"purchasable","14":"product-type-simple"},"acf":{"autor":"MELGAREJO DRAPER, XAVIER","codart":"841588040","libros-coleccion":"","ediciones":"1","encuadernacion":"R\u00fastica","fecha_de_publicacion":"01\/10\/2013","novedad":"0","paginas":"208","subtitulo":"QU\u00c9 PODEMOS APRENDER DEL SISTEMA EDUCATIVO DE M\u00c1S \u00c9XITO","orden":"999","portada":"0","idioma":"spa","editorial":[{"ID":6331,"post_author":"3","post_date":"2022-07-28 17:49:53","post_date_gmt":"2022-07-28 15:49:53","post_content":"","post_title":"PLATAFORMA EDITORIAL","post_excerpt":"","post_status":"publish","comment_status":"closed","ping_status":"closed","post_password":"","post_name":"plataforma-editorial","to_ping":"","pinged":"","post_modified":"2022-07-28 17:49:53","post_modified_gmt":"2022-07-28 15:49:53","post_content_filtered":"","post_parent":0,"guid":"http:\/\/dev.claret.cat\/editorial\/plataforma-editorial\/","menu_order":0,"post_type":"editorial","post_mime_type":"","comment_count":"0","filter":"raw"}],"autores-libros":[{"ID":301697,"post_author":"3","post_date":"2022-12-16 03:06:20","post_date_gmt":"2022-12-16 02:06:20","post_content":"","post_title":"XAVIER MELGAREJO DRAPER","post_excerpt":"","post_status":"publish","comment_status":"closed","ping_status":"closed","post_password":"","post_name":"xavier-melgarejo-draper","to_ping":"","pinged":"","post_modified":"2022-12-16 03:06:20","post_modified_gmt":"2022-12-16 02:06:20","post_content_filtered":"","post_parent":0,"guid":"http:\/\/dev.claret.cat\/autor\/xavier-melgarejo-draper\/","menu_order":0,"post_type":"autor","post_mime_type":"","comment_count":"0","filter":"raw"}]},"aioseo_notices":[],"_links":{"self":[{"href":"https:\/\/www.claret.cat\/es\/wp-json\/wp\/v2\/product\/301698","targetHints":{"allow":["GET"]}}],"collection":[{"href":"https:\/\/www.claret.cat\/es\/wp-json\/wp\/v2\/product"}],"about":[{"href":"https:\/\/www.claret.cat\/es\/wp-json\/wp\/v2\/types\/product"}],"wp:featuredmedia":[{"embeddable":true,"href":"https:\/\/www.claret.cat\/es\/wp-json\/wp\/v2\/media\/301699"}],"wp:attachment":[{"href":"https:\/\/www.claret.cat\/es\/wp-json\/wp\/v2\/media?parent=301698"}],"wp:term":[{"taxonomy":"product_brand","embeddable":true,"href":"https:\/\/www.claret.cat\/es\/wp-json\/wp\/v2\/product_brand?post=301698"},{"taxonomy":"product_cat","embeddable":true,"href":"https:\/\/www.claret.cat\/es\/wp-json\/wp\/v2\/product_cat?post=301698"},{"taxonomy":"product_tag","embeddable":true,"href":"https:\/\/www.claret.cat\/es\/wp-json\/wp\/v2\/product_tag?post=301698"}],"curies":[{"name":"wp","href":"https:\/\/api.w.org\/{rel}","templated":true}]}}