{"id":301725,"date":"2022-12-16T03:07:24","date_gmt":"2022-12-16T02:07:24","guid":{"rendered":"http:\/\/dev.claret.cat\/llibre\/angeles-y-demonios-criaturas-espirituales-9788415915317\/"},"modified":"2026-03-04T13:46:08","modified_gmt":"2026-03-04T12:46:08","slug":"angeles-y-demonios-criaturas-espirituales-9788415915317","status":"publish","type":"product","link":"https:\/\/www.claret.cat\/es\/libro\/angeles-y-demonios-criaturas-espirituales-9788415915317\/","title":{"rendered":"ANGELES Y DEMONIOS. CRIATURAS ESPIRITUALES"},"content":{"rendered":"<p>\u00bfExisten los \u00e1ngeles? \u00bfSon un mito del pasado, del mundo judeocristiano y de otras religiones? \u00bfHemos de pasar p\u00e1gina sobre ellos? \u00bfO debemos tenerlos presentes en nuestra fe y en su vivencia? \u00bfPuede la raz\u00f3n explicar su existencia? \u00bfQu\u00e9 dice la revelaci\u00f3n y qu\u00e9 dice la Iglesia? Es curioso que, si hoy tienen fuerza las posturas &#8216;angelicidas&#8217;, por otra parte la creencia en ellos est\u00e1 de moda, como sucede en los medios de la &#8216;Nueva Era&#8217;.<br \/>Algo parecido se puede plantear con respecto a Satan\u00e1s y a los demonios: \u00bfExisten o son un cuento para atemorizar a los ni\u00f1os y a los creyentes ingenuos? El poeta Baudelaire afirm\u00f3 en el siglo XIX: &#8216;El m\u00e1s bello ardid del Diablo es persuadirnos de que \u00e9l no existe&#8217;. Si es as\u00ed, \u00bfc\u00f3mo lo consigue? \u00bfY c\u00f3mo influyen los demonios sobre los hombres y sobre el mundo? \u00bfQu\u00e9 es el satanismo y c\u00f3mo act\u00faan las sectas sat\u00e1nicas? <br \/>En este libro se podr\u00e1n encontrar respuestas a estos y otros interrogantes. Parte de fundamentos teol\u00f3gicos seguros, pero trata de presentar la doctrina con claridad, para que resulte asequible al lector medio.<\/p>\n","protected":false},"excerpt":{"rendered":"<p>CANTERA, SANTIAGO<\/p>\n","protected":false},"featured_media":312980,"template":"","meta":{"_acf_changed":false,"om_disable_all_campaigns":false,"rs_blank_template":"","rs_page_bg_color":"","slide_template_v7":"","inline_featured_image":false,"_monsterinsights_skip_tracking":false,"_monsterinsights_sitenote_active":false,"_monsterinsights_sitenote_note":"","_monsterinsights_sitenote_category":0},"product_brand":[],"product_cat":[345,79],"product_tag":[],"class_list":{"0":"post-301725","1":"product","2":"type-product","3":"status-publish","4":"has-post-thumbnail","6":"product_cat-espiritualidad","7":"product_cat-espiritualitat","9":"first","10":"instock","11":"taxable","12":"shipping-taxable","13":"purchasable","14":"product-type-simple"},"acf":{"autor":"CANTERA, SANTIAGO","codart":"841591531","libros-coleccion":"","ediciones":"1","encuadernacion":"R\u00fastica","fecha_de_publicacion":"15\/02\/2016","novedad":"0","paginas":"280","subtitulo":"","orden":"999","portada":"0","idioma":"spa","editorial":[{"ID":8234,"post_author":"3","post_date":"2022-09-30 09:21:21","post_date_gmt":"2022-09-30 07:21:21","post_content":"","post_title":"EDIBESA - propi","post_excerpt":"","post_status":"publish","comment_status":"closed","ping_status":"closed","post_password":"","post_name":"edibesa-propi","to_ping":"","pinged":"","post_modified":"2022-09-30 09:21:21","post_modified_gmt":"2022-09-30 07:21:21","post_content_filtered":"","post_parent":0,"guid":"http:\/\/dev.claret.cat\/editorial\/edibesa-propi\/","menu_order":0,"post_type":"editorial","post_mime_type":"","comment_count":"0","filter":"raw"}],"autores-libros":[{"ID":301724,"post_author":"3","post_date":"2022-12-16 03:07:22","post_date_gmt":"2022-12-16 02:07:22","post_content":"","post_title":"SANTIAGO CANTERA","post_excerpt":"","post_status":"publish","comment_status":"closed","ping_status":"closed","post_password":"","post_name":"santiago-cantera","to_ping":"","pinged":"","post_modified":"2022-12-16 03:07:22","post_modified_gmt":"2022-12-16 02:07:22","post_content_filtered":"","post_parent":0,"guid":"http:\/\/dev.claret.cat\/autor\/santiago-cantera\/","menu_order":0,"post_type":"autor","post_mime_type":"","comment_count":"0","filter":"raw"}],"booktrailer":"","resenas":""},"aioseo_notices":[],"_links":{"self":[{"href":"https:\/\/www.claret.cat\/es\/wp-json\/wp\/v2\/product\/301725","targetHints":{"allow":["GET"]}}],"collection":[{"href":"https:\/\/www.claret.cat\/es\/wp-json\/wp\/v2\/product"}],"about":[{"href":"https:\/\/www.claret.cat\/es\/wp-json\/wp\/v2\/types\/product"}],"wp:featuredmedia":[{"embeddable":true,"href":"https:\/\/www.claret.cat\/es\/wp-json\/wp\/v2\/media\/312980"}],"wp:attachment":[{"href":"https:\/\/www.claret.cat\/es\/wp-json\/wp\/v2\/media?parent=301725"}],"wp:term":[{"taxonomy":"product_brand","embeddable":true,"href":"https:\/\/www.claret.cat\/es\/wp-json\/wp\/v2\/product_brand?post=301725"},{"taxonomy":"product_cat","embeddable":true,"href":"https:\/\/www.claret.cat\/es\/wp-json\/wp\/v2\/product_cat?post=301725"},{"taxonomy":"product_tag","embeddable":true,"href":"https:\/\/www.claret.cat\/es\/wp-json\/wp\/v2\/product_tag?post=301725"}],"curies":[{"name":"wp","href":"https:\/\/api.w.org\/{rel}","templated":true}]}}