{"id":301830,"date":"2022-12-16T03:11:20","date_gmt":"2022-12-16T02:11:20","guid":{"rendered":"http:\/\/dev.claret.cat\/llibre\/qui-mha-robat-les-plomes-9788415975779\/"},"modified":"2023-05-15T13:22:51","modified_gmt":"2023-05-15T11:22:51","slug":"qui-mha-robat-les-plomes-9788415975779","status":"publish","type":"product","link":"https:\/\/www.claret.cat\/es\/libro\/qui-mha-robat-les-plomes-9788415975779\/","title":{"rendered":"QUI M&#8217;HA  ROBAT LES PLOMES?"},"content":{"rendered":"<p>La Carlota i el seu gat, en Merl\u00ed, van a fer un volt a la granja de l&#8217;oncle, per\u00f2 de seguida s&#8217;adonen que les aus estan revoltades: Hi ha alg\u00fa que les hi est\u00e0 robant les plomes i en Merl\u00ed \u00e9s el principal sospit\u00f3s.<\/p>\n","protected":false},"excerpt":{"rendered":"<p>LIENAS, GEMMA<\/p>\n","protected":false},"featured_media":316779,"template":"","meta":{"_acf_changed":false,"om_disable_all_campaigns":false,"rs_blank_template":"","rs_page_bg_color":"","slide_template_v7":"","inline_featured_image":false,"_monsterinsights_skip_tracking":false,"_monsterinsights_sitenote_active":false,"_monsterinsights_sitenote_note":"","_monsterinsights_sitenote_category":0},"product_brand":[],"product_cat":[86,352],"product_tag":[],"class_list":{"0":"post-301830","1":"product","2":"type-product","3":"status-publish","4":"has-post-thumbnail","6":"product_cat-infantil","7":"product_cat-infantil-3_infantil-juvenil-spa","9":"first","10":"instock","11":"taxable","12":"shipping-taxable","13":"purchasable","14":"product-type-simple"},"acf":{"autor":"LIENAS, GEMMA","codart":"841597577","libros-coleccion":"","ediciones":"1","encuadernacion":"Carpeta","fecha_de_publicacion":"25\/02\/2016","novedad":"0","paginas":"64","subtitulo":"","orden":"999","portada":"0","idioma":"cat","editorial":[{"ID":6123,"post_author":"3","post_date":"2022-07-28 17:45:23","post_date_gmt":"2022-07-28 15:45:23","post_content":"","post_title":"ANIMALLIBRES","post_excerpt":"","post_status":"publish","comment_status":"closed","ping_status":"closed","post_password":"","post_name":"animallibres","to_ping":"","pinged":"","post_modified":"2022-07-28 17:45:23","post_modified_gmt":"2022-07-28 15:45:23","post_content_filtered":"","post_parent":0,"guid":"http:\/\/dev.claret.cat\/editorial\/animallibres\/","menu_order":0,"post_type":"editorial","post_mime_type":"","comment_count":"0","filter":"raw"}],"autores-libros":[{"ID":156676,"post_author":"3","post_date":"2022-10-14 15:22:42","post_date_gmt":"2022-10-14 13:22:42","post_content":"","post_title":"GEMMA LIENAS","post_excerpt":"","post_status":"publish","comment_status":"closed","ping_status":"closed","post_password":"","post_name":"gemma-lienas-2","to_ping":"","pinged":"","post_modified":"2022-10-14 15:22:42","post_modified_gmt":"2022-10-14 13:22:42","post_content_filtered":"","post_parent":0,"guid":"http:\/\/dev.claret.cat\/autor\/gemma-lienas-2\/","menu_order":0,"post_type":"autor","post_mime_type":"","comment_count":"0","filter":"raw"}]},"aioseo_notices":[],"_links":{"self":[{"href":"https:\/\/www.claret.cat\/es\/wp-json\/wp\/v2\/product\/301830","targetHints":{"allow":["GET"]}}],"collection":[{"href":"https:\/\/www.claret.cat\/es\/wp-json\/wp\/v2\/product"}],"about":[{"href":"https:\/\/www.claret.cat\/es\/wp-json\/wp\/v2\/types\/product"}],"wp:featuredmedia":[{"embeddable":true,"href":"https:\/\/www.claret.cat\/es\/wp-json\/wp\/v2\/media\/316779"}],"wp:attachment":[{"href":"https:\/\/www.claret.cat\/es\/wp-json\/wp\/v2\/media?parent=301830"}],"wp:term":[{"taxonomy":"product_brand","embeddable":true,"href":"https:\/\/www.claret.cat\/es\/wp-json\/wp\/v2\/product_brand?post=301830"},{"taxonomy":"product_cat","embeddable":true,"href":"https:\/\/www.claret.cat\/es\/wp-json\/wp\/v2\/product_cat?post=301830"},{"taxonomy":"product_tag","embeddable":true,"href":"https:\/\/www.claret.cat\/es\/wp-json\/wp\/v2\/product_tag?post=301830"}],"curies":[{"name":"wp","href":"https:\/\/api.w.org\/{rel}","templated":true}]}}