{"id":301872,"date":"2022-12-16T03:13:05","date_gmt":"2022-12-16T02:13:05","guid":{"rendered":"http:\/\/dev.claret.cat\/llibre\/la-resistencia-intima-9788416011445\/"},"modified":"2026-04-14T13:40:41","modified_gmt":"2026-04-14T11:40:41","slug":"la-resistencia-intima-9788416011445","status":"publish","type":"product","link":"https:\/\/www.claret.cat\/es\/libro\/la-resistencia-intima-9788416011445\/","title":{"rendered":"LA RESISTENCIA \u00cdNTIMA"},"content":{"rendered":"<p>La resistencia \u00edntima es un atento y profundo ensayo sobre la condici\u00f3n humana. Su autor nos descubre de qu\u00e9 modo el aut\u00e9ntico cuidado de uno mismo da luz y calor a los que est\u00e1n cerca, protegi\u00e9ndoles y sirvi\u00e9ndoles de gu\u00eda en el camino. \u00abReconocemos que resistencia \u00edntima es el nombre de una experiencia, propia de<br \/> la comarca de la proximidad; comarca que no es visita de un d\u00eda, sino habitual estancia. Pero hoy cuesta quedarse en ella. La proximidad no se mide en metros ni en cent\u00edmetros. Su opuesto no es la lejan\u00eda sino, m\u00e1s bien, la ubicua monocrom\u00eda<br \/> del mundo tecnificado. Hemos visto c\u00f3mo la cotidianidad y el gesto de la casa son<br \/> important\u00edsimas modalidades de la experiencia de la proximidad\u00bb.<\/p>\n","protected":false},"excerpt":{"rendered":"<p>ESQUIROL CALAF, JOSEP MARIA<\/p>\n","protected":false},"featured_media":301873,"template":"","meta":{"_acf_changed":false,"om_disable_all_campaigns":false,"rs_blank_template":"","rs_page_bg_color":"","slide_template_v7":"","inline_featured_image":false,"_monsterinsights_skip_tracking":false,"_monsterinsights_sitenote_active":false,"_monsterinsights_sitenote_note":"","_monsterinsights_sitenote_category":0},"product_brand":[],"product_cat":[90,540],"product_tag":[],"class_list":{"0":"post-301872","1":"product","2":"type-product","3":"status-publish","4":"has-post-thumbnail","6":"product_cat-altres","7":"product_cat-otros","9":"first","10":"instock","11":"taxable","12":"shipping-taxable","13":"purchasable","14":"product-type-simple"},"acf":{"autor":"ESQUIROL CALAF, JOSEP MARIA","codart":"841601144","libros-coleccion":"","ediciones":"4","encuadernacion":"R\u00fastica","fecha_de_publicacion":"18\/02\/2016","novedad":"0","paginas":"177","subtitulo":"ENSAYO DE UNA FILOSOF\u00cdA DE LA PROXIMIDAD","orden":"999","portada":"0","idioma":"spa","editorial":[{"ID":6111,"post_author":"3","post_date":"2022-07-28 17:45:08","post_date_gmt":"2022-07-28 15:45:08","post_content":"","post_title":"ACANTILADO","post_excerpt":"","post_status":"publish","comment_status":"closed","ping_status":"closed","post_password":"","post_name":"acantilado","to_ping":"","pinged":"","post_modified":"2022-07-28 17:45:08","post_modified_gmt":"2022-07-28 15:45:08","post_content_filtered":"","post_parent":0,"guid":"http:\/\/dev.claret.cat\/editorial\/acantilado\/","menu_order":0,"post_type":"editorial","post_mime_type":"","comment_count":"0","filter":"raw"}],"autores-libros":[{"ID":160749,"post_author":"3","post_date":"2022-10-14 15:55:35","post_date_gmt":"2022-10-14 13:55:35","post_content":"","post_title":"JOSEP MARIA ESQUIROL CALAF","post_excerpt":"","post_status":"publish","comment_status":"closed","ping_status":"closed","post_password":"","post_name":"josep-maria-esquirol-calaf","to_ping":"","pinged":"","post_modified":"2022-10-14 15:55:35","post_modified_gmt":"2022-10-14 13:55:35","post_content_filtered":"","post_parent":0,"guid":"http:\/\/dev.claret.cat\/autor\/josep-maria-esquirol-calaf\/","menu_order":0,"post_type":"autor","post_mime_type":"","comment_count":"0","filter":"raw"}],"booktrailer":"","resenas":""},"aioseo_notices":[],"_links":{"self":[{"href":"https:\/\/www.claret.cat\/es\/wp-json\/wp\/v2\/product\/301872","targetHints":{"allow":["GET"]}}],"collection":[{"href":"https:\/\/www.claret.cat\/es\/wp-json\/wp\/v2\/product"}],"about":[{"href":"https:\/\/www.claret.cat\/es\/wp-json\/wp\/v2\/types\/product"}],"wp:featuredmedia":[{"embeddable":true,"href":"https:\/\/www.claret.cat\/es\/wp-json\/wp\/v2\/media\/301873"}],"wp:attachment":[{"href":"https:\/\/www.claret.cat\/es\/wp-json\/wp\/v2\/media?parent=301872"}],"wp:term":[{"taxonomy":"product_brand","embeddable":true,"href":"https:\/\/www.claret.cat\/es\/wp-json\/wp\/v2\/product_brand?post=301872"},{"taxonomy":"product_cat","embeddable":true,"href":"https:\/\/www.claret.cat\/es\/wp-json\/wp\/v2\/product_cat?post=301872"},{"taxonomy":"product_tag","embeddable":true,"href":"https:\/\/www.claret.cat\/es\/wp-json\/wp\/v2\/product_tag?post=301872"}],"curies":[{"name":"wp","href":"https:\/\/api.w.org\/{rel}","templated":true}]}}