{"id":301878,"date":"2022-12-16T03:13:20","date_gmt":"2022-12-16T02:13:20","guid":{"rendered":"http:\/\/dev.claret.cat\/llibre\/vidas-de-alejandro-y-cesar-9788416011896\/"},"modified":"2023-01-28T15:48:02","modified_gmt":"2023-01-28T14:48:02","slug":"vidas-de-alejandro-y-cesar-9788416011896","status":"publish","type":"product","link":"https:\/\/www.claret.cat\/es\/libro\/vidas-de-alejandro-y-cesar-9788416011896\/","title":{"rendered":"VIDAS DE ALEJANDRO Y C\u00c9SAR"},"content":{"rendered":"<p>Alejandro, el conquistador macedonio, y C\u00e9sar, el gran c\u00f3nsul romano, son las figuras m\u00e1s c\u00e9lebres de las &#8216;Vidas paralelas&#8217; de Plutarco, una serie de biograf\u00edas de hombres ilustres emparejados por la similitud de sus designios. Plutarco examina tanto la<\/p>\n","protected":false},"excerpt":{"rendered":"<p>PLUTARCO<\/p>\n","protected":false},"featured_media":301879,"template":"","meta":{"_acf_changed":false,"om_disable_all_campaigns":false,"rs_blank_template":"","rs_page_bg_color":"","slide_template_v7":"","inline_featured_image":false,"_monsterinsights_skip_tracking":false,"_monsterinsights_sitenote_active":false,"_monsterinsights_sitenote_note":"","_monsterinsights_sitenote_category":0},"product_brand":[],"product_cat":[349,83,353,87],"product_tag":[],"class_list":{"0":"post-301878","1":"product","2":"type-product","3":"status-publish","4":"has-post-thumbnail","6":"product_cat-filosofia-2_humanidades","7":"product_cat-filosofia","8":"product_cat-literatura-2_humanidades","9":"product_cat-literatura","11":"first","12":"instock","13":"taxable","14":"shipping-taxable","15":"purchasable","16":"product-type-simple"},"acf":{"autor":"PLUTARCO","codart":"841601189","libros-coleccion":"","ediciones":"1","encuadernacion":"R\u00fastica","fecha_de_publicacion":"11\/02\/2016","novedad":"0","paginas":"238","subtitulo":"","orden":"999","portada":"0","idioma":"spa","editorial":[{"ID":6111,"post_author":"3","post_date":"2022-07-28 17:45:08","post_date_gmt":"2022-07-28 15:45:08","post_content":"","post_title":"ACANTILADO","post_excerpt":"","post_status":"publish","comment_status":"closed","ping_status":"closed","post_password":"","post_name":"acantilado","to_ping":"","pinged":"","post_modified":"2022-07-28 17:45:08","post_modified_gmt":"2022-07-28 15:45:08","post_content_filtered":"","post_parent":0,"guid":"http:\/\/dev.claret.cat\/editorial\/acantilado\/","menu_order":0,"post_type":"editorial","post_mime_type":"","comment_count":"0","filter":"raw"}],"autores-libros":[{"ID":167371,"post_author":"3","post_date":"2022-10-14 18:10:40","post_date_gmt":"2022-10-14 16:10:40","post_content":"","post_title":"PLUTARCO","post_excerpt":"","post_status":"publish","comment_status":"closed","ping_status":"closed","post_password":"","post_name":"plutarco","to_ping":"","pinged":"","post_modified":"2022-10-14 18:10:40","post_modified_gmt":"2022-10-14 16:10:40","post_content_filtered":"","post_parent":0,"guid":"http:\/\/dev.claret.cat\/autor\/plutarco\/","menu_order":0,"post_type":"autor","post_mime_type":"","comment_count":"0","filter":"raw"}]},"aioseo_notices":[],"_links":{"self":[{"href":"https:\/\/www.claret.cat\/es\/wp-json\/wp\/v2\/product\/301878","targetHints":{"allow":["GET"]}}],"collection":[{"href":"https:\/\/www.claret.cat\/es\/wp-json\/wp\/v2\/product"}],"about":[{"href":"https:\/\/www.claret.cat\/es\/wp-json\/wp\/v2\/types\/product"}],"wp:featuredmedia":[{"embeddable":true,"href":"https:\/\/www.claret.cat\/es\/wp-json\/wp\/v2\/media\/301879"}],"wp:attachment":[{"href":"https:\/\/www.claret.cat\/es\/wp-json\/wp\/v2\/media?parent=301878"}],"wp:term":[{"taxonomy":"product_brand","embeddable":true,"href":"https:\/\/www.claret.cat\/es\/wp-json\/wp\/v2\/product_brand?post=301878"},{"taxonomy":"product_cat","embeddable":true,"href":"https:\/\/www.claret.cat\/es\/wp-json\/wp\/v2\/product_cat?post=301878"},{"taxonomy":"product_tag","embeddable":true,"href":"https:\/\/www.claret.cat\/es\/wp-json\/wp\/v2\/product_tag?post=301878"}],"curies":[{"name":"wp","href":"https:\/\/api.w.org\/{rel}","templated":true}]}}