{"id":301893,"date":"2022-12-16T03:13:54","date_gmt":"2022-12-16T02:13:54","guid":{"rendered":"http:\/\/dev.claret.cat\/llibre\/objetivo-generar-talento-9788416029266\/"},"modified":"2023-01-28T23:55:11","modified_gmt":"2023-01-28T22:55:11","slug":"objetivo-generar-talento-9788416029266","status":"publish","type":"product","link":"https:\/\/www.claret.cat\/es\/libro\/objetivo-generar-talento-9788416029266\/","title":{"rendered":"OBJETIVO: GENERAR TALENTO"},"content":{"rendered":"<p>Objetivo: generar talento desarrolla un modelo totalmente  innovador para comprender el talento entendido como la inteligencia  actuando de manera adecuada, brillante, eficiente; y explica c\u00f3mo se genera, no solo a nivel individual, sino tambi\u00e9n de las organizaciones y de las sociedades.\u00abEste es un libro optimista. No con el optimismo un poco bobo de los libros de autoayuda que le prometen que puede ser millonario al instante, sino con el optimismo de la neurociencia que  sostiene que nuestras posibilidades son mayores a\u00fan de  lo que cre\u00edamos.\u00bb<br \/>Jos\u00e9 Antonio MarinaCada a\u00f1o se publican infinidad de \u00edndices que miden el talento de las  organizaciones, de los pa\u00edses, de las econom\u00edas, pero a juicio de Jos\u00e9  Antonio Marina estos estudios presentan un error de enfoque. En todos se  menciona el talento como si fuera una piedra preciosa escasa y codiciada  por la que hay que pujar; da igual que sea en el mundo empresarial que  en el mundo futbol\u00edstico: hay que fichar al mejor. Esta idea central de  que la riqueza es pastel que hay que repartir, es la ant\u00edtesis de una visi\u00f3n creadora de la inteligencia, capaz de inventar y ampliar  nuestras posibilidades, nuestra riqueza, nuestro talento, que defiende Jos\u00e9 Antonio Marina en este libro.En Objetivo: generar talento, Jos\u00e9 Antonio Marina ofrece las  claves para pensar mejor, sentir mejor, tomar mejores decisiones y  ponerlas en pr\u00e1ctica con mayor determinaci\u00f3n, para lograr que la guerra  por el talento abstracto se convierta en la guerra por las personas que saben generar talento.<\/p>\n","protected":false},"excerpt":{"rendered":"<p>MARINA, JOSE ANTONIO<\/p>\n","protected":false},"featured_media":301894,"template":"","meta":{"_acf_changed":false,"om_disable_all_campaigns":false,"rs_blank_template":"","rs_page_bg_color":"","slide_template_v7":"","inline_featured_image":false,"_monsterinsights_skip_tracking":false,"_monsterinsights_sitenote_active":false,"_monsterinsights_sitenote_note":"","_monsterinsights_sitenote_category":0},"product_brand":[],"product_cat":[81,347],"product_tag":[],"class_list":{"0":"post-301893","1":"product","2":"type-product","3":"status-publish","4":"has-post-thumbnail","6":"product_cat-psicologia","7":"product_cat-psicologia-2_humanidades","9":"first","10":"instock","11":"taxable","12":"shipping-taxable","13":"purchasable","14":"product-type-simple"},"acf":{"autor":"MARINA, JOSE ANTONIO","codart":"841602926","libros-coleccion":"","ediciones":"1","encuadernacion":"R\u00fastica","fecha_de_publicacion":"08\/03\/2016","novedad":"0","paginas":"176","subtitulo":"C\u00d3MO PONER EN ACCI\u00d3N LA INTELIGENCIA","orden":"999","portada":"0","idioma":"spa","editorial":[{"ID":147656,"post_author":"3","post_date":"2022-10-14 11:52:14","post_date_gmt":"2022-10-14 09:52:14","post_content":"","post_title":"CONECTA","post_excerpt":"","post_status":"publish","comment_status":"closed","ping_status":"closed","post_password":"","post_name":"conecta","to_ping":"","pinged":"","post_modified":"2022-10-14 11:52:14","post_modified_gmt":"2022-10-14 09:52:14","post_content_filtered":"","post_parent":0,"guid":"http:\/\/dev.claret.cat\/editorial\/conecta\/","menu_order":0,"post_type":"editorial","post_mime_type":"","comment_count":"0","filter":"raw"}],"autores-libros":[{"ID":160177,"post_author":"3","post_date":"2022-10-14 15:50:55","post_date_gmt":"2022-10-14 13:50:55","post_content":"","post_title":"JOS\u00c9 ANTONIO MARINA","post_excerpt":"","post_status":"publish","comment_status":"closed","ping_status":"closed","post_password":"","post_name":"jose-antonio-marina","to_ping":"","pinged":"","post_modified":"2022-10-14 15:50:55","post_modified_gmt":"2022-10-14 13:50:55","post_content_filtered":"","post_parent":0,"guid":"http:\/\/dev.claret.cat\/autor\/jose-antonio-marina\/","menu_order":0,"post_type":"autor","post_mime_type":"","comment_count":"0","filter":"raw"}]},"aioseo_notices":[],"_links":{"self":[{"href":"https:\/\/www.claret.cat\/es\/wp-json\/wp\/v2\/product\/301893","targetHints":{"allow":["GET"]}}],"collection":[{"href":"https:\/\/www.claret.cat\/es\/wp-json\/wp\/v2\/product"}],"about":[{"href":"https:\/\/www.claret.cat\/es\/wp-json\/wp\/v2\/types\/product"}],"wp:featuredmedia":[{"embeddable":true,"href":"https:\/\/www.claret.cat\/es\/wp-json\/wp\/v2\/media\/301894"}],"wp:attachment":[{"href":"https:\/\/www.claret.cat\/es\/wp-json\/wp\/v2\/media?parent=301893"}],"wp:term":[{"taxonomy":"product_brand","embeddable":true,"href":"https:\/\/www.claret.cat\/es\/wp-json\/wp\/v2\/product_brand?post=301893"},{"taxonomy":"product_cat","embeddable":true,"href":"https:\/\/www.claret.cat\/es\/wp-json\/wp\/v2\/product_cat?post=301893"},{"taxonomy":"product_tag","embeddable":true,"href":"https:\/\/www.claret.cat\/es\/wp-json\/wp\/v2\/product_tag?post=301893"}],"curies":[{"name":"wp","href":"https:\/\/api.w.org\/{rel}","templated":true}]}}