{"id":301935,"date":"2022-12-16T03:15:32","date_gmt":"2022-12-16T02:15:32","guid":{"rendered":"http:\/\/dev.claret.cat\/llibre\/donde-esta-wally-libro-para-colorear-9788416075850\/"},"modified":"2026-02-21T11:35:17","modified_gmt":"2026-02-21T10:35:17","slug":"donde-esta-wally-libro-para-colorear-9788416075850","status":"publish","type":"product","link":"https:\/\/www.claret.cat\/es\/libro\/donde-esta-wally-libro-para-colorear-9788416075850\/","title":{"rendered":"D\u00d3NDE EST\u00c1 WALLY? LIBRO PARA COLOREAR"},"content":{"rendered":"<p>\u00a1Da vida a las complejas escenas de \u00bfD\u00f3nde est\u00e1 Wally? al a\u00f1adirles color y busca, adem\u00e1s, cientos de cosas en cada una de ellas! \u00bfPuedes encontrar a Wally? Ahora, en blanco y negro es mucho m\u00e1s complicado. Encuentra tambi\u00e9n los l\u00e1pices para colorear que ha perdido. Horas, d\u00edas, incluso semanas de diversi\u00f3n creativa te esperan. \u00bfQu\u00e9 colores elegir\u00e1s?<br \/> \u00abMe encanta la idea de un viaje emocionante que nunca termina, repleto de color, energ\u00eda y gente sonriendo. \u00bfQu\u00e9 podr\u00eda ser mejor?\u00bbMartin Handford<\/p>\n","protected":false},"excerpt":{"rendered":"<p>HANDFORD, MARTIN<\/p>\n","protected":false},"featured_media":1085413,"template":"","meta":{"_acf_changed":false,"om_disable_all_campaigns":false,"rs_blank_template":"","rs_page_bg_color":"","slide_template_v7":"","inline_featured_image":false,"_monsterinsights_skip_tracking":false,"_monsterinsights_sitenote_active":false,"_monsterinsights_sitenote_note":"","_monsterinsights_sitenote_category":0},"product_brand":[],"product_cat":[86,352],"product_tag":[],"class_list":{"0":"post-301935","1":"product","2":"type-product","3":"status-publish","4":"has-post-thumbnail","6":"product_cat-infantil","7":"product_cat-infantil-3_infantil-juvenil-spa","9":"first","10":"outofstock","11":"taxable","12":"shipping-taxable","13":"purchasable","14":"product-type-simple"},"acf":{"autor":"HANDFORD, MARTIN","codart":"841607585","libros-coleccion":"","ediciones":"1","encuadernacion":"R\u00fastica","fecha_de_publicacion":"03\/03\/2016","novedad":"0","paginas":"64","subtitulo":"","orden":"999","portada":"0","idioma":"spa","editorial":[{"ID":261990,"post_author":"3","post_date":"2022-10-24 11:18:29","post_date_gmt":"2022-10-24 09:18:29","post_content":"","post_title":"EDICIONES B.(GRUPO ZETA)","post_excerpt":"","post_status":"publish","comment_status":"closed","ping_status":"closed","post_password":"","post_name":"ediciones-b-grupo-zeta","to_ping":"","pinged":"","post_modified":"2022-10-24 11:18:29","post_modified_gmt":"2022-10-24 09:18:29","post_content_filtered":"","post_parent":0,"guid":"http:\/\/dev.claret.cat\/editorial\/ediciones-b-grupo-zeta\/","menu_order":0,"post_type":"editorial","post_mime_type":"","comment_count":"0","filter":"raw"}],"autores-libros":[{"ID":164289,"post_author":"3","post_date":"2022-10-14 17:45:53","post_date_gmt":"2022-10-14 15:45:53","post_content":"","post_title":"MARTIN HANDFORD","post_excerpt":"","post_status":"publish","comment_status":"closed","ping_status":"closed","post_password":"","post_name":"martin-handford","to_ping":"","pinged":"","post_modified":"2022-10-14 17:45:53","post_modified_gmt":"2022-10-14 15:45:53","post_content_filtered":"","post_parent":0,"guid":"http:\/\/dev.claret.cat\/autor\/martin-handford\/","menu_order":0,"post_type":"autor","post_mime_type":"","comment_count":"0","filter":"raw"}],"booktrailer":"","resenas":""},"aioseo_notices":[],"_links":{"self":[{"href":"https:\/\/www.claret.cat\/es\/wp-json\/wp\/v2\/product\/301935","targetHints":{"allow":["GET"]}}],"collection":[{"href":"https:\/\/www.claret.cat\/es\/wp-json\/wp\/v2\/product"}],"about":[{"href":"https:\/\/www.claret.cat\/es\/wp-json\/wp\/v2\/types\/product"}],"wp:featuredmedia":[{"embeddable":true,"href":"https:\/\/www.claret.cat\/es\/wp-json\/wp\/v2\/media\/1085413"}],"wp:attachment":[{"href":"https:\/\/www.claret.cat\/es\/wp-json\/wp\/v2\/media?parent=301935"}],"wp:term":[{"taxonomy":"product_brand","embeddable":true,"href":"https:\/\/www.claret.cat\/es\/wp-json\/wp\/v2\/product_brand?post=301935"},{"taxonomy":"product_cat","embeddable":true,"href":"https:\/\/www.claret.cat\/es\/wp-json\/wp\/v2\/product_cat?post=301935"},{"taxonomy":"product_tag","embeddable":true,"href":"https:\/\/www.claret.cat\/es\/wp-json\/wp\/v2\/product_tag?post=301935"}],"curies":[{"name":"wp","href":"https:\/\/api.w.org\/{rel}","templated":true}]}}