{"id":301938,"date":"2022-12-16T03:15:39","date_gmt":"2022-12-16T02:15:39","guid":{"rendered":"http:\/\/dev.claret.cat\/llibre\/monstruopedia-9788416075898\/"},"modified":"2023-01-28T08:04:13","modified_gmt":"2023-01-28T07:04:13","slug":"monstruopedia-9788416075898","status":"publish","type":"product","link":"https:\/\/www.claret.cat\/es\/libro\/monstruopedia-9788416075898\/","title":{"rendered":"MONSTRUOPEDIA"},"content":{"rendered":"<p>Hay una primera etapa de la infancia en la que el miedo tiene una presencia marcada. De repente, muchos ni\u00f1os temen a la oscuridad, de la que creen que pueden surgir monstruos terribles. Pero \u00bfy si estos monstruos fueran como t\u00fa y como yo, con sus aficiones, sus defectos e incluso sus propios miedos? \u00bfY si no fuesen tan terribles como los imaginamos? \u00bfY si pudi\u00e9ramos concebirlos de una manera mucho m\u00e1s divertida? Con m\u00e1s de una docena de monstruos, cada uno dibujado y acompa\u00f1ado por un simp\u00e1tico poema, Monstruopedia. Un cat\u00e1logo de monstruos (que no existen) nos presenta los perfiles m\u00e1s humanos de estas terribles criaturas.<br \/> \u00a1R\u00edete de la oscuridad y los aullidos con este libro de monstruos divertidos!<\/p>\n","protected":false},"excerpt":{"rendered":"<p>GU, RAQUEL<\/p>\n","protected":false},"featured_media":301939,"template":"","meta":{"_acf_changed":false,"om_disable_all_campaigns":false,"rs_blank_template":"","rs_page_bg_color":"","slide_template_v7":"","inline_featured_image":false,"_monsterinsights_skip_tracking":false,"_monsterinsights_sitenote_active":false,"_monsterinsights_sitenote_note":"","_monsterinsights_sitenote_category":0},"product_brand":[],"product_cat":[86,352],"product_tag":[],"class_list":{"0":"post-301938","1":"product","2":"type-product","3":"status-publish","4":"has-post-thumbnail","6":"product_cat-infantil","7":"product_cat-infantil-3_infantil-juvenil-spa","9":"first","10":"instock","11":"taxable","12":"shipping-taxable","13":"purchasable","14":"product-type-simple"},"acf":{"autor":"GU, RAQUEL","codart":"841607589","libros-coleccion":"","ediciones":"1","encuadernacion":"Carton\u00e9","fecha_de_publicacion":"03\/03\/2016","novedad":"0","paginas":"32","subtitulo":"","orden":"999","portada":"0","idioma":"spa","editorial":[{"ID":261990,"post_author":"3","post_date":"2022-10-24 11:18:29","post_date_gmt":"2022-10-24 09:18:29","post_content":"","post_title":"EDICIONES B.(GRUPO ZETA)","post_excerpt":"","post_status":"publish","comment_status":"closed","ping_status":"closed","post_password":"","post_name":"ediciones-b-grupo-zeta","to_ping":"","pinged":"","post_modified":"2022-10-24 11:18:29","post_modified_gmt":"2022-10-24 09:18:29","post_content_filtered":"","post_parent":0,"guid":"http:\/\/dev.claret.cat\/editorial\/ediciones-b-grupo-zeta\/","menu_order":0,"post_type":"editorial","post_mime_type":"","comment_count":"0","filter":"raw"}],"autores-libros":[{"ID":167803,"post_author":"3","post_date":"2022-10-14 18:14:08","post_date_gmt":"2022-10-14 16:14:08","post_content":"","post_title":"RAQUEL GU","post_excerpt":"","post_status":"publish","comment_status":"closed","ping_status":"closed","post_password":"","post_name":"raquel-gu","to_ping":"","pinged":"","post_modified":"2022-10-14 18:14:08","post_modified_gmt":"2022-10-14 16:14:08","post_content_filtered":"","post_parent":0,"guid":"http:\/\/dev.claret.cat\/autor\/raquel-gu\/","menu_order":0,"post_type":"autor","post_mime_type":"","comment_count":"0","filter":"raw"}]},"aioseo_notices":[],"_links":{"self":[{"href":"https:\/\/www.claret.cat\/es\/wp-json\/wp\/v2\/product\/301938","targetHints":{"allow":["GET"]}}],"collection":[{"href":"https:\/\/www.claret.cat\/es\/wp-json\/wp\/v2\/product"}],"about":[{"href":"https:\/\/www.claret.cat\/es\/wp-json\/wp\/v2\/types\/product"}],"wp:featuredmedia":[{"embeddable":true,"href":"https:\/\/www.claret.cat\/es\/wp-json\/wp\/v2\/media\/301939"}],"wp:attachment":[{"href":"https:\/\/www.claret.cat\/es\/wp-json\/wp\/v2\/media?parent=301938"}],"wp:term":[{"taxonomy":"product_brand","embeddable":true,"href":"https:\/\/www.claret.cat\/es\/wp-json\/wp\/v2\/product_brand?post=301938"},{"taxonomy":"product_cat","embeddable":true,"href":"https:\/\/www.claret.cat\/es\/wp-json\/wp\/v2\/product_cat?post=301938"},{"taxonomy":"product_tag","embeddable":true,"href":"https:\/\/www.claret.cat\/es\/wp-json\/wp\/v2\/product_tag?post=301938"}],"curies":[{"name":"wp","href":"https:\/\/api.w.org\/{rel}","templated":true}]}}