{"id":302070,"date":"2022-12-16T03:20:46","date_gmt":"2022-12-16T02:20:46","guid":{"rendered":"http:\/\/dev.claret.cat\/llibre\/misteris-de-catalunya-per-passar-por-9788416139965\/"},"modified":"2023-01-28T13:08:53","modified_gmt":"2023-01-28T12:08:53","slug":"misteris-de-catalunya-per-passar-por-9788416139965","status":"publish","type":"product","link":"https:\/\/www.claret.cat\/es\/libro\/misteris-de-catalunya-per-passar-por-9788416139965\/","title":{"rendered":"MISTERIS DE CATALUNYA PER PASSAR POR"},"content":{"rendered":"<p>29 hist\u00f2ries basades en fets reals (o gaireb\u00e9 reals) <br \/> Sylvia Lagarda-Mata torna amb hist\u00f2ries de por per al p\u00fablic infantil i juvenil ocorregudes al llarg dels segles en qualsevol poblaci\u00f3 de Catalunya. Desaparicions misterioses, fantasmes, indrets sobrenaturals, ovnis, bruixes, rituals m\u00e0gics, tradicions macabres, vaixells fantasmes, vampirs, homes llop&#8230; Amb il\u00b7lustracions de Guillermo Capac\u00e9s. Llibre pensat per a nens i joves, especialment entre 9 i 12 anys.<\/p>\n","protected":false},"excerpt":{"rendered":"<p>LAGARDA-MATA, SYLVIA<\/p>\n","protected":false},"featured_media":316937,"template":"","meta":{"_acf_changed":false,"om_disable_all_campaigns":false,"rs_blank_template":"","rs_page_bg_color":"","slide_template_v7":"","inline_featured_image":false,"_monsterinsights_skip_tracking":false,"_monsterinsights_sitenote_active":false,"_monsterinsights_sitenote_note":"","_monsterinsights_sitenote_category":0},"product_brand":[],"product_cat":[85,351],"product_tag":[],"class_list":{"0":"post-302070","1":"product","2":"type-product","3":"status-publish","4":"has-post-thumbnail","6":"product_cat-historia","7":"product_cat-historia-2_humanidades","9":"first","10":"instock","11":"taxable","12":"shipping-taxable","13":"purchasable","14":"product-type-simple"},"acf":{"autor":"LAGARDA-MATA, SYLVIA","codart":"841613996","libros-coleccion":"","ediciones":"1","encuadernacion":"R\u00fastica","fecha_de_publicacion":"25\/02\/2016","novedad":"0","paginas":"160","subtitulo":"GUIA DE FETS ESGARRIFOSOS I LLEGENDES TERROR\u00cdFIQUES","orden":"999","portada":"0","idioma":"cat","editorial":[{"ID":6122,"post_author":"3","post_date":"2022-07-28 17:45:22","post_date_gmt":"2022-07-28 15:45:22","post_content":"","post_title":"ANGLE EDITORIAL","post_excerpt":"","post_status":"publish","comment_status":"closed","ping_status":"closed","post_password":"","post_name":"angle-editorial","to_ping":"","pinged":"","post_modified":"2022-07-28 17:45:22","post_modified_gmt":"2022-07-28 15:45:22","post_content_filtered":"","post_parent":0,"guid":"http:\/\/dev.claret.cat\/editorial\/angle-editorial\/","menu_order":0,"post_type":"editorial","post_mime_type":"","comment_count":"0","filter":"raw"}],"autores-libros":[{"ID":170061,"post_author":"3","post_date":"2022-10-14 22:32:14","post_date_gmt":"2022-10-14 20:32:14","post_content":"","post_title":"SYLVIA LAGARDA-MATA","post_excerpt":"","post_status":"publish","comment_status":"closed","ping_status":"closed","post_password":"","post_name":"sylvia-lagarda-mata-2","to_ping":"","pinged":"","post_modified":"2022-10-14 22:32:14","post_modified_gmt":"2022-10-14 20:32:14","post_content_filtered":"","post_parent":0,"guid":"http:\/\/dev.claret.cat\/autor\/sylvia-lagarda-mata-2\/","menu_order":0,"post_type":"autor","post_mime_type":"","comment_count":"0","filter":"raw"}]},"aioseo_notices":[],"_links":{"self":[{"href":"https:\/\/www.claret.cat\/es\/wp-json\/wp\/v2\/product\/302070","targetHints":{"allow":["GET"]}}],"collection":[{"href":"https:\/\/www.claret.cat\/es\/wp-json\/wp\/v2\/product"}],"about":[{"href":"https:\/\/www.claret.cat\/es\/wp-json\/wp\/v2\/types\/product"}],"wp:featuredmedia":[{"embeddable":true,"href":"https:\/\/www.claret.cat\/es\/wp-json\/wp\/v2\/media\/316937"}],"wp:attachment":[{"href":"https:\/\/www.claret.cat\/es\/wp-json\/wp\/v2\/media?parent=302070"}],"wp:term":[{"taxonomy":"product_brand","embeddable":true,"href":"https:\/\/www.claret.cat\/es\/wp-json\/wp\/v2\/product_brand?post=302070"},{"taxonomy":"product_cat","embeddable":true,"href":"https:\/\/www.claret.cat\/es\/wp-json\/wp\/v2\/product_cat?post=302070"},{"taxonomy":"product_tag","embeddable":true,"href":"https:\/\/www.claret.cat\/es\/wp-json\/wp\/v2\/product_tag?post=302070"}],"curies":[{"name":"wp","href":"https:\/\/api.w.org\/{rel}","templated":true}]}}