{"id":30214,"date":"2022-10-02T11:36:22","date_gmt":"2022-10-02T09:36:22","guid":{"rendered":"http:\/\/dev.claret.cat\/producte\/abracadabra-masha-y-el-oso-primeras-lecturas\/"},"modified":"2023-01-28T22:45:27","modified_gmt":"2023-01-28T21:45:27","slug":"abracadabra-masha-y-el-oso-primeras-lecturas-9788448847340","status":"publish","type":"product","link":"https:\/\/www.claret.cat\/es\/libro\/abracadabra-masha-y-el-oso-primeras-lecturas-9788448847340\/","title":{"rendered":"ABRACADABRA (MASHA Y EL OSO. PRIMERAS LECTURAS)"},"content":{"rendered":"<p>Masha ha encontrado un verdadero tesoro en casa de Oso, \u00bfquieres descubrirlo con ella? Divi\u00e9rtete leyendo las aventuras de Masha y el Oso con esta colecci\u00f3n de cuentos con textos sencillos adaptados para  primeros lectores.\u00a1Masha ha abierto el ba\u00fal de magia de Oso! Uno por uno, la traviesa ni\u00f1a  se dedica a probar todos los trucos m\u00e1gicos hasta que aprende a hacer desaparecer cualquier cosa&#8230; \u00a1incluido a Oso!\u00a1Disfruta de esta historia llena de varitas m\u00e1gicas, trucos y escobas voladoras y sorpr\u00e9ndete con el inesperado final! La colecci\u00f3n \u00abPrimeras lecturas\u00bb de Masha y el Oso est\u00e1 pensada  para ni\u00f1os que se inician en el h\u00e1bito de la lectura. Cada t\u00edtulo contiene dos historias basadas en los episodios de la serie de  televisi\u00f3n, tiernas aventuras repletas de humor e ingenio, con unos  personajes cargados de personalidad que transmiten a los ni\u00f1os valores positivos.<\/p>\n","protected":false},"excerpt":{"rendered":"<p>VV.AA.<\/p>\n","protected":false},"featured_media":73624,"template":"","meta":{"_acf_changed":false,"om_disable_all_campaigns":false,"rs_blank_template":"","rs_page_bg_color":"","slide_template_v7":"","inline_featured_image":false,"_monsterinsights_skip_tracking":false,"_monsterinsights_sitenote_active":false,"_monsterinsights_sitenote_note":"","_monsterinsights_sitenote_category":0},"product_brand":[],"product_cat":[86],"product_tag":[],"class_list":{"0":"post-30214","1":"product","2":"type-product","3":"status-publish","4":"has-post-thumbnail","6":"product_cat-infantil","8":"first","9":"instock","10":"taxable","11":"shipping-taxable","12":"purchasable","13":"product-type-simple"},"acf":{"autor":"VV.AA.","codart":"844884734","libros-coleccion":"SUSHI BOOKS","ediciones":"1","encuadernacion":"Carton\u00e9","fecha_de_publicacion":"01\/01\/2017","novedad":"1","paginas":"23","subtitulo":"","orden":"0","portada":"0","idioma":"spa","editorial":[{"ID":6141,"post_author":"3","post_date":"2022-07-28 17:45:46","post_date_gmt":"2022-07-28 15:45:46","post_content":"","post_title":"BEASCOA","post_excerpt":"","post_status":"publish","comment_status":"closed","ping_status":"closed","post_password":"","post_name":"beascoa","to_ping":"","pinged":"","post_modified":"2022-07-28 17:45:46","post_modified_gmt":"2022-07-28 15:45:46","post_content_filtered":"","post_parent":0,"guid":"http:\/\/dev.claret.cat\/editorial\/beascoa\/","menu_order":0,"post_type":"editorial","post_mime_type":"","comment_count":"0","filter":"raw"}],"autores-libros":[{"ID":6086,"post_author":"3","post_date":"2022-07-28 17:37:50","post_date_gmt":"2022-07-28 15:37:50","post_content":"","post_title":"VV.AA.","post_excerpt":"","post_status":"publish","comment_status":"closed","ping_status":"closed","post_password":"","post_name":"vv-aa-2","to_ping":"","pinged":"","post_modified":"2022-07-28 17:37:50","post_modified_gmt":"2022-07-28 15:37:50","post_content_filtered":"","post_parent":0,"guid":"http:\/\/dev.claret.cat\/autor\/vv-aa-2\/","menu_order":0,"post_type":"autor","post_mime_type":"","comment_count":"0","filter":"raw"}]},"aioseo_notices":[],"_links":{"self":[{"href":"https:\/\/www.claret.cat\/es\/wp-json\/wp\/v2\/product\/30214","targetHints":{"allow":["GET"]}}],"collection":[{"href":"https:\/\/www.claret.cat\/es\/wp-json\/wp\/v2\/product"}],"about":[{"href":"https:\/\/www.claret.cat\/es\/wp-json\/wp\/v2\/types\/product"}],"wp:featuredmedia":[{"embeddable":true,"href":"https:\/\/www.claret.cat\/es\/wp-json\/wp\/v2\/media\/73624"}],"wp:attachment":[{"href":"https:\/\/www.claret.cat\/es\/wp-json\/wp\/v2\/media?parent=30214"}],"wp:term":[{"taxonomy":"product_brand","embeddable":true,"href":"https:\/\/www.claret.cat\/es\/wp-json\/wp\/v2\/product_brand?post=30214"},{"taxonomy":"product_cat","embeddable":true,"href":"https:\/\/www.claret.cat\/es\/wp-json\/wp\/v2\/product_cat?post=30214"},{"taxonomy":"product_tag","embeddable":true,"href":"https:\/\/www.claret.cat\/es\/wp-json\/wp\/v2\/product_tag?post=30214"}],"curies":[{"name":"wp","href":"https:\/\/api.w.org\/{rel}","templated":true}]}}