{"id":302178,"date":"2022-12-16T03:25:04","date_gmt":"2022-12-16T02:25:04","guid":{"rendered":"http:\/\/dev.claret.cat\/llibre\/estuche-coches-9788416189472\/"},"modified":"2023-01-28T12:26:48","modified_gmt":"2023-01-28T11:26:48","slug":"estuche-coches-9788416189472","status":"publish","type":"product","link":"https:\/\/www.claret.cat\/es\/libro\/estuche-coches-9788416189472\/","title":{"rendered":"ESTUCHE COCHES"},"content":{"rendered":"<p>Entretenido libro de actividades que favorece el despertar intelectual y el desarrollo creativo de los m\u00e1s peque\u00f1os. Adem\u00e1s est\u00e1 caja tambi\u00e9n contiene un divertido juego y un regalo.<\/p>\n","protected":false},"excerpt":{"rendered":"<p>EQUIPO EDITORIA<\/p>\n","protected":false},"featured_media":0,"template":"","meta":{"_acf_changed":false,"om_disable_all_campaigns":false,"rs_blank_template":"","rs_page_bg_color":"","slide_template_v7":"","inline_featured_image":false,"_monsterinsights_skip_tracking":false,"_monsterinsights_sitenote_active":false,"_monsterinsights_sitenote_note":"","_monsterinsights_sitenote_category":0},"product_brand":[],"product_cat":[86,352],"product_tag":[],"class_list":{"0":"post-302178","1":"product","2":"type-product","3":"status-publish","5":"product_cat-infantil","6":"product_cat-infantil-3_infantil-juvenil-spa","8":"first","9":"instock","10":"taxable","11":"shipping-taxable","12":"purchasable","13":"product-type-simple"},"acf":{"autor":"EQUIPO EDITORIA","codart":"841618947","libros-coleccion":"","ediciones":"1","encuadernacion":"Carpeta","fecha_de_publicacion":"01\/05\/2016","novedad":"0","paginas":"1","subtitulo":"","orden":"999","portada":"0","idioma":"spa","editorial":[{"ID":148682,"post_author":"3","post_date":"2022-10-14 12:00:10","post_date_gmt":"2022-10-14 10:00:10","post_content":"","post_title":"PLAYBOOK","post_excerpt":"","post_status":"publish","comment_status":"closed","ping_status":"closed","post_password":"","post_name":"playbook","to_ping":"","pinged":"","post_modified":"2022-10-14 12:00:10","post_modified_gmt":"2022-10-14 10:00:10","post_content_filtered":"","post_parent":0,"guid":"http:\/\/dev.claret.cat\/editorial\/playbook\/","menu_order":0,"post_type":"editorial","post_mime_type":"","comment_count":"0","filter":"raw"}],"autores-libros":[{"ID":155224,"post_author":"3","post_date":"2022-10-14 15:11:08","post_date_gmt":"2022-10-14 13:11:08","post_content":"","post_title":"EQUIPO EDITORIA","post_excerpt":"","post_status":"publish","comment_status":"closed","ping_status":"closed","post_password":"","post_name":"equipo-editoria","to_ping":"","pinged":"","post_modified":"2022-10-14 15:11:08","post_modified_gmt":"2022-10-14 13:11:08","post_content_filtered":"","post_parent":0,"guid":"http:\/\/dev.claret.cat\/autor\/equipo-editoria\/","menu_order":0,"post_type":"autor","post_mime_type":"","comment_count":"0","filter":"raw"}]},"aioseo_notices":[],"_links":{"self":[{"href":"https:\/\/www.claret.cat\/es\/wp-json\/wp\/v2\/product\/302178","targetHints":{"allow":["GET"]}}],"collection":[{"href":"https:\/\/www.claret.cat\/es\/wp-json\/wp\/v2\/product"}],"about":[{"href":"https:\/\/www.claret.cat\/es\/wp-json\/wp\/v2\/types\/product"}],"wp:attachment":[{"href":"https:\/\/www.claret.cat\/es\/wp-json\/wp\/v2\/media?parent=302178"}],"wp:term":[{"taxonomy":"product_brand","embeddable":true,"href":"https:\/\/www.claret.cat\/es\/wp-json\/wp\/v2\/product_brand?post=302178"},{"taxonomy":"product_cat","embeddable":true,"href":"https:\/\/www.claret.cat\/es\/wp-json\/wp\/v2\/product_cat?post=302178"},{"taxonomy":"product_tag","embeddable":true,"href":"https:\/\/www.claret.cat\/es\/wp-json\/wp\/v2\/product_tag?post=302178"}],"curies":[{"name":"wp","href":"https:\/\/api.w.org\/{rel}","templated":true}]}}