{"id":302349,"date":"2022-12-16T03:32:02","date_gmt":"2022-12-16T02:32:02","guid":{"rendered":"http:\/\/dev.claret.cat\/llibre\/el-secreto-de-fortune-wookiee-no-3-9788416306428\/"},"modified":"2023-01-28T14:54:39","modified_gmt":"2023-01-28T13:54:39","slug":"el-secreto-de-fortune-wookiee-no-3-9788416306428","status":"publish","type":"product","link":"https:\/\/www.claret.cat\/es\/libro\/el-secreto-de-fortune-wookiee-no-3-9788416306428\/","title":{"rendered":"EL SECRETO DE FORTUNE WOOKIEE ( N\u00ba 3)"},"content":{"rendered":"<p>En esta tercera entrega de la serie, Tom se propone averiguar si es posible armar un nuevo caso sin que Yoda Origami est\u00e9 presente en el colegio. Ahora que Dwight no est\u00e1, todo es muy aburrido? hasta que aparece algo grande y peludo: un origami de Chewbacca, llamado Fortune Wookie. Adem\u00e1s viene acompa\u00f1ado por Han Doblo, el encargado de traducir sus gru\u00f1idos.En este tercer expediente intentar\u00e1n dilucidar si este adivinador tiene alguno de los poderes de Yoda Origami, y tambi\u00e9n saber c\u00f3mo le est\u00e1 yendo a Dwight y a Yoda Origami en el nuevo colegio.<\/p>\n","protected":false},"excerpt":{"rendered":"<p>ANGLEBERGER, TOM<\/p>\n","protected":false},"featured_media":302350,"template":"","meta":{"_acf_changed":false,"om_disable_all_campaigns":false,"rs_blank_template":"","rs_page_bg_color":"","slide_template_v7":"","inline_featured_image":false,"_monsterinsights_skip_tracking":false,"_monsterinsights_sitenote_active":false,"_monsterinsights_sitenote_note":"","_monsterinsights_sitenote_category":0},"product_brand":[],"product_cat":[90,540],"product_tag":[],"class_list":{"0":"post-302349","1":"product","2":"type-product","3":"status-publish","4":"has-post-thumbnail","6":"product_cat-altres","7":"product_cat-otros","9":"first","10":"instock","11":"taxable","12":"shipping-taxable","13":"purchasable","14":"product-type-simple"},"acf":{"autor":"ANGLEBERGER, TOM","codart":"841630642","libros-coleccion":"","ediciones":"1","encuadernacion":"Carton\u00e9","fecha_de_publicacion":"09\/02\/2016","novedad":"0","paginas":"190","subtitulo":"","orden":"999","portada":"0","idioma":"spa","editorial":[{"ID":262444,"post_author":"3","post_date":"2022-10-24 11:24:27","post_date_gmt":"2022-10-24 09:24:27","post_content":"","post_title":"ROCA, EDICIONES S. A.","post_excerpt":"","post_status":"publish","comment_status":"closed","ping_status":"closed","post_password":"","post_name":"roca-ediciones-s-a","to_ping":"","pinged":"","post_modified":"2022-10-24 11:24:27","post_modified_gmt":"2022-10-24 09:24:27","post_content_filtered":"","post_parent":0,"guid":"http:\/\/dev.claret.cat\/editorial\/roca-ediciones-s-a\/","menu_order":0,"post_type":"editorial","post_mime_type":"","comment_count":"0","filter":"raw"}],"autores-libros":[{"ID":302348,"post_author":"3","post_date":"2022-12-16 03:32:01","post_date_gmt":"2022-12-16 02:32:01","post_content":"","post_title":"TOM ANGLEBERGER","post_excerpt":"","post_status":"publish","comment_status":"closed","ping_status":"closed","post_password":"","post_name":"tom-angleberger","to_ping":"","pinged":"","post_modified":"2022-12-16 03:32:01","post_modified_gmt":"2022-12-16 02:32:01","post_content_filtered":"","post_parent":0,"guid":"http:\/\/dev.claret.cat\/autor\/tom-angleberger\/","menu_order":0,"post_type":"autor","post_mime_type":"","comment_count":"0","filter":"raw"}]},"aioseo_notices":[],"_links":{"self":[{"href":"https:\/\/www.claret.cat\/es\/wp-json\/wp\/v2\/product\/302349","targetHints":{"allow":["GET"]}}],"collection":[{"href":"https:\/\/www.claret.cat\/es\/wp-json\/wp\/v2\/product"}],"about":[{"href":"https:\/\/www.claret.cat\/es\/wp-json\/wp\/v2\/types\/product"}],"wp:featuredmedia":[{"embeddable":true,"href":"https:\/\/www.claret.cat\/es\/wp-json\/wp\/v2\/media\/302350"}],"wp:attachment":[{"href":"https:\/\/www.claret.cat\/es\/wp-json\/wp\/v2\/media?parent=302349"}],"wp:term":[{"taxonomy":"product_brand","embeddable":true,"href":"https:\/\/www.claret.cat\/es\/wp-json\/wp\/v2\/product_brand?post=302349"},{"taxonomy":"product_cat","embeddable":true,"href":"https:\/\/www.claret.cat\/es\/wp-json\/wp\/v2\/product_cat?post=302349"},{"taxonomy":"product_tag","embeddable":true,"href":"https:\/\/www.claret.cat\/es\/wp-json\/wp\/v2\/product_tag?post=302349"}],"curies":[{"name":"wp","href":"https:\/\/api.w.org\/{rel}","templated":true}]}}