{"id":30238,"date":"2022-10-02T11:36:42","date_gmt":"2022-10-02T09:36:42","guid":{"rendered":"http:\/\/dev.claret.cat\/producte\/feliz-cumpleanos-kate-y-mim-mim-kate-mim-mim-primeras-lecturas\/"},"modified":"2023-01-28T12:20:58","modified_gmt":"2023-01-28T11:20:58","slug":"feliz-cumpleanos-kate-y-mimmim-kate-mim-mim-primeras-lecturas-9788448847425","status":"publish","type":"product","link":"https:\/\/www.claret.cat\/es\/libro\/feliz-cumpleanos-kate-y-mimmim-kate-mim-mim-primeras-lecturas-9788448847425\/","title":{"rendered":"\u00a1FELIZ CUMPLEA\u00d1OS, KATE Y MIM-MIM! (KATE &amp; MIM MIM. PRIMERAS LECTURAS)"},"content":{"rendered":"<p>\u00a1No te pierdas la fiesta de cumplea\u00f1os de Kate y Mim-Mim!Con Kate &amp; Mim-Mim los ni\u00f1os desarrollar\u00e1n habilidades para la  resoluci\u00f3n de problemas y descubrir\u00e1n que la amistad es una de las cosas m\u00e1s importantes del mundo.Kate es una ni\u00f1a alegre y divertida con una gran imaginaci\u00f3n.  Cuando tiene un problema busca la soluci\u00f3n en el fant\u00e1stico mundo de Mimiloo, donde su conejo de peluche Mim-Mim cobra vida y se  convierte en su compa\u00f1ero de aventuras.Hoy es un d\u00eda muy especial: es el cumplea\u00f1os de Kate y el d\u00eda en que su  madre termin\u00f3 de coser a Mim-Mim. As\u00ed que, \u00a1es su cumplea\u00f1os tambi\u00e9n!Para celebrarlo, Kate decide preparar una fiesta sorpresa para Mim-Mim  en el m\u00e1gico Mimiloo. \u00a1Pero todos los planes salen mal! \u00bfPodr\u00e1 Kate  salvar el d\u00eda y el plan de la fiesta sorpresa para su especial amigo?La colecci\u00f3n \u00abPrimeras lecturas\u00bb de Kate &amp; Mim-Mim est\u00e1 pensada para  ni\u00f1os que empiezan a leer. Sus textos escritos con vocabulario sencillo,  sus interiores muy visuales y las tiernas aventuras de estos adorables  personajes conseguir\u00e1n motivar y entretener a los peque\u00f1os lectores, as\u00ed como estimular su imaginaci\u00f3n.<\/p>\n","protected":false},"excerpt":{"rendered":"<p>BEASCOA<\/p>\n","protected":false},"featured_media":73318,"template":"","meta":{"_acf_changed":false,"om_disable_all_campaigns":false,"rs_blank_template":"","rs_page_bg_color":"","slide_template_v7":"","inline_featured_image":false,"_monsterinsights_skip_tracking":false,"_monsterinsights_sitenote_active":false,"_monsterinsights_sitenote_note":"","_monsterinsights_sitenote_category":0},"product_brand":[],"product_cat":[86],"product_tag":[],"class_list":{"0":"post-30238","1":"product","2":"type-product","3":"status-publish","4":"has-post-thumbnail","6":"product_cat-infantil","8":"first","9":"instock","10":"taxable","11":"shipping-taxable","12":"purchasable","13":"product-type-simple"},"acf":{"autor":"BEASCOA","codart":"844884742","libros-coleccion":"SUSHI BOOKS","ediciones":"1","encuadernacion":"Carton\u00e9","fecha_de_publicacion":"01\/03\/2017","novedad":"1","paginas":"24","subtitulo":"","orden":"0","portada":"0","idioma":"spa","editorial":[{"ID":6141,"post_author":"3","post_date":"2022-07-28 17:45:46","post_date_gmt":"2022-07-28 15:45:46","post_content":"","post_title":"BEASCOA","post_excerpt":"","post_status":"publish","comment_status":"closed","ping_status":"closed","post_password":"","post_name":"beascoa","to_ping":"","pinged":"","post_modified":"2022-07-28 17:45:46","post_modified_gmt":"2022-07-28 15:45:46","post_content_filtered":"","post_parent":0,"guid":"http:\/\/dev.claret.cat\/editorial\/beascoa\/","menu_order":0,"post_type":"editorial","post_mime_type":"","comment_count":"0","filter":"raw"}],"autores-libros":[{"ID":151419,"post_author":"3","post_date":"2022-10-14 14:40:44","post_date_gmt":"2022-10-14 12:40:44","post_content":"","post_title":"BEASCOA","post_excerpt":"","post_status":"publish","comment_status":"closed","ping_status":"closed","post_password":"","post_name":"beascoa","to_ping":"","pinged":"","post_modified":"2022-10-14 14:40:44","post_modified_gmt":"2022-10-14 12:40:44","post_content_filtered":"","post_parent":0,"guid":"http:\/\/dev.claret.cat\/autor\/beascoa\/","menu_order":0,"post_type":"autor","post_mime_type":"","comment_count":"0","filter":"raw"}]},"aioseo_notices":[],"_links":{"self":[{"href":"https:\/\/www.claret.cat\/es\/wp-json\/wp\/v2\/product\/30238","targetHints":{"allow":["GET"]}}],"collection":[{"href":"https:\/\/www.claret.cat\/es\/wp-json\/wp\/v2\/product"}],"about":[{"href":"https:\/\/www.claret.cat\/es\/wp-json\/wp\/v2\/types\/product"}],"wp:featuredmedia":[{"embeddable":true,"href":"https:\/\/www.claret.cat\/es\/wp-json\/wp\/v2\/media\/73318"}],"wp:attachment":[{"href":"https:\/\/www.claret.cat\/es\/wp-json\/wp\/v2\/media?parent=30238"}],"wp:term":[{"taxonomy":"product_brand","embeddable":true,"href":"https:\/\/www.claret.cat\/es\/wp-json\/wp\/v2\/product_brand?post=30238"},{"taxonomy":"product_cat","embeddable":true,"href":"https:\/\/www.claret.cat\/es\/wp-json\/wp\/v2\/product_cat?post=30238"},{"taxonomy":"product_tag","embeddable":true,"href":"https:\/\/www.claret.cat\/es\/wp-json\/wp\/v2\/product_tag?post=30238"}],"curies":[{"name":"wp","href":"https:\/\/api.w.org\/{rel}","templated":true}]}}