{"id":302388,"date":"2022-12-16T03:33:38","date_gmt":"2022-12-16T02:33:38","guid":{"rendered":"http:\/\/dev.claret.cat\/llibre\/el-mon-de-sofia-9788416334902\/"},"modified":"2026-04-18T12:50:38","modified_gmt":"2026-04-18T10:50:38","slug":"el-mon-de-sofia-9788416334902","status":"publish","type":"product","link":"https:\/\/www.claret.cat\/es\/libro\/el-mon-de-sofia-9788416334902\/","title":{"rendered":"EL M\u00d3N DE SOFIA"},"content":{"rendered":"<p>Alberto Knox \u00e9s un misteri\u00f3s i extraordinari professor de filosofia que explica a Sofia Amundsen, una nena de quinze anys, la vida i l&#8221;obra dels grans pensadors de la hist\u00f2ria. Des dels presocr\u00e0tics fins a Sartre, passant per Plat\u00f3, Arist\u00f2til, Jes\u00fas, sant Agust\u00ed, Galileu, Descartes, Hume, la Il\u00b7lustraci\u00f3, Kant, el Romanticisme, Hegel, Marx, Darwin o Freud, tots participaran del viatge que emprendr\u00e0Sofia pel m\u00f3n de les idees. Per\u00f2El m\u00f3n de Sofia no \u00e9s nom\u00e9s aquest viatge fascinant, \u00e9s tamb\u00e9una novel\u00b7la excepcional i original\u00edssima, amb un desenlla\u00e7imprevisible, que s&#8221;ha convertit en un cl\u00e0ssic per a tots els p\u00fablics.<\/p>\n","protected":false},"excerpt":{"rendered":"<p>GAARDER, JOSTEIN<\/p>\n","protected":false},"featured_media":302389,"template":"","meta":{"_acf_changed":false,"om_disable_all_campaigns":false,"rs_blank_template":"","rs_page_bg_color":"","slide_template_v7":"","inline_featured_image":false,"_monsterinsights_skip_tracking":false,"_monsterinsights_sitenote_active":false,"_monsterinsights_sitenote_note":"","_monsterinsights_sitenote_category":0},"product_brand":[],"product_cat":[353,87],"product_tag":[],"class_list":{"0":"post-302388","1":"product","2":"type-product","3":"status-publish","4":"has-post-thumbnail","6":"product_cat-literatura-2_humanidades","7":"product_cat-literatura","9":"first","10":"instock","11":"taxable","12":"shipping-taxable","13":"purchasable","14":"product-type-simple"},"acf":{"autor":"GAARDER, JOSTEIN","codart":"841633490","libros-coleccion":"","ediciones":"1","encuadernacion":"R\u00fastica","fecha_de_publicacion":"01\/03\/2016","novedad":"0","paginas":"633","subtitulo":"","orden":"999","portada":"0","idioma":"cat","editorial":[{"ID":6281,"post_author":"3","post_date":"2022-07-28 17:48:50","post_date_gmt":"2022-07-28 15:48:50","post_content":"","post_title":"LABUTXACA","post_excerpt":"","post_status":"publish","comment_status":"closed","ping_status":"closed","post_password":"","post_name":"labutxaca","to_ping":"","pinged":"","post_modified":"2022-07-28 17:48:50","post_modified_gmt":"2022-07-28 15:48:50","post_content_filtered":"","post_parent":0,"guid":"http:\/\/dev.claret.cat\/editorial\/labutxaca\/","menu_order":0,"post_type":"editorial","post_mime_type":"","comment_count":"0","filter":"raw"}],"autores-libros":[{"ID":160903,"post_author":"3","post_date":"2022-10-14 15:56:49","post_date_gmt":"2022-10-14 13:56:49","post_content":"","post_title":"JOSTEIN GAARDER","post_excerpt":"","post_status":"publish","comment_status":"closed","ping_status":"closed","post_password":"","post_name":"jostein-gaarder","to_ping":"","pinged":"","post_modified":"2022-10-14 15:56:49","post_modified_gmt":"2022-10-14 13:56:49","post_content_filtered":"","post_parent":0,"guid":"http:\/\/dev.claret.cat\/autor\/jostein-gaarder\/","menu_order":0,"post_type":"autor","post_mime_type":"","comment_count":"0","filter":"raw"}],"booktrailer":"","resenas":""},"aioseo_notices":[],"_links":{"self":[{"href":"https:\/\/www.claret.cat\/es\/wp-json\/wp\/v2\/product\/302388","targetHints":{"allow":["GET"]}}],"collection":[{"href":"https:\/\/www.claret.cat\/es\/wp-json\/wp\/v2\/product"}],"about":[{"href":"https:\/\/www.claret.cat\/es\/wp-json\/wp\/v2\/types\/product"}],"wp:featuredmedia":[{"embeddable":true,"href":"https:\/\/www.claret.cat\/es\/wp-json\/wp\/v2\/media\/302389"}],"wp:attachment":[{"href":"https:\/\/www.claret.cat\/es\/wp-json\/wp\/v2\/media?parent=302388"}],"wp:term":[{"taxonomy":"product_brand","embeddable":true,"href":"https:\/\/www.claret.cat\/es\/wp-json\/wp\/v2\/product_brand?post=302388"},{"taxonomy":"product_cat","embeddable":true,"href":"https:\/\/www.claret.cat\/es\/wp-json\/wp\/v2\/product_cat?post=302388"},{"taxonomy":"product_tag","embeddable":true,"href":"https:\/\/www.claret.cat\/es\/wp-json\/wp\/v2\/product_tag?post=302388"}],"curies":[{"name":"wp","href":"https:\/\/api.w.org\/{rel}","templated":true}]}}