{"id":302411,"date":"2022-12-16T03:34:31","date_gmt":"2022-12-16T02:34:31","guid":{"rendered":"http:\/\/dev.claret.cat\/llibre\/el-diccionario-del-diablo-9788416358151\/"},"modified":"2023-01-28T07:41:51","modified_gmt":"2023-01-28T06:41:51","slug":"el-diccionario-del-diablo-9788416358151","status":"publish","type":"product","link":"https:\/\/www.claret.cat\/es\/libro\/el-diccionario-del-diablo-9788416358151\/","title":{"rendered":"EL DICCIONARIO DEL DIABLO"},"content":{"rendered":"<p>Ambrose Bierce es uno de los m\u00e1s c\u00e9lebres y c\u00ednicos escritores de la literatura norteamericana. El diccionario del diablo es ya un cl\u00e1sico universal, conocido por su despiadado ingenio c\u00e1ustico, cuyas p\u00faas van dirigidas a la pol\u00edtica, los negocios, la religi\u00f3n, la literatura y las artes. En este mordaz diccionario de epigramas, que el autor fue perfeccionando a lo largo de treinta a\u00f1os, Bierce deja en evidencia la estupidez, intolerancia y falsedad de la sociedad de su tiempo. La edici\u00f3n que presentamos es una selecci\u00f3n de las definiciones de m\u00e1s vigencia para un lector actual, acompa\u00f1adas de las vi\u00f1etas de Alberto Montt, dibujante chileno conocido por sus ilustraciones sat\u00edricas.<\/p>\n","protected":false},"excerpt":{"rendered":"<p>BIERCE, AMBROSE<\/p>\n","protected":false},"featured_media":302412,"template":"","meta":{"_acf_changed":false,"om_disable_all_campaigns":false,"rs_blank_template":"","rs_page_bg_color":"","slide_template_v7":"","inline_featured_image":false,"_monsterinsights_skip_tracking":false,"_monsterinsights_sitenote_active":false,"_monsterinsights_sitenote_note":"","_monsterinsights_sitenote_category":0},"product_brand":[],"product_cat":[114,563],"product_tag":[],"class_list":{"0":"post-302411","1":"product","2":"type-product","3":"status-publish","4":"has-post-thumbnail","6":"product_cat-humor-grafic","7":"product_cat-humor-grafico","9":"first","10":"instock","11":"taxable","12":"shipping-taxable","13":"purchasable","14":"product-type-simple"},"acf":{"autor":"BIERCE, AMBROSE","codart":"841635815","libros-coleccion":"Sexto piso ilustrado","ediciones":"1","encuadernacion":"Carton\u00e9","fecha_de_publicacion":"01\/06\/2019","novedad":"1","paginas":"171","subtitulo":"","orden":"0","portada":"0","idioma":"spa","editorial":[{"ID":148035,"post_author":"3","post_date":"2022-10-14 11:55:08","post_date_gmt":"2022-10-14 09:55:08","post_content":"","post_title":"Editorial Sexto Piso","post_excerpt":"","post_status":"publish","comment_status":"closed","ping_status":"closed","post_password":"","post_name":"editorial-sexto-piso","to_ping":"","pinged":"","post_modified":"2022-10-14 11:55:08","post_modified_gmt":"2022-10-14 09:55:08","post_content_filtered":"","post_parent":0,"guid":"http:\/\/dev.claret.cat\/editorial\/editorial-sexto-piso\/","menu_order":0,"post_type":"editorial","post_mime_type":"","comment_count":"0","filter":"raw"}],"autores-libros":[{"ID":149994,"post_author":"3","post_date":"2022-10-14 14:29:22","post_date_gmt":"2022-10-14 12:29:22","post_content":"","post_title":"AMBROSE BIERCE","post_excerpt":"","post_status":"publish","comment_status":"closed","ping_status":"closed","post_password":"","post_name":"ambrose-bierce","to_ping":"","pinged":"","post_modified":"2022-10-14 14:29:22","post_modified_gmt":"2022-10-14 12:29:22","post_content_filtered":"","post_parent":0,"guid":"http:\/\/dev.claret.cat\/autor\/ambrose-bierce\/","menu_order":0,"post_type":"autor","post_mime_type":"","comment_count":"0","filter":"raw"}]},"aioseo_notices":[],"_links":{"self":[{"href":"https:\/\/www.claret.cat\/es\/wp-json\/wp\/v2\/product\/302411","targetHints":{"allow":["GET"]}}],"collection":[{"href":"https:\/\/www.claret.cat\/es\/wp-json\/wp\/v2\/product"}],"about":[{"href":"https:\/\/www.claret.cat\/es\/wp-json\/wp\/v2\/types\/product"}],"wp:featuredmedia":[{"embeddable":true,"href":"https:\/\/www.claret.cat\/es\/wp-json\/wp\/v2\/media\/302412"}],"wp:attachment":[{"href":"https:\/\/www.claret.cat\/es\/wp-json\/wp\/v2\/media?parent=302411"}],"wp:term":[{"taxonomy":"product_brand","embeddable":true,"href":"https:\/\/www.claret.cat\/es\/wp-json\/wp\/v2\/product_brand?post=302411"},{"taxonomy":"product_cat","embeddable":true,"href":"https:\/\/www.claret.cat\/es\/wp-json\/wp\/v2\/product_cat?post=302411"},{"taxonomy":"product_tag","embeddable":true,"href":"https:\/\/www.claret.cat\/es\/wp-json\/wp\/v2\/product_tag?post=302411"}],"curies":[{"name":"wp","href":"https:\/\/api.w.org\/{rel}","templated":true}]}}