{"id":30265,"date":"2022-10-02T11:37:03","date_gmt":"2022-10-02T09:37:03","guid":{"rendered":"http:\/\/dev.claret.cat\/producte\/pide-un-deseo-shimmer-shine-primeras-lecturas\/"},"modified":"2023-01-28T07:22:20","modified_gmt":"2023-01-28T06:22:20","slug":"pide-un-deseo-shimmer-shine-primeras-lecturas-9788448847548","status":"publish","type":"product","link":"https:\/\/www.claret.cat\/es\/libro\/pide-un-deseo-shimmer-shine-primeras-lecturas-9788448847548\/","title":{"rendered":"\u00a1PIDE UN DESEO! (SHIMMER &amp; SHINE. PRIMERAS LECTURAS)"},"content":{"rendered":"<p>Shimmer y Shine son dos peque\u00f1as genios alegres, atrevidas y  so\u00f1adoras con poderes m\u00e1gicos para conceder deseos. Leah es una ni\u00f1a  atenta y sensible, que se preocupa por los dem\u00e1s. Descubre c\u00f3mo se  cruzaron sus caminos, dando pie a  mil aventuras y a una bonita amistad, en este volumen de \u00abPrimeras lecturas\u00bb.Leah y Zac est\u00e1n contentos porque van a la feria. All\u00ed, Leah gana un  collar con un frasco m\u00e1gico que, de repente, se pone a brillar&#8230;De \u00e9l salen dos peque\u00f1as genios. \u00a1Son Shimmer y Shine!La colecci\u00f3n de \u00abPrimeras lecturas\u00bb de Shimmer &amp; Shine est\u00e1 pensada  para que los m\u00e1s peque\u00f1os se inicien en la lectura de una manera  divertida, al mismo tiempo que se trabajan valores como la amistad, el  trabajo en equipo, la resoluci\u00f3n de problemas, la tolerancia y la generosidad.<\/p>\n","protected":false},"excerpt":{"rendered":"<p>NICKELODEON<\/p>\n","protected":false},"featured_media":72528,"template":"","meta":{"_acf_changed":false,"om_disable_all_campaigns":false,"rs_blank_template":"","rs_page_bg_color":"","slide_template_v7":"","inline_featured_image":false,"_monsterinsights_skip_tracking":false,"_monsterinsights_sitenote_active":false,"_monsterinsights_sitenote_note":"","_monsterinsights_sitenote_category":0},"product_brand":[],"product_cat":[86],"product_tag":[],"class_list":{"0":"post-30265","1":"product","2":"type-product","3":"status-publish","4":"has-post-thumbnail","6":"product_cat-infantil","8":"first","9":"instock","10":"taxable","11":"shipping-taxable","12":"purchasable","13":"product-type-simple"},"acf":{"autor":"NICKELODEON","codart":"844884754","libros-coleccion":"SUSHI BOOKS","ediciones":"1","encuadernacion":"Carton\u00e9","fecha_de_publicacion":"01\/06\/2017","novedad":"1","paginas":"26","subtitulo":"","orden":"0","portada":"0","idioma":"spa","editorial":[{"ID":6141,"post_author":"3","post_date":"2022-07-28 17:45:46","post_date_gmt":"2022-07-28 15:45:46","post_content":"","post_title":"BEASCOA","post_excerpt":"","post_status":"publish","comment_status":"closed","ping_status":"closed","post_password":"","post_name":"beascoa","to_ping":"","pinged":"","post_modified":"2022-07-28 17:45:46","post_modified_gmt":"2022-07-28 15:45:46","post_content_filtered":"","post_parent":0,"guid":"http:\/\/dev.claret.cat\/editorial\/beascoa\/","menu_order":0,"post_type":"editorial","post_mime_type":"","comment_count":"0","filter":"raw"}],"autores-libros":[{"ID":165803,"post_author":"3","post_date":"2022-10-14 17:58:04","post_date_gmt":"2022-10-14 15:58:04","post_content":"","post_title":"NICKELODEON","post_excerpt":"","post_status":"publish","comment_status":"closed","ping_status":"closed","post_password":"","post_name":"nickelodeon","to_ping":"","pinged":"","post_modified":"2022-10-14 17:58:04","post_modified_gmt":"2022-10-14 15:58:04","post_content_filtered":"","post_parent":0,"guid":"http:\/\/dev.claret.cat\/autor\/nickelodeon\/","menu_order":0,"post_type":"autor","post_mime_type":"","comment_count":"0","filter":"raw"}]},"aioseo_notices":[],"_links":{"self":[{"href":"https:\/\/www.claret.cat\/es\/wp-json\/wp\/v2\/product\/30265","targetHints":{"allow":["GET"]}}],"collection":[{"href":"https:\/\/www.claret.cat\/es\/wp-json\/wp\/v2\/product"}],"about":[{"href":"https:\/\/www.claret.cat\/es\/wp-json\/wp\/v2\/types\/product"}],"wp:featuredmedia":[{"embeddable":true,"href":"https:\/\/www.claret.cat\/es\/wp-json\/wp\/v2\/media\/72528"}],"wp:attachment":[{"href":"https:\/\/www.claret.cat\/es\/wp-json\/wp\/v2\/media?parent=30265"}],"wp:term":[{"taxonomy":"product_brand","embeddable":true,"href":"https:\/\/www.claret.cat\/es\/wp-json\/wp\/v2\/product_brand?post=30265"},{"taxonomy":"product_cat","embeddable":true,"href":"https:\/\/www.claret.cat\/es\/wp-json\/wp\/v2\/product_cat?post=30265"},{"taxonomy":"product_tag","embeddable":true,"href":"https:\/\/www.claret.cat\/es\/wp-json\/wp\/v2\/product_tag?post=30265"}],"curies":[{"name":"wp","href":"https:\/\/api.w.org\/{rel}","templated":true}]}}