{"id":302763,"date":"2022-12-16T03:48:42","date_gmt":"2022-12-16T02:48:42","guid":{"rendered":"http:\/\/dev.claret.cat\/llibre\/la-abadia-9788416502127\/"},"modified":"2023-01-28T05:00:12","modified_gmt":"2023-01-28T04:00:12","slug":"la-abadia-9788416502127","status":"publish","type":"product","link":"https:\/\/www.claret.cat\/es\/libro\/la-abadia-9788416502127\/","title":{"rendered":"LA ABAD\u00cdA"},"content":{"rendered":"<p>Anne es una madre divorciada a la que le cuesta encontrar sentido a la vida despu\u00e9s de la muerte de su hijo.Mark es un arquitecto que trabaja como empleado de mantenimiento y no deja de preguntarse en qu\u00e9 momento se torci\u00f3 su vida.El padre Paul, abad del monasterio de Felipe y Santiago, empieza a cuestionarse si tom\u00f3 la decisi\u00f3n correcta al aislarse del mundo.En una abad\u00eda de Pensilvania estas tres personas intentar\u00e1n encontrar las respuestas que le den sentido a sus vidas y les permita continuar su camino.Esta es la primera novela del autor best seller James Martin, SJ. En ella abre una ventana al viaje espiritual de tres personas que buscan su camino. Tal y como hizo en sus anteriores best sellers Martin ha conseguido escribir un libro que contiene una profunda sabidur\u00eda espiritual pero que mantiene su sencillez, accesibilidad, humor y armon\u00eda. A trav\u00e9s de las vicisitudes de los personajes podemos ver de primera mano como Dios utiliza nuestras preocupaciones, preguntas e incluso nuestra ira para ayudarnos a ser un todo.<\/p>\n","protected":false},"excerpt":{"rendered":"<p>MARTIN, JAMES<\/p>\n","protected":false},"featured_media":302764,"template":"","meta":{"_acf_changed":false,"om_disable_all_campaigns":false,"rs_blank_template":"","rs_page_bg_color":"","slide_template_v7":"","inline_featured_image":false,"_monsterinsights_skip_tracking":false,"_monsterinsights_sitenote_active":false,"_monsterinsights_sitenote_note":"","_monsterinsights_sitenote_category":0},"product_brand":[],"product_cat":[87,353],"product_tag":[],"class_list":{"0":"post-302763","1":"product","2":"type-product","3":"status-publish","4":"has-post-thumbnail","6":"product_cat-literatura","7":"product_cat-literatura-2_humanidades","9":"first","10":"instock","11":"taxable","12":"shipping-taxable","13":"purchasable","14":"product-type-simple"},"acf":{"autor":"MARTIN, JAMES","codart":"841650212","libros-coleccion":"","ediciones":"1","encuadernacion":"R\u00fastica","fecha_de_publicacion":"01\/03\/2016","novedad":"0","paginas":"220","subtitulo":"","orden":"999","portada":"0","idioma":"spa","editorial":[{"ID":148246,"post_author":"3","post_date":"2022-10-14 11:56:45","post_date_gmt":"2022-10-14 09:56:45","post_content":"","post_title":"HARPER COLLINS PUBLISHERS","post_excerpt":"","post_status":"publish","comment_status":"closed","ping_status":"closed","post_password":"","post_name":"harper-collins-publishers","to_ping":"","pinged":"","post_modified":"2022-10-14 11:56:45","post_modified_gmt":"2022-10-14 09:56:45","post_content_filtered":"","post_parent":0,"guid":"http:\/\/dev.claret.cat\/editorial\/harper-collins-publishers\/","menu_order":0,"post_type":"editorial","post_mime_type":"","comment_count":"0","filter":"raw"}],"autores-libros":[{"ID":158426,"post_author":"3","post_date":"2022-10-14 15:36:45","post_date_gmt":"2022-10-14 13:36:45","post_content":"","post_title":"JAMES MARTIN, SJ","post_excerpt":"","post_status":"publish","comment_status":"closed","ping_status":"closed","post_password":"","post_name":"james-martin-sj","to_ping":"","pinged":"","post_modified":"2022-10-14 15:36:45","post_modified_gmt":"2022-10-14 13:36:45","post_content_filtered":"","post_parent":0,"guid":"http:\/\/dev.claret.cat\/autor\/james-martin-sj\/","menu_order":0,"post_type":"autor","post_mime_type":"","comment_count":"0","filter":"raw"}]},"aioseo_notices":[],"_links":{"self":[{"href":"https:\/\/www.claret.cat\/es\/wp-json\/wp\/v2\/product\/302763","targetHints":{"allow":["GET"]}}],"collection":[{"href":"https:\/\/www.claret.cat\/es\/wp-json\/wp\/v2\/product"}],"about":[{"href":"https:\/\/www.claret.cat\/es\/wp-json\/wp\/v2\/types\/product"}],"wp:featuredmedia":[{"embeddable":true,"href":"https:\/\/www.claret.cat\/es\/wp-json\/wp\/v2\/media\/302764"}],"wp:attachment":[{"href":"https:\/\/www.claret.cat\/es\/wp-json\/wp\/v2\/media?parent=302763"}],"wp:term":[{"taxonomy":"product_brand","embeddable":true,"href":"https:\/\/www.claret.cat\/es\/wp-json\/wp\/v2\/product_brand?post=302763"},{"taxonomy":"product_cat","embeddable":true,"href":"https:\/\/www.claret.cat\/es\/wp-json\/wp\/v2\/product_cat?post=302763"},{"taxonomy":"product_tag","embeddable":true,"href":"https:\/\/www.claret.cat\/es\/wp-json\/wp\/v2\/product_tag?post=302763"}],"curies":[{"name":"wp","href":"https:\/\/api.w.org\/{rel}","templated":true}]}}