{"id":302812,"date":"2022-12-16T03:50:47","date_gmt":"2022-12-16T02:50:47","guid":{"rendered":"http:\/\/dev.claret.cat\/llibre\/posa-color-a-catalunya-9788416520138\/"},"modified":"2025-10-20T20:11:24","modified_gmt":"2025-10-20T18:11:24","slug":"posa-color-a-catalunya-9788416520138","status":"publish","type":"product","link":"https:\/\/www.claret.cat\/es\/libro\/posa-color-a-catalunya-9788416520138\/","title":{"rendered":"POSA COLOR A CATALUNYA"},"content":{"rendered":"<p>Aquest \u00e0lbum per acolorir recull els principals indrets, festes, monuments, menjars i tradicionsde Catalunya. Pensat perqu\u00e8 els petits (i no tan petits) de la casa reconeguin, a primercop d?ull, el m\u00e9s caracter\u00edstic i important del seu pa\u00eds, tot posant color a les seves imatges!<\/p>\n","protected":false},"excerpt":{"rendered":"<p>BESTARD, AINA<\/p>\n","protected":false},"featured_media":302813,"template":"","meta":{"_acf_changed":false,"om_disable_all_campaigns":false,"rs_blank_template":"","rs_page_bg_color":"","slide_template_v7":"","inline_featured_image":false,"_monsterinsights_skip_tracking":false,"_monsterinsights_sitenote_active":false,"_monsterinsights_sitenote_note":"","_monsterinsights_sitenote_category":0},"product_brand":[],"product_cat":[86,352],"product_tag":[],"class_list":{"0":"post-302812","1":"product","2":"type-product","3":"status-publish","4":"has-post-thumbnail","6":"product_cat-infantil","7":"product_cat-infantil-3_infantil-juvenil-spa","9":"first","10":"instock","11":"taxable","12":"shipping-taxable","13":"purchasable","14":"product-type-simple"},"acf":{"autor":"BESTARD, AINA","codart":"841652013","libros-coleccion":"","ediciones":"1","encuadernacion":"R\u00fastica","fecha_de_publicacion":"09\/02\/2016","novedad":"0","paginas":"100","subtitulo":"","orden":"999","portada":"0","idioma":"cat","editorial":[{"ID":6249,"post_author":"3","post_date":"2022-07-28 17:48:09","post_date_gmt":"2022-07-28 15:48:09","post_content":"","post_title":"Estrella Polar","post_excerpt":"","post_status":"publish","comment_status":"closed","ping_status":"closed","post_password":"","post_name":"estrella-polar","to_ping":"","pinged":"","post_modified":"2022-07-28 17:48:09","post_modified_gmt":"2022-07-28 15:48:09","post_content_filtered":"","post_parent":0,"guid":"http:\/\/dev.claret.cat\/editorial\/estrella-polar\/","menu_order":0,"post_type":"editorial","post_mime_type":"","comment_count":"0","filter":"raw"}],"autores-libros":[{"ID":149291,"post_author":"3","post_date":"2022-10-14 14:23:42","post_date_gmt":"2022-10-14 12:23:42","post_content":"","post_title":"AINA BESTARD","post_excerpt":"","post_status":"publish","comment_status":"closed","ping_status":"closed","post_password":"","post_name":"aina-bestard","to_ping":"","pinged":"","post_modified":"2022-10-14 14:23:42","post_modified_gmt":"2022-10-14 12:23:42","post_content_filtered":"","post_parent":0,"guid":"http:\/\/dev.claret.cat\/autor\/aina-bestard\/","menu_order":0,"post_type":"autor","post_mime_type":"","comment_count":"0","filter":"raw"}],"booktrailer":"","resenas":""},"aioseo_notices":[],"_links":{"self":[{"href":"https:\/\/www.claret.cat\/es\/wp-json\/wp\/v2\/product\/302812","targetHints":{"allow":["GET"]}}],"collection":[{"href":"https:\/\/www.claret.cat\/es\/wp-json\/wp\/v2\/product"}],"about":[{"href":"https:\/\/www.claret.cat\/es\/wp-json\/wp\/v2\/types\/product"}],"wp:featuredmedia":[{"embeddable":true,"href":"https:\/\/www.claret.cat\/es\/wp-json\/wp\/v2\/media\/302813"}],"wp:attachment":[{"href":"https:\/\/www.claret.cat\/es\/wp-json\/wp\/v2\/media?parent=302812"}],"wp:term":[{"taxonomy":"product_brand","embeddable":true,"href":"https:\/\/www.claret.cat\/es\/wp-json\/wp\/v2\/product_brand?post=302812"},{"taxonomy":"product_cat","embeddable":true,"href":"https:\/\/www.claret.cat\/es\/wp-json\/wp\/v2\/product_cat?post=302812"},{"taxonomy":"product_tag","embeddable":true,"href":"https:\/\/www.claret.cat\/es\/wp-json\/wp\/v2\/product_tag?post=302812"}],"curies":[{"name":"wp","href":"https:\/\/api.w.org\/{rel}","templated":true}]}}