{"id":302918,"date":"2022-12-16T03:55:04","date_gmt":"2022-12-16T02:55:04","guid":{"rendered":"http:\/\/dev.claret.cat\/llibre\/las-sillitas-rojas-9788416544080\/"},"modified":"2023-01-28T10:16:49","modified_gmt":"2023-01-28T09:16:49","slug":"las-sillitas-rojas-9788416544080","status":"publish","type":"product","link":"https:\/\/www.claret.cat\/es\/libro\/las-sillitas-rojas-9788416544080\/","title":{"rendered":"LAS SILLITAS ROJAS"},"content":{"rendered":"<p>Una noche, en pleno y g\u00e9lido invierno, un misterioso extranjero llega al pintoresco y aburrido pueblo irland\u00e9s de Cloonoila. Maduro y carism\u00e1tico, el doctor Dragan es tanto poeta como sanador, un \u00abcurandero\u00bb seductor y particular. Su presencia ser\u00e1 recibida como excitante novedad, y con su encanto hechizar\u00e1 a los habitantes del pueblo, sobre todo a ellas. La primera novela de O&#8217;Brien en 10 a\u00f1os, gran \u00e9xito de cr\u00edtica y p\u00fablico en ingl\u00e9s, recorre Europa desde su Irlanda natal para mostrarnos un portentoso viaje sobre el mal, el enga\u00f1o, el dolor y, en \u00faltima instancia, el poder redentor de los afectos, dibujando ante nosotros el retrato de personajes fascinantes. La prosa brilla en esta obra deslumbrante: como en la vida, el lirismo se mezcla con lo terrible y el miedo camina junto a la hermosura.<\/p>\n","protected":false},"excerpt":{"rendered":"<p>O&#8217;BRIEN, EDNA<\/p>\n","protected":false},"featured_media":302919,"template":"","meta":{"_acf_changed":false,"om_disable_all_campaigns":false,"rs_blank_template":"","rs_page_bg_color":"","slide_template_v7":"","inline_featured_image":false,"_monsterinsights_skip_tracking":false,"_monsterinsights_sitenote_active":false,"_monsterinsights_sitenote_note":"","_monsterinsights_sitenote_category":0},"product_brand":[],"product_cat":[87,353],"product_tag":[],"class_list":{"0":"post-302918","1":"product","2":"type-product","3":"status-publish","4":"has-post-thumbnail","6":"product_cat-literatura","7":"product_cat-literatura-2_humanidades","9":"first","10":"instock","11":"taxable","12":"shipping-taxable","13":"purchasable","14":"product-type-simple"},"acf":{"autor":"O'BRIEN, EDNA","codart":"841654408","libros-coleccion":"","ediciones":"1","encuadernacion":"Carpeta","fecha_de_publicacion":"01\/01\/2012","novedad":"0","paginas":"352","subtitulo":"","orden":"999","portada":"0","idioma":"spa","editorial":[{"ID":148105,"post_author":"3","post_date":"2022-10-14 11:55:40","post_date_gmt":"2022-10-14 09:55:40","post_content":"","post_title":"ERRATA NATURAE","post_excerpt":"","post_status":"publish","comment_status":"closed","ping_status":"closed","post_password":"","post_name":"errata-naturae","to_ping":"","pinged":"","post_modified":"2022-10-14 11:55:40","post_modified_gmt":"2022-10-14 09:55:40","post_content_filtered":"","post_parent":0,"guid":"http:\/\/dev.claret.cat\/editorial\/errata-naturae\/","menu_order":0,"post_type":"editorial","post_mime_type":"","comment_count":"0","filter":"raw"}],"autores-libros":[{"ID":154539,"post_author":"3","post_date":"2022-10-14 15:05:37","post_date_gmt":"2022-10-14 13:05:37","post_content":"","post_title":"EDNA O\u00b4\u00b4BRIEN","post_excerpt":"","post_status":"publish","comment_status":"closed","ping_status":"closed","post_password":"","post_name":"edna-obrien","to_ping":"","pinged":"","post_modified":"2022-10-14 15:05:37","post_modified_gmt":"2022-10-14 13:05:37","post_content_filtered":"","post_parent":0,"guid":"http:\/\/dev.claret.cat\/autor\/edna-obrien\/","menu_order":0,"post_type":"autor","post_mime_type":"","comment_count":"0","filter":"raw"}]},"aioseo_notices":[],"_links":{"self":[{"href":"https:\/\/www.claret.cat\/es\/wp-json\/wp\/v2\/product\/302918","targetHints":{"allow":["GET"]}}],"collection":[{"href":"https:\/\/www.claret.cat\/es\/wp-json\/wp\/v2\/product"}],"about":[{"href":"https:\/\/www.claret.cat\/es\/wp-json\/wp\/v2\/types\/product"}],"wp:featuredmedia":[{"embeddable":true,"href":"https:\/\/www.claret.cat\/es\/wp-json\/wp\/v2\/media\/302919"}],"wp:attachment":[{"href":"https:\/\/www.claret.cat\/es\/wp-json\/wp\/v2\/media?parent=302918"}],"wp:term":[{"taxonomy":"product_brand","embeddable":true,"href":"https:\/\/www.claret.cat\/es\/wp-json\/wp\/v2\/product_brand?post=302918"},{"taxonomy":"product_cat","embeddable":true,"href":"https:\/\/www.claret.cat\/es\/wp-json\/wp\/v2\/product_cat?post=302918"},{"taxonomy":"product_tag","embeddable":true,"href":"https:\/\/www.claret.cat\/es\/wp-json\/wp\/v2\/product_tag?post=302918"}],"curies":[{"name":"wp","href":"https:\/\/api.w.org\/{rel}","templated":true}]}}