{"id":302925,"date":"2022-12-16T03:55:21","date_gmt":"2022-12-16T02:55:21","guid":{"rendered":"http:\/\/dev.claret.cat\/llibre\/tu-no-eres-como-otras-madres-9788416544134\/"},"modified":"2023-01-28T20:57:28","modified_gmt":"2023-01-28T19:57:28","slug":"tu-no-eres-como-otras-madres-9788416544134","status":"publish","type":"product","link":"https:\/\/www.claret.cat\/es\/libro\/tu-no-eres-como-otras-madres-9788416544134\/","title":{"rendered":"T\u00da NO ERES COMO OTRAS MADRES"},"content":{"rendered":"<p>La narraci\u00f3n de Angelika Schrobsdorff reconstruye la vida real e inconformista de su madre, una mujer nacida en una familia de la burgues\u00eda jud\u00eda de Berl\u00edn, liberada de los prejuicios de su tiempo y deseosa de casarse con un artista (y no con el \u00abexcelente partido\u00bb que le han buscado, un comerciante opulento y maduro). As\u00ed, Else vivir\u00e1 de lleno el nacimiento de un nuevo mundo junto a la culta bohemia berlinesa de los \u00ablocos a\u00f1os veinte\u00bb, un periodo en el que tendr\u00e1 tres hijos de tres padres diferentes, fiel a las dos promesas que se hizo de joven: vivir la vida con la m\u00e1xima intensidad y tener un hijo con cada hombre al que amara. \u00c9sta es, por tanto, la historia de una mujer singular y sedienta de independencia, que ser\u00e1 arrollada por aquello mismo en lo que se negaba a creer al principio: el presente. Sin embargo, en la dura prueba del exilio, Else encontrar\u00e1 una realidad nueva y reveladora tras una vida que hasta entonces ha estado enteramente dedicada a las fiestas, los viajes y el amor.<br \/> T\u00fa no eres como otras madres es un \u00abrelato real\u00bb, como la Suite francesa de Ir\u00e8ne N\u00e9mirovsky, que nos sumerge por completo en una vida extraordinaria y nos hace part\u00edcipes de toda su riqueza y exaltaci\u00f3n, revel\u00e1ndonos a trav\u00e9s de esa existencia toda una \u00e9poca: los conciertos de m\u00fasica cl\u00e1sica y las novelas de Stefan Zweig, los cabarets y la pintura moderna, el nazismo y sus terribles leyes raciales&#8230; As\u00ed como tantos y tantos personajes que existieron durante ese tiempo de irrepetible pasi\u00f3n y energ\u00eda, y que pasan por estas p\u00e1ginas fascinantes: so\u00f1adores, artistas, agitadores, conspiradores, campesinos, esp\u00edas, criados, intelectuales, falsificadores&#8230;<br \/> Medio mill\u00f3n de ejemplares vendidos en Alemania, traducciones al franc\u00e9s, ingl\u00e9s, ahora tambi\u00e9n al castellano&#8230; El aura y la fama de esta novela crecen. Algunos lectores se preguntan cada poco si el presente puede ofrecernos libros a la altura de los cl\u00e1sicos; pues bien, he aqu\u00ed la respuesta, y no exageramos. Emocionante gran literatura.<\/p>\n","protected":false},"excerpt":{"rendered":"<p>SCHROBSDORFF, ANGELIKA<\/p>\n","protected":false},"featured_media":302926,"template":"","meta":{"_acf_changed":false,"om_disable_all_campaigns":false,"rs_blank_template":"","rs_page_bg_color":"","slide_template_v7":"","inline_featured_image":false,"_monsterinsights_skip_tracking":false,"_monsterinsights_sitenote_active":false,"_monsterinsights_sitenote_note":"","_monsterinsights_sitenote_category":0},"product_brand":[],"product_cat":[87,353],"product_tag":[],"class_list":{"0":"post-302925","1":"product","2":"type-product","3":"status-publish","4":"has-post-thumbnail","6":"product_cat-literatura","7":"product_cat-literatura-2_humanidades","9":"first","10":"instock","11":"taxable","12":"shipping-taxable","13":"purchasable","14":"product-type-simple"},"acf":{"autor":"SCHROBSDORFF, ANGELIKA","codart":"841654413","libros-coleccion":"","ediciones":"1","encuadernacion":"R\u00fastica","fecha_de_publicacion":"14\/03\/2016","novedad":"0","paginas":"592","subtitulo":"","orden":"999","portada":"0","idioma":"spa","editorial":[{"ID":148105,"post_author":"3","post_date":"2022-10-14 11:55:40","post_date_gmt":"2022-10-14 09:55:40","post_content":"","post_title":"ERRATA NATURAE","post_excerpt":"","post_status":"publish","comment_status":"closed","ping_status":"closed","post_password":"","post_name":"errata-naturae","to_ping":"","pinged":"","post_modified":"2022-10-14 11:55:40","post_modified_gmt":"2022-10-14 09:55:40","post_content_filtered":"","post_parent":0,"guid":"http:\/\/dev.claret.cat\/editorial\/errata-naturae\/","menu_order":0,"post_type":"editorial","post_mime_type":"","comment_count":"0","filter":"raw"}],"autores-libros":[{"ID":150466,"post_author":"3","post_date":"2022-10-14 14:33:11","post_date_gmt":"2022-10-14 12:33:11","post_content":"","post_title":"ANGELIKA SCHROBSDORFF","post_excerpt":"","post_status":"publish","comment_status":"closed","ping_status":"closed","post_password":"","post_name":"angelika-schrobsdorff","to_ping":"","pinged":"","post_modified":"2022-10-14 14:33:11","post_modified_gmt":"2022-10-14 12:33:11","post_content_filtered":"","post_parent":0,"guid":"http:\/\/dev.claret.cat\/autor\/angelika-schrobsdorff\/","menu_order":0,"post_type":"autor","post_mime_type":"","comment_count":"0","filter":"raw"}]},"aioseo_notices":[],"_links":{"self":[{"href":"https:\/\/www.claret.cat\/es\/wp-json\/wp\/v2\/product\/302925","targetHints":{"allow":["GET"]}}],"collection":[{"href":"https:\/\/www.claret.cat\/es\/wp-json\/wp\/v2\/product"}],"about":[{"href":"https:\/\/www.claret.cat\/es\/wp-json\/wp\/v2\/types\/product"}],"wp:featuredmedia":[{"embeddable":true,"href":"https:\/\/www.claret.cat\/es\/wp-json\/wp\/v2\/media\/302926"}],"wp:attachment":[{"href":"https:\/\/www.claret.cat\/es\/wp-json\/wp\/v2\/media?parent=302925"}],"wp:term":[{"taxonomy":"product_brand","embeddable":true,"href":"https:\/\/www.claret.cat\/es\/wp-json\/wp\/v2\/product_brand?post=302925"},{"taxonomy":"product_cat","embeddable":true,"href":"https:\/\/www.claret.cat\/es\/wp-json\/wp\/v2\/product_cat?post=302925"},{"taxonomy":"product_tag","embeddable":true,"href":"https:\/\/www.claret.cat\/es\/wp-json\/wp\/v2\/product_tag?post=302925"}],"curies":[{"name":"wp","href":"https:\/\/api.w.org\/{rel}","templated":true}]}}