{"id":303044,"date":"2022-12-16T04:00:10","date_gmt":"2022-12-16T03:00:10","guid":{"rendered":"http:\/\/dev.claret.cat\/llibre\/maximas-minimas-9788416685189\/"},"modified":"2023-01-28T13:10:30","modified_gmt":"2023-01-28T12:10:30","slug":"maximas-minimas-9788416685189","status":"publish","type":"product","link":"https:\/\/www.claret.cat\/es\/libro\/maximas-minimas-9788416685189\/","title":{"rendered":"M\u00c1XIMAS M\u00cdNIMAS"},"content":{"rendered":"<p>Enrique Jardiel Poncela (Madrid, 1901-1952) fue uno de los renovadores de la literatura humor\u00edstica espa\u00f1ola. Escribi\u00f3 novelas sat\u00edricas y obras teatrales que a\u00fanan misterio y absurdo. Entre las primeras se encuentran Amor se escribe sin hache (1929), \u00a1Esp\u00e9rame en Siberia, vida m\u00eda! (1930) y Pero&#8230; \u00bfhubo alguna vez once mil v\u00edrgenes? (1931); y entre las segundas, Angelina o el honor de un brigadier (1934), Un marido de ida y vuelta (1939) y Elo\u00edsa est\u00e1 debajo de un almendro (1940).<br \/> Autor de numerosas \u00abm\u00e1ximas m\u00ednimas\u00bb, Jardiel Poncela se inici\u00f3 como aforista en la prensa de los a\u00f1os veinte, bajo el influjo de Ram\u00f3n G\u00f3mez de la Serna y Oscar Wilde. \u00abSin Ram\u00f3n -lleg\u00f3 a decir- muchos de nosotros no ser\u00edamos nada\u00bb. Descre\u00eddo, ir\u00f3nico y sarc\u00e1stico, aforismiz\u00f3 sobre la pol\u00edtica, el matrimonio, las mujeres, la amistad, la experiencia y el p\u00fablico; en resumidas cuentas, sobre la seducci\u00f3n y el poder, o lo que viene a ser lo mismo, sobre el amor y la muerte.<br \/> Los rasgos esenciales de su obra toda fueron la imaginaci\u00f3n y el ingenio. En el pr\u00f3logo a su novela Pero&#8230; \u00bfhubo alguna vez once mil v\u00edrgenes?, Enrique Jardiel Poncela resume su actitud esencial frente el mundo de esta manera: \u00abMe r\u00edo de todo, porque todo es risible. Me r\u00edo de m\u00ed mismo, porque formo parte de ese todo\u00bb.<\/p>\n","protected":false},"excerpt":{"rendered":"<p>JARDIEL PONCELA, ENRIQUE<\/p>\n","protected":false},"featured_media":303045,"template":"","meta":{"_acf_changed":false,"om_disable_all_campaigns":false,"rs_blank_template":"","rs_page_bg_color":"","slide_template_v7":"","inline_featured_image":false,"_monsterinsights_skip_tracking":false,"_monsterinsights_sitenote_active":false,"_monsterinsights_sitenote_note":"","_monsterinsights_sitenote_category":0},"product_brand":[],"product_cat":[105,555],"product_tag":[],"class_list":{"0":"post-303044","1":"product","2":"type-product","3":"status-publish","4":"has-post-thumbnail","6":"product_cat-regal","7":"product_cat-regalo","9":"first","10":"instock","11":"taxable","12":"shipping-taxable","13":"purchasable","14":"product-type-simple"},"acf":{"autor":"JARDIEL PONCELA, ENRIQUE","codart":"841668518","libros-coleccion":"","ediciones":"1","encuadernacion":"R\u00fastica","fecha_de_publicacion":"14\/03\/2016","novedad":"0","paginas":"140","subtitulo":"","orden":"999","portada":"0","idioma":"spa","editorial":[{"ID":262433,"post_author":"3","post_date":"2022-10-24 11:24:18","post_date_gmt":"2022-10-24 09:24:18","post_content":"","post_title":"RENACIMIENTO, EDITORIAL","post_excerpt":"","post_status":"publish","comment_status":"closed","ping_status":"closed","post_password":"","post_name":"renacimiento-editorial","to_ping":"","pinged":"","post_modified":"2022-10-24 11:24:18","post_modified_gmt":"2022-10-24 09:24:18","post_content_filtered":"","post_parent":0,"guid":"http:\/\/dev.claret.cat\/editorial\/renacimiento-editorial\/","menu_order":0,"post_type":"editorial","post_mime_type":"","comment_count":"0","filter":"raw"}],"autores-libros":[{"ID":303043,"post_author":"3","post_date":"2022-12-16 04:00:05","post_date_gmt":"2022-12-16 03:00:05","post_content":"","post_title":"ENRIQUE JARDIEL PONCELA","post_excerpt":"","post_status":"publish","comment_status":"closed","ping_status":"closed","post_password":"","post_name":"enrique-jardiel-poncela","to_ping":"","pinged":"","post_modified":"2022-12-16 04:00:05","post_modified_gmt":"2022-12-16 03:00:05","post_content_filtered":"","post_parent":0,"guid":"http:\/\/dev.claret.cat\/autor\/enrique-jardiel-poncela\/","menu_order":0,"post_type":"autor","post_mime_type":"","comment_count":"0","filter":"raw"}]},"aioseo_notices":[],"_links":{"self":[{"href":"https:\/\/www.claret.cat\/es\/wp-json\/wp\/v2\/product\/303044","targetHints":{"allow":["GET"]}}],"collection":[{"href":"https:\/\/www.claret.cat\/es\/wp-json\/wp\/v2\/product"}],"about":[{"href":"https:\/\/www.claret.cat\/es\/wp-json\/wp\/v2\/types\/product"}],"wp:featuredmedia":[{"embeddable":true,"href":"https:\/\/www.claret.cat\/es\/wp-json\/wp\/v2\/media\/303045"}],"wp:attachment":[{"href":"https:\/\/www.claret.cat\/es\/wp-json\/wp\/v2\/media?parent=303044"}],"wp:term":[{"taxonomy":"product_brand","embeddable":true,"href":"https:\/\/www.claret.cat\/es\/wp-json\/wp\/v2\/product_brand?post=303044"},{"taxonomy":"product_cat","embeddable":true,"href":"https:\/\/www.claret.cat\/es\/wp-json\/wp\/v2\/product_cat?post=303044"},{"taxonomy":"product_tag","embeddable":true,"href":"https:\/\/www.claret.cat\/es\/wp-json\/wp\/v2\/product_tag?post=303044"}],"curies":[{"name":"wp","href":"https:\/\/api.w.org\/{rel}","templated":true}]}}