{"id":303082,"date":"2022-12-16T04:01:50","date_gmt":"2022-12-16T03:01:50","guid":{"rendered":"http:\/\/dev.claret.cat\/llibre\/piel-radiante-intestino-sano-9788416720729\/"},"modified":"2023-01-28T17:16:53","modified_gmt":"2023-01-28T16:16:53","slug":"piel-radiante-intestino-sano-9788416720729","status":"publish","type":"product","link":"https:\/\/www.claret.cat\/es\/libro\/piel-radiante-intestino-sano-9788416720729\/","title":{"rendered":"PIEL RADIANTE, INTESTINO SANO"},"content":{"rendered":"<p>Una obra revolucionaria que presenta la conexi\u00f3n entre el intestino y la piel.<br \/>La dermat\u00f3loga e investigadora Whitney Bowe defiende que los trastornos de la piel son manifestaciones de problemas de salud enraizados en el intestino.<br \/>Un programa en 21 d\u00edas para maximizar la salud y la belleza de la piel.<br \/>El secreto para lucir una piel radiante no son las cremas ni las inyecciones. Los \u00faltimos hallazgos cient\u00edficos revelan que el verdadero secreto de la belleza reside en el intestino. Whitney Bowe, dermat\u00f3loga y microbi\u00f3loga internacionalmente reconocida, comparte en esta obra apasionantes revelaciones sobre la salud intestinal y su relaci\u00f3n con el cerebro y la piel.<br \/>Recientemente, las investigaciones sobre la importancia del microbioma para la salud humana han revolucionado la ciencia. Las bacterias que pueblan el intestino y la piel determinan aspectos como el aumento o la p\u00e9rdida de peso, las enfermedades autoinmunes, las funciones cerebrales y la calidad d\u00e9rmica. Desde este enfoque, la doctora Whitney Bowe propone un programa de salud y belleza basado en la alimentaci\u00f3n y el control del estr\u00e9s. El intestino, clave del bienestar tanto interno como externo, es el camino m\u00e1s directo para lucir una piel fant\u00e1stica y transformar el cuerpo&#8230; por dentro y por fuera.<\/p>\n","protected":false},"excerpt":{"rendered":"<p>BOWE, WHITNEY<\/p>\n","protected":false},"featured_media":303083,"template":"","meta":{"_acf_changed":false,"om_disable_all_campaigns":false,"rs_blank_template":"","rs_page_bg_color":"","slide_template_v7":"","inline_featured_image":false,"_monsterinsights_skip_tracking":false,"_monsterinsights_sitenote_active":false,"_monsterinsights_sitenote_note":"","_monsterinsights_sitenote_category":0},"product_brand":[],"product_cat":[547,97],"product_tag":[],"class_list":{"0":"post-303082","1":"product","2":"type-product","3":"status-publish","4":"has-post-thumbnail","6":"product_cat-salud","7":"product_cat-salut","9":"first","10":"instock","11":"taxable","12":"shipping-taxable","13":"purchasable","14":"product-type-simple"},"acf":{"autor":"BOWE, WHITNEY","codart":"841672072","libros-coleccion":"Crecimiento personal","ediciones":"1","encuadernacion":"R\u00fastica","fecha_de_publicacion":"01\/06\/2019","novedad":"1","paginas":"284","subtitulo":"UN PROGRAMA PARA CUIDAR LA PIEL DESDE DENTRO","orden":"0","portada":"0","idioma":"spa","editorial":[{"ID":148935,"post_author":"3","post_date":"2022-10-14 12:02:09","post_date_gmt":"2022-10-14 10:02:09","post_content":"","post_title":"Urano","post_excerpt":"","post_status":"publish","comment_status":"closed","ping_status":"closed","post_password":"","post_name":"urano","to_ping":"","pinged":"","post_modified":"2022-10-14 12:02:09","post_modified_gmt":"2022-10-14 10:02:09","post_content_filtered":"","post_parent":0,"guid":"http:\/\/dev.claret.cat\/editorial\/urano\/","menu_order":0,"post_type":"editorial","post_mime_type":"","comment_count":"0","filter":"raw"}],"autores-libros":[{"ID":171268,"post_author":"3","post_date":"2022-10-14 22:42:01","post_date_gmt":"2022-10-14 20:42:01","post_content":"","post_title":"WHITNEY BOWE","post_excerpt":"","post_status":"publish","comment_status":"closed","ping_status":"closed","post_password":"","post_name":"whitney-bowe","to_ping":"","pinged":"","post_modified":"2022-10-14 22:42:01","post_modified_gmt":"2022-10-14 20:42:01","post_content_filtered":"","post_parent":0,"guid":"http:\/\/dev.claret.cat\/autor\/whitney-bowe\/","menu_order":0,"post_type":"autor","post_mime_type":"","comment_count":"0","filter":"raw"}]},"aioseo_notices":[],"_links":{"self":[{"href":"https:\/\/www.claret.cat\/es\/wp-json\/wp\/v2\/product\/303082","targetHints":{"allow":["GET"]}}],"collection":[{"href":"https:\/\/www.claret.cat\/es\/wp-json\/wp\/v2\/product"}],"about":[{"href":"https:\/\/www.claret.cat\/es\/wp-json\/wp\/v2\/types\/product"}],"wp:featuredmedia":[{"embeddable":true,"href":"https:\/\/www.claret.cat\/es\/wp-json\/wp\/v2\/media\/303083"}],"wp:attachment":[{"href":"https:\/\/www.claret.cat\/es\/wp-json\/wp\/v2\/media?parent=303082"}],"wp:term":[{"taxonomy":"product_brand","embeddable":true,"href":"https:\/\/www.claret.cat\/es\/wp-json\/wp\/v2\/product_brand?post=303082"},{"taxonomy":"product_cat","embeddable":true,"href":"https:\/\/www.claret.cat\/es\/wp-json\/wp\/v2\/product_cat?post=303082"},{"taxonomy":"product_tag","embeddable":true,"href":"https:\/\/www.claret.cat\/es\/wp-json\/wp\/v2\/product_tag?post=303082"}],"curies":[{"name":"wp","href":"https:\/\/api.w.org\/{rel}","templated":true}]}}