{"id":303085,"date":"2022-12-16T04:01:58","date_gmt":"2022-12-16T03:01:58","guid":{"rendered":"http:\/\/dev.claret.cat\/llibre\/filosofia-inacabada-rustica-9788416734603\/"},"modified":"2023-01-28T23:38:08","modified_gmt":"2023-01-28T22:38:08","slug":"filosofia-inacabada-rustica-9788416734603","status":"publish","type":"product","link":"https:\/\/www.claret.cat\/es\/libro\/filosofia-inacabada-rustica-9788416734603\/","title":{"rendered":"FILOSOF\u00cdA INACABADA- R\u00daSTICA"},"content":{"rendered":"<p>La filosof\u00eda naci\u00f3 al aire libre y actualmente vuelve a las calles. Su arrinconamiento institucional, que la expulsa de escuelas y universidades, tiene como contrapartida una nueva vitalidad, un deseo colectivo de cuestionar radicalmente nuestros modos de vivir y de aprender de nuevo a pensar. La filosof\u00eda naci\u00f3 de la discusi\u00f3n, de la guerra entre ciudades y de la rivalidad entre concepciones del mundo. Hoy, otra guerra ha puesto en grave crisis nuestras formas de vida y sus presupuestos. Frente a ello, la filosof\u00eda es un pensamiento que transforma la vida. Es un sistema de conceptos pero tambi\u00e9n una actitud. La filosof\u00eda es pensamiento vivo. No ofrece f\u00f3rmulas o recetas, sino que pone a cada cual en la situaci\u00f3n de pensar sus asuntos particulares como problemas comunes. \u00bfC\u00f3mo vivir, c\u00f3mo pensar, c\u00f3mo actuar? Desde estas preguntas, la filosof\u00eda no es \u00fatil ni in\u00fatil. Es necesaria. Necesaria para la vida concreta de cada uno de nosotros y para nuestras sociedades en crisis. Hay quien piensa que la filosof\u00eda debe ser protegida y defendida como si fuera una pieza de museo o una especie en extinci\u00f3n. Todo lo contrario: la filosof\u00eda no puede preservarse, tiene que practicarse y exponerse. No se trata de estirar el pasado de una historia moribunda sino de abrirnos al presente de una filosof\u00eda inacabada. Filosof\u00eda inacabada para un mundo que muestra s\u00edntomas de agotamiento: \u00e9ste es el principal desaf\u00edo que nos interpela, a fil\u00f3sofos y no fil\u00f3sofos, hoy.<\/p>\n","protected":false},"excerpt":{"rendered":"<p>GARC\u00c9S, MARINA<\/p>\n","protected":false},"featured_media":303086,"template":"","meta":{"_acf_changed":false,"om_disable_all_campaigns":false,"rs_blank_template":"","rs_page_bg_color":"","slide_template_v7":"","inline_featured_image":false,"_monsterinsights_skip_tracking":false,"_monsterinsights_sitenote_active":false,"_monsterinsights_sitenote_note":"","_monsterinsights_sitenote_category":0},"product_brand":[],"product_cat":[83,349],"product_tag":[],"class_list":{"0":"post-303085","1":"product","2":"type-product","3":"status-publish","4":"has-post-thumbnail","6":"product_cat-filosofia","7":"product_cat-filosofia-2_humanidades","9":"first","10":"instock","11":"taxable","12":"shipping-taxable","13":"purchasable","14":"product-type-simple"},"acf":{"autor":"GARC\u00c9S, MARINA","codart":"841673460","libros-coleccion":"R\u00fastica","ediciones":"1","encuadernacion":"R\u00fastica","fecha_de_publicacion":"01\/09\/2016","novedad":"0","paginas":"336","subtitulo":"","orden":"0","portada":"0","idioma":"spa","editorial":[{"ID":6260,"post_author":"3","post_date":"2022-07-28 17:48:23","post_date_gmt":"2022-07-28 15:48:23","post_content":"","post_title":"Galaxia Gutenberg","post_excerpt":"","post_status":"publish","comment_status":"closed","ping_status":"closed","post_password":"","post_name":"galaxia-gutenberg","to_ping":"","pinged":"","post_modified":"2022-07-28 17:48:23","post_modified_gmt":"2022-07-28 15:48:23","post_content_filtered":"","post_parent":0,"guid":"http:\/\/dev.claret.cat\/editorial\/galaxia-gutenberg\/","menu_order":0,"post_type":"editorial","post_mime_type":"","comment_count":"0","filter":"raw"}],"autores-libros":[{"ID":163936,"post_author":"3","post_date":"2022-10-14 17:43:02","post_date_gmt":"2022-10-14 15:43:02","post_content":"","post_title":"MARINA GARC\u00c9S","post_excerpt":"","post_status":"publish","comment_status":"closed","ping_status":"closed","post_password":"","post_name":"marina-garces","to_ping":"","pinged":"","post_modified":"2022-10-14 17:43:02","post_modified_gmt":"2022-10-14 15:43:02","post_content_filtered":"","post_parent":0,"guid":"http:\/\/dev.claret.cat\/autor\/marina-garces\/","menu_order":0,"post_type":"autor","post_mime_type":"","comment_count":"0","filter":"raw"}]},"aioseo_notices":[],"_links":{"self":[{"href":"https:\/\/www.claret.cat\/es\/wp-json\/wp\/v2\/product\/303085","targetHints":{"allow":["GET"]}}],"collection":[{"href":"https:\/\/www.claret.cat\/es\/wp-json\/wp\/v2\/product"}],"about":[{"href":"https:\/\/www.claret.cat\/es\/wp-json\/wp\/v2\/types\/product"}],"wp:featuredmedia":[{"embeddable":true,"href":"https:\/\/www.claret.cat\/es\/wp-json\/wp\/v2\/media\/303086"}],"wp:attachment":[{"href":"https:\/\/www.claret.cat\/es\/wp-json\/wp\/v2\/media?parent=303085"}],"wp:term":[{"taxonomy":"product_brand","embeddable":true,"href":"https:\/\/www.claret.cat\/es\/wp-json\/wp\/v2\/product_brand?post=303085"},{"taxonomy":"product_cat","embeddable":true,"href":"https:\/\/www.claret.cat\/es\/wp-json\/wp\/v2\/product_cat?post=303085"},{"taxonomy":"product_tag","embeddable":true,"href":"https:\/\/www.claret.cat\/es\/wp-json\/wp\/v2\/product_tag?post=303085"}],"curies":[{"name":"wp","href":"https:\/\/api.w.org\/{rel}","templated":true}]}}