{"id":303146,"date":"2022-12-16T04:04:34","date_gmt":"2022-12-16T03:04:34","guid":{"rendered":"http:\/\/dev.claret.cat\/llibre\/tess-del-camino-9788416858927\/"},"modified":"2023-01-28T20:17:47","modified_gmt":"2023-01-28T19:17:47","slug":"tess-del-camino-9788416858927","status":"publish","type":"product","link":"https:\/\/www.claret.cat\/es\/libro\/tess-del-camino-9788416858927\/","title":{"rendered":"TESS DEL CAMINO"},"content":{"rendered":"<p>En el reino de Goredd, de las mujeres se espera que sean damas; de los hombres, que las custodien; y de los dragones&#8230; En fin, de ellos no se espera nada bueno. Tess no encaja en ninguna de esas tres categor\u00edas. Ella es&#8230; diferente. Ni siquiera intenta parecer respetable, a diferencia de su hermanastra Seraphina. Un d\u00eda llega demasiado lejos: lo que hace mancha tanto su reputaci\u00f3n que su familia decide enviarla a un convento.<br \/> Pero Tess escoge otra senda: se corta el pelo, se disfraza de hombre y emprende un viaje por las fascinantes Tierras del Sur, donde descubrir\u00e1 que no es posible huir de un sitio sin avanzar al mismo tiempo hacia otro lugar. Tess del camino es la nueva novela de la autora de Seraphina, reconocida con un gran \u00e9xito de ventas y cr\u00edtica. Ambientada en el mismo mundo y con algunos personajes en com\u00fan, aunque de lectura independiente, da comienzo a una bilog\u00eda fant\u00e1stica protagonizada por una joven at\u00edpica e imperfecta.<\/p>\n","protected":false},"excerpt":{"rendered":"<p>HARTMAN, RACHEL<\/p>\n","protected":false},"featured_media":303147,"template":"","meta":{"_acf_changed":false,"om_disable_all_campaigns":false,"rs_blank_template":"","rs_page_bg_color":"","slide_template_v7":"","inline_featured_image":false,"_monsterinsights_skip_tracking":false,"_monsterinsights_sitenote_active":false,"_monsterinsights_sitenote_note":"","_monsterinsights_sitenote_category":0},"product_brand":[],"product_cat":[117,566],"product_tag":[],"class_list":{"0":"post-303146","1":"product","2":"type-product","3":"status-publish","4":"has-post-thumbnail","6":"product_cat-juvenil","7":"product_cat-juvenil-3_infantil-juvenil-spa-spa","9":"first","10":"instock","11":"taxable","12":"shipping-taxable","13":"purchasable","14":"product-type-simple"},"acf":{"autor":"HARTMAN, RACHEL","codart":"841685892","libros-coleccion":"LITERATURA MAGICA","ediciones":"1","encuadernacion":"R\u00fastica","fecha_de_publicacion":"01\/06\/2019","novedad":"1","paginas":"568","subtitulo":"","orden":"0","portada":"0","idioma":"spa","editorial":[{"ID":148577,"post_author":"3","post_date":"2022-10-14 11:59:20","post_date_gmt":"2022-10-14 09:59:20","post_content":"","post_title":"NOCTURNA EDICIONES","post_excerpt":"","post_status":"publish","comment_status":"closed","ping_status":"closed","post_password":"","post_name":"nocturna-ediciones","to_ping":"","pinged":"","post_modified":"2022-10-14 11:59:20","post_modified_gmt":"2022-10-14 09:59:20","post_content_filtered":"","post_parent":0,"guid":"http:\/\/dev.claret.cat\/editorial\/nocturna-ediciones\/","menu_order":0,"post_type":"editorial","post_mime_type":"","comment_count":"0","filter":"raw"}],"autores-libros":[{"ID":167521,"post_author":"3","post_date":"2022-10-14 18:11:52","post_date_gmt":"2022-10-14 16:11:52","post_content":"","post_title":"RACHEL HARTMAN","post_excerpt":"","post_status":"publish","comment_status":"closed","ping_status":"closed","post_password":"","post_name":"rachel-hartman","to_ping":"","pinged":"","post_modified":"2022-10-14 18:11:52","post_modified_gmt":"2022-10-14 16:11:52","post_content_filtered":"","post_parent":0,"guid":"http:\/\/dev.claret.cat\/autor\/rachel-hartman\/","menu_order":0,"post_type":"autor","post_mime_type":"","comment_count":"0","filter":"raw"}]},"aioseo_notices":[],"_links":{"self":[{"href":"https:\/\/www.claret.cat\/es\/wp-json\/wp\/v2\/product\/303146","targetHints":{"allow":["GET"]}}],"collection":[{"href":"https:\/\/www.claret.cat\/es\/wp-json\/wp\/v2\/product"}],"about":[{"href":"https:\/\/www.claret.cat\/es\/wp-json\/wp\/v2\/types\/product"}],"wp:featuredmedia":[{"embeddable":true,"href":"https:\/\/www.claret.cat\/es\/wp-json\/wp\/v2\/media\/303147"}],"wp:attachment":[{"href":"https:\/\/www.claret.cat\/es\/wp-json\/wp\/v2\/media?parent=303146"}],"wp:term":[{"taxonomy":"product_brand","embeddable":true,"href":"https:\/\/www.claret.cat\/es\/wp-json\/wp\/v2\/product_brand?post=303146"},{"taxonomy":"product_cat","embeddable":true,"href":"https:\/\/www.claret.cat\/es\/wp-json\/wp\/v2\/product_cat?post=303146"},{"taxonomy":"product_tag","embeddable":true,"href":"https:\/\/www.claret.cat\/es\/wp-json\/wp\/v2\/product_tag?post=303146"}],"curies":[{"name":"wp","href":"https:\/\/api.w.org\/{rel}","templated":true}]}}