{"id":303161,"date":"2022-12-16T04:05:14","date_gmt":"2022-12-16T03:05:14","guid":{"rendered":"http:\/\/dev.claret.cat\/llibre\/150-aves-de-espana-9788416918553\/"},"modified":"2023-12-16T13:20:07","modified_gmt":"2023-12-16T12:20:07","slug":"150-aves-de-espana-9788416918553","status":"publish","type":"product","link":"https:\/\/www.claret.cat\/es\/libro\/150-aves-de-espana-9788416918553\/","title":{"rendered":"150 AVES DE ESPA\u00d1A"},"content":{"rendered":"<p>Esta minigu\u00eda en formato papel plastificado desplegable incluye las 150 especies de aves de Espa\u00f1a que por su abundancia, belleza o singularidad hay que conocer. En cada l\u00e1mina se encuentran ilustrados m\u00e1s de 10 p\u00e1jaros, acompa\u00f1ados de un peque\u00f1o texto explicativo y de unos iconos con informaci\u00f3n complementaria para facilitar su localizaci\u00f3n e identificaci\u00f3n.<\/p>\n","protected":false},"excerpt":{"rendered":"<p>LLOBET FRAN\u00c7OIS , TONI \/ COPETE, JOS\u00c9 LUIS<\/p>\n","protected":false},"featured_media":317467,"template":"","meta":{"_acf_changed":false,"om_disable_all_campaigns":false,"rs_blank_template":"","rs_page_bg_color":"","slide_template_v7":"","inline_featured_image":false,"_monsterinsights_skip_tracking":false,"_monsterinsights_sitenote_active":false,"_monsterinsights_sitenote_note":"","_monsterinsights_sitenote_category":0},"product_brand":[],"product_cat":[557,107],"product_tag":[],"class_list":{"0":"post-303161","1":"product","2":"type-product","3":"status-publish","4":"has-post-thumbnail","6":"product_cat-guias-de-viaje","7":"product_cat-guies-de-viatge","9":"first","10":"instock","11":"taxable","12":"shipping-taxable","13":"purchasable","14":"product-type-simple"},"acf":{"autor":"LLOBET FRAN\u00c7OIS , TONI \/ COPETE, JOS\u00c9 LUIS","codart":"841691855","libros-coleccion":"Minigu\u00eda de campo","ediciones":"1","encuadernacion":"R\u00fastica","fecha_de_publicacion":"01\/06\/2019","novedad":"1","paginas":"1","subtitulo":"QUE HAY QUE CONOCER","orden":"0","portada":"0","idioma":"spa","editorial":[{"ID":148408,"post_author":"3","post_date":"2022-10-14 11:58:01","post_date_gmt":"2022-10-14 09:58:01","post_content":"","post_title":"Lectio Ediciones","post_excerpt":"","post_status":"publish","comment_status":"closed","ping_status":"closed","post_password":"","post_name":"lectio-ediciones","to_ping":"","pinged":"","post_modified":"2022-10-14 11:58:01","post_modified_gmt":"2022-10-14 09:58:01","post_content_filtered":"","post_parent":0,"guid":"http:\/\/dev.claret.cat\/editorial\/lectio-ediciones\/","menu_order":0,"post_type":"editorial","post_mime_type":"","comment_count":"0","filter":"raw"}],"autores-libros":[{"ID":170546,"post_author":"3","post_date":"2022-10-14 22:36:13","post_date_gmt":"2022-10-14 20:36:13","post_content":"","post_title":"TONI LLOBET FRAN\u00c7OIS","post_excerpt":"","post_status":"publish","comment_status":"closed","ping_status":"closed","post_password":"","post_name":"toni-llobet-francois","to_ping":"","pinged":"","post_modified":"2022-10-14 22:36:13","post_modified_gmt":"2022-10-14 20:36:13","post_content_filtered":"","post_parent":0,"guid":"http:\/\/dev.claret.cat\/autor\/toni-llobet-francois\/","menu_order":0,"post_type":"autor","post_mime_type":"","comment_count":"0","filter":"raw"},{"ID":160318,"post_author":"3","post_date":"2022-10-14 15:52:06","post_date_gmt":"2022-10-14 13:52:06","post_content":"","post_title":"JOS\u00c9 LUIS COPETE","post_excerpt":"","post_status":"publish","comment_status":"closed","ping_status":"closed","post_password":"","post_name":"jose-luis-copete","to_ping":"","pinged":"","post_modified":"2022-10-14 15:52:06","post_modified_gmt":"2022-10-14 13:52:06","post_content_filtered":"","post_parent":0,"guid":"http:\/\/dev.claret.cat\/autor\/jose-luis-copete\/","menu_order":0,"post_type":"autor","post_mime_type":"","comment_count":"0","filter":"raw"}]},"aioseo_notices":[],"_links":{"self":[{"href":"https:\/\/www.claret.cat\/es\/wp-json\/wp\/v2\/product\/303161","targetHints":{"allow":["GET"]}}],"collection":[{"href":"https:\/\/www.claret.cat\/es\/wp-json\/wp\/v2\/product"}],"about":[{"href":"https:\/\/www.claret.cat\/es\/wp-json\/wp\/v2\/types\/product"}],"wp:featuredmedia":[{"embeddable":true,"href":"https:\/\/www.claret.cat\/es\/wp-json\/wp\/v2\/media\/317467"}],"wp:attachment":[{"href":"https:\/\/www.claret.cat\/es\/wp-json\/wp\/v2\/media?parent=303161"}],"wp:term":[{"taxonomy":"product_brand","embeddable":true,"href":"https:\/\/www.claret.cat\/es\/wp-json\/wp\/v2\/product_brand?post=303161"},{"taxonomy":"product_cat","embeddable":true,"href":"https:\/\/www.claret.cat\/es\/wp-json\/wp\/v2\/product_cat?post=303161"},{"taxonomy":"product_tag","embeddable":true,"href":"https:\/\/www.claret.cat\/es\/wp-json\/wp\/v2\/product_tag?post=303161"}],"curies":[{"name":"wp","href":"https:\/\/api.w.org\/{rel}","templated":true}]}}