{"id":303318,"date":"2022-12-16T04:11:48","date_gmt":"2022-12-16T03:11:48","guid":{"rendered":"http:\/\/dev.claret.cat\/llibre\/hipatia-9788417137410\/"},"modified":"2023-01-28T12:52:38","modified_gmt":"2023-01-28T11:52:38","slug":"hipatia-9788417137410","status":"publish","type":"product","link":"https:\/\/www.claret.cat\/es\/libro\/hipatia-9788417137410\/","title":{"rendered":"HIP\u00c0TIA"},"content":{"rendered":"<p>Hip\u00e0tia d\u2019Alexandria va ser una de les primeres fil\u00f2sofes per\u00f2, tot i aix\u00f2, els llibres d\u2019hist\u00f2ria no li han fet gaire just\u00edcia. Gran mestra neoplat\u00f3nica, Hipatia va destacar als camps de l&#8217;astronomia i les matem\u00e0tiques. Tamb\u00e9 \u00e9s recordada com a una genial inventora: va millorar el astrolabi una eina molt \u00fatil per a navegar prenent com a refer\u00e8ncia la posici\u00f3 dels estels i va desenvolupar el primer aparell per mesurar la densitat dels l\u00edquids. Aquest llibre explica la hist\u00f2ria de com va aconseguir fer tantes coses en un m\u00f3n dominat pels homes, i \u00e9s apassionant.<br \/>Tant el registre de la narraci\u00f3 com l\u2019estil de les imatges s\u00f3n adequats per a escolars amb una franja d\u2019edat d\u2019entre els 8 i els 11 anys. El text i les imatges s\u2019asseguren de tractar temes did\u00e0ctics transversals als \u00e0mbits d\u2019activitat del personatge, especialment aquells relatius al el feminis-me i la igualtat de g\u00e8nere, amb vista tant a la lectura en fam\u00edlia com a l\u2019\u00fas en centres escolars i al refor\u00e7 al programa educatiu.<br \/>Les p\u00e0gines finals del llibre contenen una biografia resumida del personatge i una cronologia que l\u2019emmarca en l\u2019evoluci\u00f3 de la seva disciplina, entre altres personatges destacats.<\/p>\n","protected":false},"excerpt":{"rendered":"<p>GARC\u00cdA TUR, V\u00cdCTOR<\/p>\n","protected":false},"featured_media":303319,"template":"","meta":{"_acf_changed":false,"om_disable_all_campaigns":false,"rs_blank_template":"","rs_page_bg_color":"","slide_template_v7":"","inline_featured_image":false,"_monsterinsights_skip_tracking":false,"_monsterinsights_sitenote_active":false,"_monsterinsights_sitenote_note":"","_monsterinsights_sitenote_category":0},"product_brand":[],"product_cat":[90,540],"product_tag":[],"class_list":{"0":"post-303318","1":"product","2":"type-product","3":"status-publish","4":"has-post-thumbnail","6":"product_cat-altres","7":"product_cat-otros","9":"first","10":"instock","11":"taxable","12":"shipping-taxable","13":"purchasable","14":"product-type-simple"},"acf":{"autor":"GARC\u00cdA TUR, V\u00cdCTOR","codart":"841713741","libros-coleccion":"GENIS DE LA CI\u00c8NCIA","ediciones":"1","encuadernacion":"Carpeta","fecha_de_publicacion":"01\/06\/2019","novedad":"1","paginas":"34","subtitulo":"LA GRAN MESTRA D''ALEXANDRIA","orden":"0","portada":"0","idioma":"cat","editorial":[{"ID":6389,"post_author":"3","post_date":"2022-07-28 17:51:06","post_date_gmt":"2022-07-28 15:51:06","post_content":"","post_title":"VEGUETA EDICIONES","post_excerpt":"","post_status":"publish","comment_status":"closed","ping_status":"closed","post_password":"","post_name":"vegueta-ediciones","to_ping":"","pinged":"","post_modified":"2022-07-28 17:51:06","post_modified_gmt":"2022-07-28 15:51:06","post_content_filtered":"","post_parent":0,"guid":"http:\/\/dev.claret.cat\/editorial\/vegueta-ediciones\/","menu_order":0,"post_type":"editorial","post_mime_type":"","comment_count":"0","filter":"raw"}],"autores-libros":[{"ID":171006,"post_author":"3","post_date":"2022-10-14 22:39:56","post_date_gmt":"2022-10-14 20:39:56","post_content":"","post_title":"VICTOR GARCIA TUR","post_excerpt":"","post_status":"publish","comment_status":"closed","ping_status":"closed","post_password":"","post_name":"victor-garcia-tur","to_ping":"","pinged":"","post_modified":"2022-10-14 22:39:56","post_modified_gmt":"2022-10-14 20:39:56","post_content_filtered":"","post_parent":0,"guid":"http:\/\/dev.claret.cat\/autor\/victor-garcia-tur\/","menu_order":0,"post_type":"autor","post_mime_type":"","comment_count":"0","filter":"raw"}]},"aioseo_notices":[],"_links":{"self":[{"href":"https:\/\/www.claret.cat\/es\/wp-json\/wp\/v2\/product\/303318","targetHints":{"allow":["GET"]}}],"collection":[{"href":"https:\/\/www.claret.cat\/es\/wp-json\/wp\/v2\/product"}],"about":[{"href":"https:\/\/www.claret.cat\/es\/wp-json\/wp\/v2\/types\/product"}],"wp:featuredmedia":[{"embeddable":true,"href":"https:\/\/www.claret.cat\/es\/wp-json\/wp\/v2\/media\/303319"}],"wp:attachment":[{"href":"https:\/\/www.claret.cat\/es\/wp-json\/wp\/v2\/media?parent=303318"}],"wp:term":[{"taxonomy":"product_brand","embeddable":true,"href":"https:\/\/www.claret.cat\/es\/wp-json\/wp\/v2\/product_brand?post=303318"},{"taxonomy":"product_cat","embeddable":true,"href":"https:\/\/www.claret.cat\/es\/wp-json\/wp\/v2\/product_cat?post=303318"},{"taxonomy":"product_tag","embeddable":true,"href":"https:\/\/www.claret.cat\/es\/wp-json\/wp\/v2\/product_tag?post=303318"}],"curies":[{"name":"wp","href":"https:\/\/api.w.org\/{rel}","templated":true}]}}