{"id":303330,"date":"2022-12-16T04:12:18","date_gmt":"2022-12-16T03:12:18","guid":{"rendered":"http:\/\/dev.claret.cat\/llibre\/agenda-escolar-20192020-moderna-de-pueblo-9788417166373\/"},"modified":"2023-01-28T07:50:16","modified_gmt":"2023-01-28T06:50:16","slug":"agenda-escolar-20192020-moderna-de-pueblo-9788417166373","status":"publish","type":"product","link":"https:\/\/www.claret.cat\/es\/libro\/agenda-escolar-20192020-moderna-de-pueblo-9788417166373\/","title":{"rendered":"AGENDA ESCOLAR 2019-2020 MODERNA DE PUEBLO"},"content":{"rendered":"<p>Los deberes, las entregas de trabajos y los ex\u00e1menes ser\u00e1n m\u00e1s llevaderos con esta divertida agenda, llena de humor inteligente, que seguro que te arranca cada d\u00eda una sonrisa y hasta una carcajada. Incluye varios tacos de post-it, unas cuantas p\u00e1ginas de adhesivos para que des rienda suelta a tu creatividad o mates el aburrimiento y un pr\u00e1ctico sobre para guardar papeles y papelitos. No recomendada para menores de 16 a\u00f1os.<\/p>\n","protected":false},"excerpt":{"rendered":"<p>MODERNA DE PUEBLO<\/p>\n","protected":false},"featured_media":303331,"template":"","meta":{"_acf_changed":false,"om_disable_all_campaigns":false,"rs_blank_template":"","rs_page_bg_color":"","slide_template_v7":"","inline_featured_image":false,"_monsterinsights_skip_tracking":false,"_monsterinsights_sitenote_active":false,"_monsterinsights_sitenote_note":"","_monsterinsights_sitenote_category":0},"product_brand":[],"product_cat":[552,102],"product_tag":[],"class_list":{"0":"post-303330","1":"product","2":"type-product","3":"status-publish","4":"has-post-thumbnail","6":"product_cat-calendarios-y-agendas","7":"product_cat-calendaris-i-agendes","9":"first","10":"instock","11":"taxable","12":"shipping-taxable","13":"purchasable","14":"product-type-simple"},"acf":{"autor":"MODERNA DE PUEBLO","codart":"841716637","libros-coleccion":"AGENDAS","ediciones":"1","encuadernacion":"Carton\u00e9","fecha_de_publicacion":"01\/06\/2019","novedad":"1","paginas":"0","subtitulo":"","orden":"0","portada":"0","idioma":"spa","editorial":[{"ID":148677,"post_author":"3","post_date":"2022-10-14 12:00:07","post_date_gmt":"2022-10-14 10:00:07","post_content":"","post_title":"PLANETA GIFTS","post_excerpt":"","post_status":"publish","comment_status":"closed","ping_status":"closed","post_password":"","post_name":"planeta-gifts","to_ping":"","pinged":"","post_modified":"2022-10-14 12:00:07","post_modified_gmt":"2022-10-14 10:00:07","post_content_filtered":"","post_parent":0,"guid":"http:\/\/dev.claret.cat\/editorial\/planeta-gifts\/","menu_order":0,"post_type":"editorial","post_mime_type":"","comment_count":"0","filter":"raw"}],"autores-libros":[{"ID":5865,"post_author":"3","post_date":"2022-07-28 17:33:09","post_date_gmt":"2022-07-28 15:33:09","post_content":"","post_title":"MODERNA DE PUEBLO","post_excerpt":"","post_status":"publish","comment_status":"closed","ping_status":"closed","post_password":"","post_name":"moderna-de-pueblo","to_ping":"","pinged":"","post_modified":"2022-07-28 17:33:09","post_modified_gmt":"2022-07-28 15:33:09","post_content_filtered":"","post_parent":0,"guid":"http:\/\/dev.claret.cat\/autor\/moderna-de-pueblo\/","menu_order":0,"post_type":"autor","post_mime_type":"","comment_count":"0","filter":"raw"}]},"aioseo_notices":[],"_links":{"self":[{"href":"https:\/\/www.claret.cat\/es\/wp-json\/wp\/v2\/product\/303330","targetHints":{"allow":["GET"]}}],"collection":[{"href":"https:\/\/www.claret.cat\/es\/wp-json\/wp\/v2\/product"}],"about":[{"href":"https:\/\/www.claret.cat\/es\/wp-json\/wp\/v2\/types\/product"}],"wp:featuredmedia":[{"embeddable":true,"href":"https:\/\/www.claret.cat\/es\/wp-json\/wp\/v2\/media\/303331"}],"wp:attachment":[{"href":"https:\/\/www.claret.cat\/es\/wp-json\/wp\/v2\/media?parent=303330"}],"wp:term":[{"taxonomy":"product_brand","embeddable":true,"href":"https:\/\/www.claret.cat\/es\/wp-json\/wp\/v2\/product_brand?post=303330"},{"taxonomy":"product_cat","embeddable":true,"href":"https:\/\/www.claret.cat\/es\/wp-json\/wp\/v2\/product_cat?post=303330"},{"taxonomy":"product_tag","embeddable":true,"href":"https:\/\/www.claret.cat\/es\/wp-json\/wp\/v2\/product_tag?post=303330"}],"curies":[{"name":"wp","href":"https:\/\/api.w.org\/{rel}","templated":true}]}}