{"id":303339,"date":"2022-12-16T04:12:42","date_gmt":"2022-12-16T03:12:42","guid":{"rendered":"http:\/\/dev.claret.cat\/llibre\/agenda-escolar-20192020-lyona-9788417166403\/"},"modified":"2023-01-28T06:02:35","modified_gmt":"2023-01-28T05:02:35","slug":"agenda-escolar-20192020-lyona-9788417166403","status":"publish","type":"product","link":"https:\/\/www.claret.cat\/es\/libro\/agenda-escolar-20192020-lyona-9788417166403\/","title":{"rendered":"AGENDA ESCOLAR 2019-2020 LYONA"},"content":{"rendered":"<p>Esta agenda incluye un bolsillo doble para esconder mensajes secretos, una p\u00e1gina con varios tacos de post-it y un mont\u00f3n de adhesivos para marcar los momentos importantes. Ex\u00e1menes, deberes, trabajos, dentista&#8230; nada te dar\u00e1 miedo si te acompa\u00f1an los adorables monstruitos de Lyona.<\/p>\n","protected":false},"excerpt":{"rendered":"<p>LYONA<\/p>\n","protected":false},"featured_media":303340,"template":"","meta":{"_acf_changed":false,"om_disable_all_campaigns":false,"rs_blank_template":"","rs_page_bg_color":"","slide_template_v7":"","inline_featured_image":false,"_monsterinsights_skip_tracking":false,"_monsterinsights_sitenote_active":false,"_monsterinsights_sitenote_note":"","_monsterinsights_sitenote_category":0},"product_brand":[],"product_cat":[552,102],"product_tag":[],"class_list":{"0":"post-303339","1":"product","2":"type-product","3":"status-publish","4":"has-post-thumbnail","6":"product_cat-calendarios-y-agendas","7":"product_cat-calendaris-i-agendes","9":"first","10":"instock","11":"taxable","12":"shipping-taxable","13":"purchasable","14":"product-type-simple"},"acf":{"autor":"LYONA","codart":"841716640","libros-coleccion":"AGENDAS","ediciones":"1","encuadernacion":"Carton\u00e9","fecha_de_publicacion":"01\/06\/2019","novedad":"1","paginas":"0","subtitulo":"","orden":"0","portada":"0","idioma":"spa","editorial":[{"ID":148677,"post_author":"3","post_date":"2022-10-14 12:00:07","post_date_gmt":"2022-10-14 10:00:07","post_content":"","post_title":"PLANETA GIFTS","post_excerpt":"","post_status":"publish","comment_status":"closed","ping_status":"closed","post_password":"","post_name":"planeta-gifts","to_ping":"","pinged":"","post_modified":"2022-10-14 12:00:07","post_modified_gmt":"2022-10-14 10:00:07","post_content_filtered":"","post_parent":0,"guid":"http:\/\/dev.claret.cat\/editorial\/planeta-gifts\/","menu_order":0,"post_type":"editorial","post_mime_type":"","comment_count":"0","filter":"raw"}],"autores-libros":[{"ID":162844,"post_author":"3","post_date":"2022-10-14 17:34:15","post_date_gmt":"2022-10-14 15:34:15","post_content":"","post_title":"LYONA","post_excerpt":"","post_status":"publish","comment_status":"closed","ping_status":"closed","post_password":"","post_name":"lyona","to_ping":"","pinged":"","post_modified":"2022-10-14 17:34:15","post_modified_gmt":"2022-10-14 15:34:15","post_content_filtered":"","post_parent":0,"guid":"http:\/\/dev.claret.cat\/autor\/lyona\/","menu_order":0,"post_type":"autor","post_mime_type":"","comment_count":"0","filter":"raw"}]},"aioseo_notices":[],"_links":{"self":[{"href":"https:\/\/www.claret.cat\/es\/wp-json\/wp\/v2\/product\/303339","targetHints":{"allow":["GET"]}}],"collection":[{"href":"https:\/\/www.claret.cat\/es\/wp-json\/wp\/v2\/product"}],"about":[{"href":"https:\/\/www.claret.cat\/es\/wp-json\/wp\/v2\/types\/product"}],"wp:featuredmedia":[{"embeddable":true,"href":"https:\/\/www.claret.cat\/es\/wp-json\/wp\/v2\/media\/303340"}],"wp:attachment":[{"href":"https:\/\/www.claret.cat\/es\/wp-json\/wp\/v2\/media?parent=303339"}],"wp:term":[{"taxonomy":"product_brand","embeddable":true,"href":"https:\/\/www.claret.cat\/es\/wp-json\/wp\/v2\/product_brand?post=303339"},{"taxonomy":"product_cat","embeddable":true,"href":"https:\/\/www.claret.cat\/es\/wp-json\/wp\/v2\/product_cat?post=303339"},{"taxonomy":"product_tag","embeddable":true,"href":"https:\/\/www.claret.cat\/es\/wp-json\/wp\/v2\/product_tag?post=303339"}],"curies":[{"name":"wp","href":"https:\/\/api.w.org\/{rel}","templated":true}]}}