{"id":303358,"date":"2022-12-16T04:13:28","date_gmt":"2022-12-16T03:13:28","guid":{"rendered":"http:\/\/dev.claret.cat\/llibre\/pablo-vi-en-el-corazon-9788417204242\/"},"modified":"2025-07-10T13:16:01","modified_gmt":"2025-07-10T11:16:01","slug":"pablo-vi-en-el-corazon-9788417204242","status":"publish","type":"product","link":"https:\/\/www.claret.cat\/es\/libro\/pablo-vi-en-el-corazon-9788417204242\/","title":{"rendered":"PABLO VI EN EL CORAZ\u00d3N"},"content":{"rendered":"<p>Con motivo de la canonizaci\u00f3n de Pablo VI, Jos\u00e9-Rom\u00e1n Flecha nos abre las puertas de un papado que marc\u00f3 un antes y un despu\u00e9s en la historia de la Iglesia, tanto con el Concilio Vaticano II como por sus enc\u00edclicas y escritos.<br \/>Jos\u00e9-Rom\u00e1n Flecha Andr\u00e9s nace en 1941 y se ordena como sacerdote en 1964. Es licenciado en Teolog\u00eda por la Universidad Gregoriana (Roma) y en Filosof\u00eda por la Universidad de Santo Tom\u00e1s (Roma). En 1973 se doctora en Teolog\u00eda Moral por la Academia Alfonsiana de Roma. Es catedr\u00e1tico de la Universidad Pontificia de Salamanca.<br \/>Obras publicadas en Edibesa: La familia, hogar de la misericordia, Mar\u00eda en la Biblia y en los Padres de la Iglesia, El sacerdote en el pueblo de Dios, El esp\u00edritu de Juana Jugan, San Pablo y los convertidos de la Biblia, De la cruz a la luz, Palabras de vida, Dios con nosotros, Hijo de Dios, Mes\u00edas y Se\u00f1or, De la cruz a la luz. 20 viacrucis.<\/p>\n","protected":false},"excerpt":{"rendered":"<p>FLECHA, JOS\u00c9- ROMAN<\/p>\n","protected":false},"featured_media":394431,"template":"","meta":{"_acf_changed":false,"om_disable_all_campaigns":false,"rs_blank_template":"","rs_page_bg_color":"","slide_template_v7":"","inline_featured_image":false,"_monsterinsights_skip_tracking":false,"_monsterinsights_sitenote_active":false,"_monsterinsights_sitenote_note":"","_monsterinsights_sitenote_category":0},"product_brand":[],"product_cat":[93,543,545,95],"product_tag":[],"class_list":{"0":"post-303358","1":"product","2":"type-product","3":"status-publish","4":"has-post-thumbnail","6":"product_cat-eclesiologia","7":"product_cat-eclesiologia-es","8":"product_cat-santoral-1_espiritualidad-spa","9":"product_cat-santoral","11":"first","12":"instock","13":"taxable","14":"shipping-taxable","15":"purchasable","16":"product-type-simple"},"acf":{"autor":"FLECHA, JOS\u00c9- ROMAN","codart":"841720424","libros-coleccion":"Vidas y semblanzas","ediciones":"1","encuadernacion":"R\u00fastica","fecha_de_publicacion":"01\/05\/2019","novedad":"1","paginas":"140","subtitulo":"","orden":"0","portada":"0","idioma":"spa","editorial":[{"ID":147774,"post_author":"3","post_date":"2022-10-14 11:53:07","post_date_gmt":"2022-10-14 09:53:07","post_content":"","post_title":"EDIBESA","post_excerpt":"","post_status":"publish","comment_status":"closed","ping_status":"closed","post_password":"","post_name":"edibesa","to_ping":"","pinged":"","post_modified":"2022-10-14 11:53:07","post_modified_gmt":"2022-10-14 09:53:07","post_content_filtered":"","post_parent":0,"guid":"http:\/\/dev.claret.cat\/editorial\/edibesa\/","menu_order":0,"post_type":"editorial","post_mime_type":"","comment_count":"0","filter":"raw"}],"autores-libros":[{"ID":5649,"post_author":"3","post_date":"2022-07-28 17:28:31","post_date_gmt":"2022-07-28 15:28:31","post_content":"","post_title":"JOS\u00c9- ROMAN FLECHA","post_excerpt":"","post_status":"publish","comment_status":"closed","ping_status":"closed","post_password":"","post_name":"jose-roman-flecha","to_ping":"","pinged":"","post_modified":"2022-07-28 17:28:31","post_modified_gmt":"2022-07-28 15:28:31","post_content_filtered":"","post_parent":0,"guid":"http:\/\/dev.claret.cat\/autor\/jose-roman-flecha\/","menu_order":0,"post_type":"autor","post_mime_type":"","comment_count":"0","filter":"raw"}],"booktrailer":"","resenas":""},"aioseo_notices":[],"_links":{"self":[{"href":"https:\/\/www.claret.cat\/es\/wp-json\/wp\/v2\/product\/303358","targetHints":{"allow":["GET"]}}],"collection":[{"href":"https:\/\/www.claret.cat\/es\/wp-json\/wp\/v2\/product"}],"about":[{"href":"https:\/\/www.claret.cat\/es\/wp-json\/wp\/v2\/types\/product"}],"wp:featuredmedia":[{"embeddable":true,"href":"https:\/\/www.claret.cat\/es\/wp-json\/wp\/v2\/media\/394431"}],"wp:attachment":[{"href":"https:\/\/www.claret.cat\/es\/wp-json\/wp\/v2\/media?parent=303358"}],"wp:term":[{"taxonomy":"product_brand","embeddable":true,"href":"https:\/\/www.claret.cat\/es\/wp-json\/wp\/v2\/product_brand?post=303358"},{"taxonomy":"product_cat","embeddable":true,"href":"https:\/\/www.claret.cat\/es\/wp-json\/wp\/v2\/product_cat?post=303358"},{"taxonomy":"product_tag","embeddable":true,"href":"https:\/\/www.claret.cat\/es\/wp-json\/wp\/v2\/product_tag?post=303358"}],"curies":[{"name":"wp","href":"https:\/\/api.w.org\/{rel}","templated":true}]}}