{"id":303376,"date":"2022-12-16T04:14:14","date_gmt":"2022-12-16T03:14:14","guid":{"rendered":"http:\/\/dev.claret.cat\/llibre\/viaje-a-shambhalla-el-mensaje-de-los-maestros-realizados-a-nuestra-humanidad-9788417230500\/"},"modified":"2023-01-28T03:45:16","modified_gmt":"2023-01-28T02:45:16","slug":"viaje-a-shambhalla-el-mensaje-de-los-maestros-realizados-a-nuestra-humanidad-9788417230500","status":"publish","type":"product","link":"https:\/\/www.claret.cat\/es\/libro\/viaje-a-shambhalla-el-mensaje-de-los-maestros-realizados-a-nuestra-humanidad-9788417230500\/","title":{"rendered":"VIAJE A SHAMBHALLA. EL MENSAJE DE LOS MAESTROS REALIZADOS A NUESTRA HUMANIDAD"},"content":{"rendered":"<p>Mediante sucesivos regresos a los archivos de la Memoria Ak\u00e1sica, Daniel Meurois analiza las ense\u00f1anzas all\u00e1 recibidas desvelando y propagando los conocimientos que hasta hoy permanec\u00edan relegados al reino del ocultismo.<br \/>En esta obra, el lector conocer\u00e1 progresivamente las diversas respuestas a las preguntas m\u00e1s importantes que jam\u00e1s se ha planteado el ser humano.<\/p>\n","protected":false},"excerpt":{"rendered":"<p>MEUROIS, DANIEL<\/p>\n","protected":false},"featured_media":303377,"template":"","meta":{"_acf_changed":false,"om_disable_all_campaigns":false,"rs_blank_template":"","rs_page_bg_color":"","slide_template_v7":"","inline_featured_image":false,"_monsterinsights_skip_tracking":false,"_monsterinsights_sitenote_active":false,"_monsterinsights_sitenote_note":"","_monsterinsights_sitenote_category":0},"product_brand":[],"product_cat":[90,540,544,94],"product_tag":[],"class_list":{"0":"post-303376","1":"product","2":"type-product","3":"status-publish","4":"has-post-thumbnail","6":"product_cat-altres","7":"product_cat-otros","8":"product_cat-religiones","9":"product_cat-religions","11":"first","12":"instock","13":"taxable","14":"shipping-taxable","15":"purchasable","16":"product-type-simple"},"acf":{"autor":"MEUROIS, DANIEL","codart":"841723050","libros-coleccion":"ISTHAR LUNA","ediciones":"1","encuadernacion":"R\u00fastica","fecha_de_publicacion":"01\/06\/2019","novedad":"1","paginas":"300","subtitulo":"","orden":"0","portada":"0","idioma":"spa","editorial":[{"ID":147354,"post_author":"3","post_date":"2022-10-14 11:49:55","post_date_gmt":"2022-10-14 09:49:55","post_content":"","post_title":"(161).ISTHAR LUNA-SOL","post_excerpt":"","post_status":"publish","comment_status":"closed","ping_status":"closed","post_password":"","post_name":"161-isthar-luna-sol","to_ping":"","pinged":"","post_modified":"2022-10-14 11:49:55","post_modified_gmt":"2022-10-14 09:49:55","post_content_filtered":"","post_parent":0,"guid":"http:\/\/dev.claret.cat\/editorial\/161-isthar-luna-sol\/","menu_order":0,"post_type":"editorial","post_mime_type":"","comment_count":"0","filter":"raw"}],"autores-libros":[{"ID":153614,"post_author":"3","post_date":"2022-10-14 14:58:09","post_date_gmt":"2022-10-14 12:58:09","post_content":"","post_title":"DANIEL MEUROIS","post_excerpt":"","post_status":"publish","comment_status":"closed","ping_status":"closed","post_password":"","post_name":"daniel-meurois","to_ping":"","pinged":"","post_modified":"2022-10-14 14:58:09","post_modified_gmt":"2022-10-14 12:58:09","post_content_filtered":"","post_parent":0,"guid":"http:\/\/dev.claret.cat\/autor\/daniel-meurois\/","menu_order":0,"post_type":"autor","post_mime_type":"","comment_count":"0","filter":"raw"}]},"aioseo_notices":[],"_links":{"self":[{"href":"https:\/\/www.claret.cat\/es\/wp-json\/wp\/v2\/product\/303376","targetHints":{"allow":["GET"]}}],"collection":[{"href":"https:\/\/www.claret.cat\/es\/wp-json\/wp\/v2\/product"}],"about":[{"href":"https:\/\/www.claret.cat\/es\/wp-json\/wp\/v2\/types\/product"}],"wp:featuredmedia":[{"embeddable":true,"href":"https:\/\/www.claret.cat\/es\/wp-json\/wp\/v2\/media\/303377"}],"wp:attachment":[{"href":"https:\/\/www.claret.cat\/es\/wp-json\/wp\/v2\/media?parent=303376"}],"wp:term":[{"taxonomy":"product_brand","embeddable":true,"href":"https:\/\/www.claret.cat\/es\/wp-json\/wp\/v2\/product_brand?post=303376"},{"taxonomy":"product_cat","embeddable":true,"href":"https:\/\/www.claret.cat\/es\/wp-json\/wp\/v2\/product_cat?post=303376"},{"taxonomy":"product_tag","embeddable":true,"href":"https:\/\/www.claret.cat\/es\/wp-json\/wp\/v2\/product_tag?post=303376"}],"curies":[{"name":"wp","href":"https:\/\/api.w.org\/{rel}","templated":true}]}}