{"id":303391,"date":"2022-12-16T04:14:51","date_gmt":"2022-12-16T03:14:51","guid":{"rendered":"http:\/\/dev.claret.cat\/llibre\/charles-manson-9788417247430\/"},"modified":"2023-01-28T19:19:54","modified_gmt":"2023-01-28T18:19:54","slug":"charles-manson-9788417247430","status":"publish","type":"product","link":"https:\/\/www.claret.cat\/es\/libro\/charles-manson-9788417247430\/","title":{"rendered":"CHARLES MANSON"},"content":{"rendered":"<p>Charles Manson pudo ser una estrella del rock y termin\u00f3 si\u00e9ndolo a su manera. Este c\u00f3mic cuenta su historia. Predicaba el \u00abHelter Skelter\u00bb, una mezcla de ocultismo, filosof\u00eda hippie  y apocalipsis que tom\u00f3 de una canci\u00f3n de los Beatles. Su magnetismo le  sirvi\u00f3 para guiar a la Familia Manson hasta el asesinato del matrimonio  La Bianca y de la actriz Sharon Tate, que entonces esperaba un hijo de Roman Polanski. Emblema de la locura y lo macabro, Manson se convirti\u00f3 en vida en una  estrella medi\u00e1tica del crimen, y su figura contin\u00faa hoy atrapando a todo aquel que se acerca a ella.<\/p>\n","protected":false},"excerpt":{"rendered":"<p>DOM\u00cdNGUEZ, DAVID \/ CASTRO, FABIO<\/p>\n","protected":false},"featured_media":303392,"template":"","meta":{"_acf_changed":false,"om_disable_all_campaigns":false,"rs_blank_template":"","rs_page_bg_color":"","slide_template_v7":"","inline_featured_image":false,"_monsterinsights_skip_tracking":false,"_monsterinsights_sitenote_active":false,"_monsterinsights_sitenote_note":"","_monsterinsights_sitenote_category":0},"product_brand":[],"product_cat":[549,99,558,108],"product_tag":[],"class_list":{"0":"post-303391","1":"product","2":"type-product","3":"status-publish","4":"has-post-thumbnail","6":"product_cat-biografias","7":"product_cat-biografies","8":"product_cat-comic-3_infantil-juvenil-spa-spa","9":"product_cat-comic","11":"first","12":"instock","13":"taxable","14":"shipping-taxable","15":"purchasable","16":"product-type-simple"},"acf":{"autor":"DOM\u00cdNGUEZ, DAVID \/ CASTRO, FABIO","codart":"841724743","libros-coleccion":"Random C\u00f3mics","ediciones":"1","encuadernacion":"Carton\u00e9","fecha_de_publicacion":"01\/05\/2019","novedad":"1","paginas":"0","subtitulo":"UNA BIOGRAF\u00cdA","orden":"0","portada":"0","idioma":"spa","editorial":[{"ID":148729,"post_author":"3","post_date":"2022-10-14 12:00:31","post_date_gmt":"2022-10-14 10:00:31","post_content":"","post_title":"Random C\u00f3mic","post_excerpt":"","post_status":"publish","comment_status":"closed","ping_status":"closed","post_password":"","post_name":"random-comic","to_ping":"","pinged":"","post_modified":"2022-10-14 12:00:31","post_modified_gmt":"2022-10-14 10:00:31","post_content_filtered":"","post_parent":0,"guid":"http:\/\/dev.claret.cat\/editorial\/random-comic\/","menu_order":0,"post_type":"editorial","post_mime_type":"","comment_count":"0","filter":"raw"}],"autores-libros":[{"ID":155608,"post_author":"3","post_date":"2022-10-14 15:14:11","post_date_gmt":"2022-10-14 13:14:11","post_content":"","post_title":"FABIO CASTRO","post_excerpt":"","post_status":"publish","comment_status":"closed","ping_status":"closed","post_password":"","post_name":"fabio-castro","to_ping":"","pinged":"","post_modified":"2022-10-14 15:14:11","post_modified_gmt":"2022-10-14 13:14:11","post_content_filtered":"","post_parent":0,"guid":"http:\/\/dev.claret.cat\/autor\/fabio-castro\/","menu_order":0,"post_type":"autor","post_mime_type":"","comment_count":"0","filter":"raw"},{"ID":153798,"post_author":"3","post_date":"2022-10-14 14:59:37","post_date_gmt":"2022-10-14 12:59:37","post_content":"","post_title":"DAVID DOM\u00cdNGUEZ","post_excerpt":"","post_status":"publish","comment_status":"closed","ping_status":"closed","post_password":"","post_name":"david-dominguez","to_ping":"","pinged":"","post_modified":"2022-10-14 14:59:37","post_modified_gmt":"2022-10-14 12:59:37","post_content_filtered":"","post_parent":0,"guid":"http:\/\/dev.claret.cat\/autor\/david-dominguez\/","menu_order":0,"post_type":"autor","post_mime_type":"","comment_count":"0","filter":"raw"}]},"aioseo_notices":[],"_links":{"self":[{"href":"https:\/\/www.claret.cat\/es\/wp-json\/wp\/v2\/product\/303391","targetHints":{"allow":["GET"]}}],"collection":[{"href":"https:\/\/www.claret.cat\/es\/wp-json\/wp\/v2\/product"}],"about":[{"href":"https:\/\/www.claret.cat\/es\/wp-json\/wp\/v2\/types\/product"}],"wp:featuredmedia":[{"embeddable":true,"href":"https:\/\/www.claret.cat\/es\/wp-json\/wp\/v2\/media\/303392"}],"wp:attachment":[{"href":"https:\/\/www.claret.cat\/es\/wp-json\/wp\/v2\/media?parent=303391"}],"wp:term":[{"taxonomy":"product_brand","embeddable":true,"href":"https:\/\/www.claret.cat\/es\/wp-json\/wp\/v2\/product_brand?post=303391"},{"taxonomy":"product_cat","embeddable":true,"href":"https:\/\/www.claret.cat\/es\/wp-json\/wp\/v2\/product_cat?post=303391"},{"taxonomy":"product_tag","embeddable":true,"href":"https:\/\/www.claret.cat\/es\/wp-json\/wp\/v2\/product_tag?post=303391"}],"curies":[{"name":"wp","href":"https:\/\/api.w.org\/{rel}","templated":true}]}}